{"id":2185,"date":"2014-07-15T14:55:14","date_gmt":"2014-07-15T14:55:14","guid":{"rendered":"http:\/\/aligator.cristaleria-aligator.com\/?page_id=2185"},"modified":"2015-09-10T13:16:44","modified_gmt":"2015-09-10T13:16:44","slug":"vertikal-markisen-model-zip-f-fm-and-v-fm","status":"publish","type":"page","link":"https:\/\/grupo-aligator.com\/de\/vertikal-markisen-model-zip-f-fm-and-v-fm\/","title":{"rendered":"Vertikal-Markisen Model zip F-FM &#038; V-FM"},"content":{"rendered":"<div id=\"aligator-logo-de\"><\/div>\n<div class=\"toldos-top-logo\"><img decoding=\"async\" src=\"\/wp-content\/uploads\/2013\/09\/warema-logo.png\" \/><\/div>\n<div id=\"toldos-aligator-description\">\n<p>Die seitliche F\u00fchrung erfolgt \u00fcber einen am Stoff angeschwei\u00dften Rei\u00dfverschluss und ein innerhalb der F\u00fchrungsschiene liegendes, flexibles Inlay aus PVC. Durch diese Art der F\u00fchrung wird die Stabilit\u00e4t erh\u00f6ht und ein st\u00f6render Lichtspalt zwischen Markisentuch und F\u00fchrung verhindert. Typ V-FM: WAREMA Vorbau-Fenster-Markisen (V-FM) eignen sich hervorragend zur direkten Montage in Laibungen oder auf Fassaden. Typ F-FM: WAREMA freitragende Fenster-Markisen (F-FM) lassen sich in nahezu jede Fassade integrieren. Die Befestigung erfolgt mittels F\u00fchrungsschienenhalter bis 300 mm vor der Fassade.<\/p>\n<\/div>\n<div class=\"toldos-gallery\"><div class=\"DOPThumbnailGalleryContainer\" id=\"DOPThumbnailGallery30\">\n                                 <a href=\"https:\/\/grupo-aligator.com\/wp-content\/plugins\/_doptg\/frontend-ajax.php\" class=\"Settings\"><\/a>\n                                 <ul class=\"Content\" style=\"display:none;\"><li>\n                                                    <img class=\"Image\" src=\"https:\/\/grupo-aligator.com\/wp-content\/plugins\/_doptg\/uploads\/En8cYDBA64n36XRFgndgsTnLO4nXsHaXZEkWpCztpTee3eLQR1KMrLeNc4bB8Effx.jpg\" alt=\"\" title=\"\" \/>\n                                                    <img class=\"Thumb\" src=\"https:\/\/grupo-aligator.com\/wp-content\/plugins\/_doptg\/uploads\/thumbs\/En8cYDBA64n36XRFgndgsTnLO4nXsHaXZEkWpCztpTee3eLQR1KMrLeNc4bB8Effx.jpg\" alt=\"\" title=\"\" \/>\n                                                    <span class=\"CaptionTitle\"><\/span>\n                                                    <span class=\"CaptionText\"><\/span>\n                                                    <span class=\"Media\"><\/span>\n                                                    <span class=\"LightboxMedia\"><\/span>\n                                                 <\/li><li>\n                                                    <img class=\"Image\" src=\"https:\/\/grupo-aligator.com\/wp-content\/plugins\/_doptg\/uploads\/XfEq8twQBLhXX5t42cnt1rEL6gd4ZeGwcO342n8gGHLkzyKGNZTOYYsfBWGygE91Y.jpg\" alt=\"\" title=\"\" \/>\n                                                    <img class=\"Thumb\" src=\"https:\/\/grupo-aligator.com\/wp-content\/plugins\/_doptg\/uploads\/thumbs\/XfEq8twQBLhXX5t42cnt1rEL6gd4ZeGwcO342n8gGHLkzyKGNZTOYYsfBWGygE91Y.jpg\" alt=\"\" title=\"\" \/>\n                                                    <span class=\"CaptionTitle\"><\/span>\n                                                    <span class=\"CaptionText\"><\/span>\n                                                    <span class=\"Media\"><\/span>\n                                                    <span class=\"LightboxMedia\"><\/span>\n                                                 <\/li><\/ul>\n                             <\/div>\n                             <script type=\"text\/JavaScript\">\n                                 jQuery(document).ready(function(){\n                                     jQuery('#DOPThumbnailGallery30').DOPThumbnailGallery();\n                                 });\n                             <\/script><\/div>\n","protected":false},"excerpt":{"rendered":"<p>Die seitliche F\u00fchrung erfolgt \u00fcber einen am Stoff angeschwei\u00dften Rei\u00dfverschluss und ein innerhalb der F\u00fchrungsschiene liegendes, flexibles Inlay aus PVC. Durch diese Art der F\u00fchrung wird die Stabilit\u00e4t erh\u00f6ht und ein st\u00f6render Lichtspalt zwischen Markisentuch und F\u00fchrung verhindert. Typ V-FM: WAREMA Vorbau-Fenster-Markisen (V-FM) eignen sich hervorragend zur direkten Montage in Laibungen oder auf Fassaden. Typ F-FM: WAREMA freitragende Fenster-Markisen (F-FM) lassen sich in nahezu jede Fassade integrieren. Die Befestigung<span class=\"ellipsis\">&hellip;<\/span><\/p>\n<div class=\"read-more\"><a href=\"https:\/\/grupo-aligator.com\/de\/vertikal-markisen-model-zip-f-fm-and-v-fm\/\">Read More&#8230;<\/a><\/div>\n<p><!-- end of .read-more --><\/p>\n","protected":false},"author":1,"featured_media":0,"parent":0,"menu_order":0,"comment_status":"open","ping_status":"open","template":"content-page.php","meta":[],"yoast_head":"<!-- This site is optimized with the Yoast SEO plugin v19.11 - https:\/\/yoast.com\/wordpress\/plugins\/seo\/ -->\n<title>Vertikal-Markisen Model zip F-FM &amp; V-FM Mijas, Tarifa, Malaga, Marbella, Torrox - Cristaleria Aligator<\/title>\n<meta name=\"description\" content=\"Vertikal-Markisen Model zip F-FM &amp; V-FM Mijas, Tarifa, Malaga, Marbella, Torrox - Cristaleria Aligator Wintergarten und Terrassenverglasung auch in Sotogrande Costa del Sol\" \/>\n<meta name=\"robots\" content=\"index, follow, max-snippet:-1, max-image-preview:large, max-video-preview:-1\" \/>\n<link rel=\"canonical\" href=\"https:\/\/grupo-aligator.com\/de\/vertikal-markisen-model-zip-f-fm-and-v-fm\/\" \/>\n<meta property=\"og:locale\" content=\"de_DE\" \/>\n<meta property=\"og:type\" content=\"article\" \/>\n<meta property=\"og:title\" content=\"Vertikal-Markisen Model zip F-FM &amp; V-FM Mijas, Tarifa, Malaga, Marbella, Torrox - Cristaleria Aligator\" \/>\n<meta property=\"og:description\" content=\"Vertikal-Markisen Model zip F-FM &amp; V-FM Mijas, Tarifa, Malaga, Marbella, Torrox - Cristaleria Aligator Wintergarten und Terrassenverglasung auch in Sotogrande Costa del Sol\" \/>\n<meta property=\"og:url\" content=\"https:\/\/grupo-aligator.com\/de\/vertikal-markisen-model-zip-f-fm-and-v-fm\/\" \/>\n<meta property=\"article:modified_time\" content=\"2015-09-10T13:16:44+00:00\" \/>\n<meta name=\"twitter:card\" content=\"summary_large_image\" \/>\n<script type=\"application\/ld+json\" class=\"yoast-schema-graph\">{\"@context\":\"https:\/\/schema.org\",\"@graph\":[{\"@type\":\"WebPage\",\"@id\":\"https:\/\/grupo-aligator.com\/de\/vertikal-markisen-model-zip-f-fm-and-v-fm\/\",\"url\":\"https:\/\/grupo-aligator.com\/de\/vertikal-markisen-model-zip-f-fm-and-v-fm\/\",\"name\":\"Vertikal-Markisen Model zip F-FM & V-FM Mijas, Tarifa, Malaga, Marbella, Torrox - Cristaleria Aligator\",\"isPartOf\":{\"@id\":\"https:\/\/grupo-aligator.com\/de\/#website\"},\"datePublished\":\"2014-07-15T14:55:14+00:00\",\"dateModified\":\"2015-09-10T13:16:44+00:00\",\"description\":\"Vertikal-Markisen Model zip F-FM & V-FM Mijas, Tarifa, Malaga, Marbella, Torrox - Cristaleria Aligator Wintergarten und Terrassenverglasung auch in Sotogrande Costa del Sol\",\"breadcrumb\":{\"@id\":\"https:\/\/grupo-aligator.com\/de\/vertikal-markisen-model-zip-f-fm-and-v-fm\/#breadcrumb\"},\"inLanguage\":\"de\",\"potentialAction\":[{\"@type\":\"ReadAction\",\"target\":[\"https:\/\/grupo-aligator.com\/de\/vertikal-markisen-model-zip-f-fm-and-v-fm\/\"]}]},{\"@type\":\"BreadcrumbList\",\"@id\":\"https:\/\/grupo-aligator.com\/de\/vertikal-markisen-model-zip-f-fm-and-v-fm\/#breadcrumb\",\"itemListElement\":[{\"@type\":\"ListItem\",\"position\":1,\"name\":\"Home\",\"item\":\"https:\/\/grupo-aligator.com\/de\/\"},{\"@type\":\"ListItem\",\"position\":2,\"name\":\"Vertikal-Markisen Model zip F-FM &#038; V-FM\"}]},{\"@type\":\"WebSite\",\"@id\":\"https:\/\/grupo-aligator.com\/de\/#website\",\"url\":\"https:\/\/grupo-aligator.com\/de\/\",\"name\":\"\",\"description\":\"\",\"publisher\":{\"@id\":\"https:\/\/grupo-aligator.com\/de\/#organization\"},\"potentialAction\":[{\"@type\":\"SearchAction\",\"target\":{\"@type\":\"EntryPoint\",\"urlTemplate\":\"https:\/\/grupo-aligator.com\/de\/?s={search_term_string}\"},\"query-input\":\"required name=search_term_string\"}],\"inLanguage\":\"de\"},{\"@type\":\"Organization\",\"@id\":\"https:\/\/grupo-aligator.com\/de\/#organization\",\"name\":\"Cristaleria Aligator S.L.\",\"url\":\"https:\/\/grupo-aligator.com\/de\/\",\"logo\":{\"@type\":\"ImageObject\",\"inLanguage\":\"de\",\"@id\":\"https:\/\/grupo-aligator.com\/de\/#\/schema\/logo\/image\/\",\"url\":\"http:\/\/grupo-aligator.com\/wp-content\/uploads\/2019\/11\/aligator-logo-de.png\",\"contentUrl\":\"http:\/\/grupo-aligator.com\/wp-content\/uploads\/2019\/11\/aligator-logo-de.png\",\"width\":150,\"height\":160,\"caption\":\"Cristaleria Aligator S.L.\"},\"image\":{\"@id\":\"https:\/\/grupo-aligator.com\/de\/#\/schema\/logo\/image\/\"}}]}<\/script>\n<!-- \/ Yoast SEO plugin. -->","yoast_head_json":{"title":"Vertikal-Markisen Model zip F-FM & V-FM Mijas, Tarifa, Malaga, Marbella, Torrox - Cristaleria Aligator","description":"Vertikal-Markisen Model zip F-FM & V-FM Mijas, Tarifa, Malaga, Marbella, Torrox - Cristaleria Aligator Wintergarten und Terrassenverglasung auch in Sotogrande Costa del Sol","robots":{"index":"index","follow":"follow","max-snippet":"max-snippet:-1","max-image-preview":"max-image-preview:large","max-video-preview":"max-video-preview:-1"},"canonical":"https:\/\/grupo-aligator.com\/de\/vertikal-markisen-model-zip-f-fm-and-v-fm\/","og_locale":"de_DE","og_type":"article","og_title":"Vertikal-Markisen Model zip F-FM & V-FM Mijas, Tarifa, Malaga, Marbella, Torrox - Cristaleria Aligator","og_description":"Vertikal-Markisen Model zip F-FM & V-FM Mijas, Tarifa, Malaga, Marbella, Torrox - Cristaleria Aligator Wintergarten und Terrassenverglasung auch in Sotogrande Costa del Sol","og_url":"https:\/\/grupo-aligator.com\/de\/vertikal-markisen-model-zip-f-fm-and-v-fm\/","article_modified_time":"2015-09-10T13:16:44+00:00","twitter_card":"summary_large_image","schema":{"@context":"https:\/\/schema.org","@graph":[{"@type":"WebPage","@id":"https:\/\/grupo-aligator.com\/de\/vertikal-markisen-model-zip-f-fm-and-v-fm\/","url":"https:\/\/grupo-aligator.com\/de\/vertikal-markisen-model-zip-f-fm-and-v-fm\/","name":"Vertikal-Markisen Model zip F-FM & V-FM Mijas, Tarifa, Malaga, Marbella, Torrox - Cristaleria Aligator","isPartOf":{"@id":"https:\/\/grupo-aligator.com\/de\/#website"},"datePublished":"2014-07-15T14:55:14+00:00","dateModified":"2015-09-10T13:16:44+00:00","description":"Vertikal-Markisen Model zip F-FM & V-FM Mijas, Tarifa, Malaga, Marbella, Torrox - Cristaleria Aligator Wintergarten und Terrassenverglasung auch in Sotogrande Costa del Sol","breadcrumb":{"@id":"https:\/\/grupo-aligator.com\/de\/vertikal-markisen-model-zip-f-fm-and-v-fm\/#breadcrumb"},"inLanguage":"de","potentialAction":[{"@type":"ReadAction","target":["https:\/\/grupo-aligator.com\/de\/vertikal-markisen-model-zip-f-fm-and-v-fm\/"]}]},{"@type":"BreadcrumbList","@id":"https:\/\/grupo-aligator.com\/de\/vertikal-markisen-model-zip-f-fm-and-v-fm\/#breadcrumb","itemListElement":[{"@type":"ListItem","position":1,"name":"Home","item":"https:\/\/grupo-aligator.com\/de\/"},{"@type":"ListItem","position":2,"name":"Vertikal-Markisen Model zip F-FM &#038; V-FM"}]},{"@type":"WebSite","@id":"https:\/\/grupo-aligator.com\/de\/#website","url":"https:\/\/grupo-aligator.com\/de\/","name":"","description":"","publisher":{"@id":"https:\/\/grupo-aligator.com\/de\/#organization"},"potentialAction":[{"@type":"SearchAction","target":{"@type":"EntryPoint","urlTemplate":"https:\/\/grupo-aligator.com\/de\/?s={search_term_string}"},"query-input":"required name=search_term_string"}],"inLanguage":"de"},{"@type":"Organization","@id":"https:\/\/grupo-aligator.com\/de\/#organization","name":"Cristaleria Aligator S.L.","url":"https:\/\/grupo-aligator.com\/de\/","logo":{"@type":"ImageObject","inLanguage":"de","@id":"https:\/\/grupo-aligator.com\/de\/#\/schema\/logo\/image\/","url":"http:\/\/grupo-aligator.com\/wp-content\/uploads\/2019\/11\/aligator-logo-de.png","contentUrl":"http:\/\/grupo-aligator.com\/wp-content\/uploads\/2019\/11\/aligator-logo-de.png","width":150,"height":160,"caption":"Cristaleria Aligator S.L."},"image":{"@id":"https:\/\/grupo-aligator.com\/de\/#\/schema\/logo\/image\/"}}]}},"_links":{"self":[{"href":"https:\/\/grupo-aligator.com\/de\/wp-json\/wp\/v2\/pages\/2185"}],"collection":[{"href":"https:\/\/grupo-aligator.com\/de\/wp-json\/wp\/v2\/pages"}],"about":[{"href":"https:\/\/grupo-aligator.com\/de\/wp-json\/wp\/v2\/types\/page"}],"author":[{"embeddable":true,"href":"https:\/\/grupo-aligator.com\/de\/wp-json\/wp\/v2\/users\/1"}],"replies":[{"embeddable":true,"href":"https:\/\/grupo-aligator.com\/de\/wp-json\/wp\/v2\/comments?post=2185"}],"version-history":[{"count":4,"href":"https:\/\/grupo-aligator.com\/de\/wp-json\/wp\/v2\/pages\/2185\/revisions"}],"predecessor-version":[{"id":4661,"href":"https:\/\/grupo-aligator.com\/de\/wp-json\/wp\/v2\/pages\/2185\/revisions\/4661"}],"wp:attachment":[{"href":"https:\/\/grupo-aligator.com\/de\/wp-json\/wp\/v2\/media?parent=2185"}],"curies":[{"name":"wp","href":"https:\/\/api.w.org\/{rel}","templated":true}]}}