{"id":2153,"date":"2014-07-15T14:02:13","date_gmt":"2014-07-15T14:02:13","guid":{"rendered":"http:\/\/aligator.cristaleria-aligator.com\/?page_id=2153"},"modified":"2015-12-18T10:08:12","modified_gmt":"2015-12-18T10:08:12","slug":"vertikal-markisen-warema","status":"publish","type":"page","link":"https:\/\/grupo-aligator.com\/de\/vertikal-markisen-warema\/","title":{"rendered":"Vertikal-Markisen Warema"},"content":{"rendered":"<div id=\"aligator-logo-de\"><\/div>\n<div class=\"toldos-top-logo\"><img decoding=\"async\" src=\"\/wp-content\/uploads\/2013\/09\/warema-logo.png\" alt=\"\" \/><\/div>\n<div id=\"toldos-aligator-description\" class=\"small-text-description\">\n<p>Senkrecht-Markisen von Warema sind funktionell und dezent &#8211; Sonnenschutz f\u00fcr senkrechte Fassaden und gro\u00dfe Fensterfronten.<br \/>\nEin sch\u00f6nes Detail: Statt in einem Kasten kann das Tuch auch hinter einer Rundblende verschwinden.<br \/>\nDie Dessins unserer Markisenkollektion sowie diverse Gestellfarben runden die Auswahl ab<\/p>\n<\/div>\n<div id=\"toldos-menu-content\">\n<div id=\"toldos-menu-line-1\">\n<div class=\"toldos-menu\"><a id=\"toldos-vertikal-markisen-menu-item-1\" href=\"http:\/\/grupo-aligator.com\/de\/vertikal-markisen-model-201-204\/\">Model 201 &#8211; 204<\/a><\/div>\n<div class=\"toldos-menu\"><a id=\"toldos-vertikal-markisen-menu-item-2\" href=\"http:\/\/grupo-aligator.com\/de\/vertikal-markisen-model-207\/\">Model 207<\/a><\/div>\n<div class=\"toldos-menu\"><a id=\"toldos-vertikal-markisen-menu-item-3\" href=\"http:\/\/grupo-aligator.com\/de\/vertikal-markisen-model-209\/\">Model 209<\/a><\/div>\n<\/div>\n<div id=\"toldos-menu-line-2\">\n<div class=\"toldos-menu\"><a id=\"toldos-vertikal-markisen-menu-item-4\" href=\"http:\/\/grupo-aligator.com\/de\/vertikal-markisen-model-450\/\">Model 450<\/a><\/div>\n<div class=\"toldos-menu\"><a id=\"toldos-vertikal-markisen-menu-item-5\" href=\"http:\/\/grupo-aligator.com\/de\/vertikal-markisen-model-470\/\">Model 470<\/a><\/div>\n<\/div>\n<div id=\"toldos-menu-line-3\">\n<div class=\"toldos-menu\"><a id=\"toldos-vertikal-markisen-menu-item-6\" href=\"http:\/\/grupo-aligator.com\/de\/vertikal-markisen-model-490\/\">Model 490<\/a><\/div>\n<\/div>\n<div id=\"toldos-menu-line-4\">\n<div class=\"toldos-menu\"><a id=\"toldos-vertikal-markisen-menu-item-7\" href=\"http:\/\/grupo-aligator.com\/de\/vertikal-markisen-model-499\/\">Model 499<\/a><\/div>\n<div class=\"toldos-menu\"><a id=\"toldos-vertikal-markisen-menu-item-8\" href=\"http:\/\/grupo-aligator.com\/de\/vertikal-markisen-model-zip-f-fm-and-v-fm\/\" style=\"font-size: 13px;\">Model zip F-FM &amp; V-FM<\/a><\/div>\n<\/div>\n<div id=\"toldos-menu-line-5\">\n<div class=\"toldos-menu\"><a id=\"toldos-vertikal-markisen-menu-item-9\" class=\"double-line\" href=\"http:\/\/grupo-aligator.com\/de\/vertikal-markisen-model-zip-stab-fuhrung\/\">Model zip Stab-F\u00fchrung<\/a><\/div>\n<\/div>\n<\/div>\n<div class=\"toldos-menu-images\">\n<p><img decoding=\"async\" id=\"toldos-vertikal-markisen-menu-item-1-img\" src=\"\/wp-content\/uploads\/2014\/07\/vertikal-markisen-warema-201-204.jpg\" alt=\"\" \/><\/p>\n<p><img decoding=\"async\" id=\"toldos-vertikal-markisen-menu-item-2-img\" src=\"\/wp-content\/uploads\/2014\/07\/vertikal-markisen-warema-207.jpg\" alt=\"\" \/><\/p>\n<p><img decoding=\"async\" id=\"toldos-vertikal-markisen-menu-item-3-img\" src=\"\/wp-content\/uploads\/2014\/07\/vertikal-markisen-warema-209.jpg\" alt=\"\" \/><\/p>\n<p><img decoding=\"async\" id=\"toldos-vertikal-markisen-menu-item-4-img\" src=\"\/wp-content\/uploads\/2014\/07\/vertikal-markisen-warema-450.jpg\" alt=\"\" \/><\/p>\n<p><img decoding=\"async\" id=\"toldos-vertikal-markisen-menu-item-5-img\" src=\"\/wp-content\/uploads\/2014\/07\/vertikal-markisen-warema-470.jpg\" alt=\"\" \/><\/p>\n<p><img decoding=\"async\" id=\"toldos-vertikal-markisen-menu-item-6-img\" src=\"\/wp-content\/uploads\/2014\/07\/vertikal-markisen-warema-490.jpg\" alt=\"\" \/><\/p>\n<p><img decoding=\"async\" id=\"toldos-vertikal-markisen-menu-item-7-img\" src=\"\/wp-content\/uploads\/2014\/07\/vertikal-markisen-warema-499.jpg\" alt=\"\" \/><\/p>\n<p><img decoding=\"async\" id=\"toldos-vertikal-markisen-menu-item-8-img\" src=\"\/wp-content\/uploads\/2014\/07\/vertikal-markisen-warema-f-fm-v-fm.jpg\" alt=\"\" \/><\/p>\n<p><img decoding=\"async\" id=\"toldos-vertikal-markisen-menu-item-9-img\" src=\"\/wp-content\/uploads\/2014\/07\/vertikal-markisen-warema-zip-stab-fuhrung.jpg\" alt=\"\" \/><\/p>\n<\/div>\n<p><script type=\"text\/javascript\">\/\/ <![CDATA[\n$(function() {\n    $('#toldos-vertikal-markisen-menu-item-1').hover(function() { \n        $('#toldos-vertikal-markisen-menu-item-1-img').show(); \n    }, function() { \n        $('#toldos-vertikal-markisen-menu-item-1-img').hide(); \n    });\n    $('#toldos-vertikal-markisen-menu-item-2').hover(function() { \n        $('#toldos-vertikal-markisen-menu-item-2-img').show(); \n    }, function() { \n        $('#toldos-vertikal-markisen-menu-item-2-img').hide(); \n    });\n    $('#toldos-vertikal-markisen-menu-item-3').hover(function() { \n        $('#toldos-vertikal-markisen-menu-item-3-img').show(); \n    }, function() { \n        $('#toldos-vertikal-markisen-menu-item-3-img').hide(); \n    });\n    $('#toldos-vertikal-markisen-menu-item-4').hover(function() { \n        $('#toldos-vertikal-markisen-menu-item-4-img').show(); \n    }, function() { \n        $('#toldos-vertikal-markisen-menu-item-4-img').hide(); \n    });\n    $('#toldos-vertikal-markisen-menu-item-5').hover(function() { \n        $('#toldos-vertikal-markisen-menu-item-5-img').show(); \n    }, function() { \n        $('#toldos-vertikal-markisen-menu-item-5-img').hide(); \n    });\n    $('#toldos-vertikal-markisen-menu-item-6').hover(function() { \n        $('#toldos-vertikal-markisen-menu-item-6-img').show(); \n    }, function() { \n        $('#toldos-vertikal-markisen-menu-item-6-img').hide(); \n    });\n    $('#toldos-vertikal-markisen-menu-item-7').hover(function() { \n        $('#toldos-vertikal-markisen-menu-item-7-img').show(); \n    }, function() { \n        $('#toldos-vertikal-markisen-menu-item-7-img').hide(); \n    });\n    $('#toldos-vertikal-markisen-menu-item-8').hover(function() { \n        $('#toldos-vertikal-markisen-menu-item-8-img').show(); \n    }, function() { \n        $('#toldos-vertikal-markisen-menu-item-8-img').hide(); \n    });\n    $('#toldos-vertikal-markisen-menu-item-9').hover(function() { \n        $('#toldos-vertikal-markisen-menu-item-9-img').show(); \n    }, function() { \n        $('#toldos-vertikal-markisen-menu-item-9-img').hide(); \n    });\n});\n\/\/ ]]><\/script><\/p>\n","protected":false},"excerpt":{"rendered":"<p>Senkrecht-Markisen von Warema sind funktionell und dezent &#8211; Sonnenschutz f\u00fcr senkrechte Fassaden und gro\u00dfe Fensterfronten. Ein sch\u00f6nes Detail: Statt in einem Kasten kann das Tuch auch hinter einer Rundblende verschwinden. Die Dessins unserer Markisenkollektion sowie diverse Gestellfarben runden die Auswahl ab Model 201 &#8211; 204 Model 207 Model 209 Model 450 Model 470 Model 490 Model 499 Model zip F-FM &amp; V-FM Model zip Stab-F\u00fchrung<\/p>\n","protected":false},"author":1,"featured_media":0,"parent":0,"menu_order":0,"comment_status":"open","ping_status":"open","template":"category-page.php","meta":[],"yoast_head":"<!-- This site is optimized with the Yoast SEO plugin v19.11 - https:\/\/yoast.com\/wordpress\/plugins\/seo\/ -->\n<title>Vertikal-Markisen Warema Mijas, Tarifa, Malaga, Marbella, Torrox - Cristaleria Aligator<\/title>\n<meta name=\"description\" content=\"Vertikal-Markisen Warema Mijas, Tarifa, Malaga, Marbella, Torrox - Cristaleria Aligator Wintergarten und Terrassenverglasung auch in Sotogrande Costa del Sol\" \/>\n<meta name=\"robots\" content=\"index, follow, max-snippet:-1, max-image-preview:large, max-video-preview:-1\" \/>\n<link rel=\"canonical\" href=\"https:\/\/grupo-aligator.com\/de\/vertikal-markisen-warema\/\" \/>\n<meta property=\"og:locale\" content=\"de_DE\" \/>\n<meta property=\"og:type\" content=\"article\" \/>\n<meta property=\"og:title\" content=\"Vertikal-Markisen Warema Mijas, Tarifa, Malaga, Marbella, Torrox - Cristaleria Aligator\" \/>\n<meta property=\"og:description\" content=\"Vertikal-Markisen Warema Mijas, Tarifa, Malaga, Marbella, Torrox - Cristaleria Aligator Wintergarten und Terrassenverglasung auch in Sotogrande Costa del Sol\" \/>\n<meta property=\"og:url\" content=\"https:\/\/grupo-aligator.com\/de\/vertikal-markisen-warema\/\" \/>\n<meta property=\"article:modified_time\" content=\"2015-12-18T10:08:12+00:00\" \/>\n<meta name=\"twitter:card\" content=\"summary_large_image\" \/>\n<script type=\"application\/ld+json\" class=\"yoast-schema-graph\">{\"@context\":\"https:\/\/schema.org\",\"@graph\":[{\"@type\":\"WebPage\",\"@id\":\"https:\/\/grupo-aligator.com\/de\/vertikal-markisen-warema\/\",\"url\":\"https:\/\/grupo-aligator.com\/de\/vertikal-markisen-warema\/\",\"name\":\"Vertikal-Markisen Warema Mijas, Tarifa, Malaga, Marbella, Torrox - Cristaleria Aligator\",\"isPartOf\":{\"@id\":\"https:\/\/grupo-aligator.com\/de\/#website\"},\"datePublished\":\"2014-07-15T14:02:13+00:00\",\"dateModified\":\"2015-12-18T10:08:12+00:00\",\"description\":\"Vertikal-Markisen Warema Mijas, Tarifa, Malaga, Marbella, Torrox - Cristaleria Aligator Wintergarten und Terrassenverglasung auch in Sotogrande Costa del Sol\",\"breadcrumb\":{\"@id\":\"https:\/\/grupo-aligator.com\/de\/vertikal-markisen-warema\/#breadcrumb\"},\"inLanguage\":\"de\",\"potentialAction\":[{\"@type\":\"ReadAction\",\"target\":[\"https:\/\/grupo-aligator.com\/de\/vertikal-markisen-warema\/\"]}]},{\"@type\":\"BreadcrumbList\",\"@id\":\"https:\/\/grupo-aligator.com\/de\/vertikal-markisen-warema\/#breadcrumb\",\"itemListElement\":[{\"@type\":\"ListItem\",\"position\":1,\"name\":\"Home\",\"item\":\"https:\/\/grupo-aligator.com\/de\/\"},{\"@type\":\"ListItem\",\"position\":2,\"name\":\"Vertikal-Markisen Warema\"}]},{\"@type\":\"WebSite\",\"@id\":\"https:\/\/grupo-aligator.com\/de\/#website\",\"url\":\"https:\/\/grupo-aligator.com\/de\/\",\"name\":\"\",\"description\":\"\",\"publisher\":{\"@id\":\"https:\/\/grupo-aligator.com\/de\/#organization\"},\"potentialAction\":[{\"@type\":\"SearchAction\",\"target\":{\"@type\":\"EntryPoint\",\"urlTemplate\":\"https:\/\/grupo-aligator.com\/de\/?s={search_term_string}\"},\"query-input\":\"required name=search_term_string\"}],\"inLanguage\":\"de\"},{\"@type\":\"Organization\",\"@id\":\"https:\/\/grupo-aligator.com\/de\/#organization\",\"name\":\"Cristaleria Aligator S.L.\",\"url\":\"https:\/\/grupo-aligator.com\/de\/\",\"logo\":{\"@type\":\"ImageObject\",\"inLanguage\":\"de\",\"@id\":\"https:\/\/grupo-aligator.com\/de\/#\/schema\/logo\/image\/\",\"url\":\"http:\/\/grupo-aligator.com\/wp-content\/uploads\/2019\/11\/aligator-logo-de.png\",\"contentUrl\":\"http:\/\/grupo-aligator.com\/wp-content\/uploads\/2019\/11\/aligator-logo-de.png\",\"width\":150,\"height\":160,\"caption\":\"Cristaleria Aligator S.L.\"},\"image\":{\"@id\":\"https:\/\/grupo-aligator.com\/de\/#\/schema\/logo\/image\/\"}}]}<\/script>\n<!-- \/ Yoast SEO plugin. -->","yoast_head_json":{"title":"Vertikal-Markisen Warema Mijas, Tarifa, Malaga, Marbella, Torrox - Cristaleria Aligator","description":"Vertikal-Markisen Warema Mijas, Tarifa, Malaga, Marbella, Torrox - Cristaleria Aligator Wintergarten und Terrassenverglasung auch in Sotogrande Costa del Sol","robots":{"index":"index","follow":"follow","max-snippet":"max-snippet:-1","max-image-preview":"max-image-preview:large","max-video-preview":"max-video-preview:-1"},"canonical":"https:\/\/grupo-aligator.com\/de\/vertikal-markisen-warema\/","og_locale":"de_DE","og_type":"article","og_title":"Vertikal-Markisen Warema Mijas, Tarifa, Malaga, Marbella, Torrox - Cristaleria Aligator","og_description":"Vertikal-Markisen Warema Mijas, Tarifa, Malaga, Marbella, Torrox - Cristaleria Aligator Wintergarten und Terrassenverglasung auch in Sotogrande Costa del Sol","og_url":"https:\/\/grupo-aligator.com\/de\/vertikal-markisen-warema\/","article_modified_time":"2015-12-18T10:08:12+00:00","twitter_card":"summary_large_image","schema":{"@context":"https:\/\/schema.org","@graph":[{"@type":"WebPage","@id":"https:\/\/grupo-aligator.com\/de\/vertikal-markisen-warema\/","url":"https:\/\/grupo-aligator.com\/de\/vertikal-markisen-warema\/","name":"Vertikal-Markisen Warema Mijas, Tarifa, Malaga, Marbella, Torrox - Cristaleria Aligator","isPartOf":{"@id":"https:\/\/grupo-aligator.com\/de\/#website"},"datePublished":"2014-07-15T14:02:13+00:00","dateModified":"2015-12-18T10:08:12+00:00","description":"Vertikal-Markisen Warema Mijas, Tarifa, Malaga, Marbella, Torrox - Cristaleria Aligator Wintergarten und Terrassenverglasung auch in Sotogrande Costa del Sol","breadcrumb":{"@id":"https:\/\/grupo-aligator.com\/de\/vertikal-markisen-warema\/#breadcrumb"},"inLanguage":"de","potentialAction":[{"@type":"ReadAction","target":["https:\/\/grupo-aligator.com\/de\/vertikal-markisen-warema\/"]}]},{"@type":"BreadcrumbList","@id":"https:\/\/grupo-aligator.com\/de\/vertikal-markisen-warema\/#breadcrumb","itemListElement":[{"@type":"ListItem","position":1,"name":"Home","item":"https:\/\/grupo-aligator.com\/de\/"},{"@type":"ListItem","position":2,"name":"Vertikal-Markisen Warema"}]},{"@type":"WebSite","@id":"https:\/\/grupo-aligator.com\/de\/#website","url":"https:\/\/grupo-aligator.com\/de\/","name":"","description":"","publisher":{"@id":"https:\/\/grupo-aligator.com\/de\/#organization"},"potentialAction":[{"@type":"SearchAction","target":{"@type":"EntryPoint","urlTemplate":"https:\/\/grupo-aligator.com\/de\/?s={search_term_string}"},"query-input":"required name=search_term_string"}],"inLanguage":"de"},{"@type":"Organization","@id":"https:\/\/grupo-aligator.com\/de\/#organization","name":"Cristaleria Aligator S.L.","url":"https:\/\/grupo-aligator.com\/de\/","logo":{"@type":"ImageObject","inLanguage":"de","@id":"https:\/\/grupo-aligator.com\/de\/#\/schema\/logo\/image\/","url":"http:\/\/grupo-aligator.com\/wp-content\/uploads\/2019\/11\/aligator-logo-de.png","contentUrl":"http:\/\/grupo-aligator.com\/wp-content\/uploads\/2019\/11\/aligator-logo-de.png","width":150,"height":160,"caption":"Cristaleria Aligator S.L."},"image":{"@id":"https:\/\/grupo-aligator.com\/de\/#\/schema\/logo\/image\/"}}]}},"_links":{"self":[{"href":"https:\/\/grupo-aligator.com\/de\/wp-json\/wp\/v2\/pages\/2153"}],"collection":[{"href":"https:\/\/grupo-aligator.com\/de\/wp-json\/wp\/v2\/pages"}],"about":[{"href":"https:\/\/grupo-aligator.com\/de\/wp-json\/wp\/v2\/types\/page"}],"author":[{"embeddable":true,"href":"https:\/\/grupo-aligator.com\/de\/wp-json\/wp\/v2\/users\/1"}],"replies":[{"embeddable":true,"href":"https:\/\/grupo-aligator.com\/de\/wp-json\/wp\/v2\/comments?post=2153"}],"version-history":[{"count":5,"href":"https:\/\/grupo-aligator.com\/de\/wp-json\/wp\/v2\/pages\/2153\/revisions"}],"predecessor-version":[{"id":5505,"href":"https:\/\/grupo-aligator.com\/de\/wp-json\/wp\/v2\/pages\/2153\/revisions\/5505"}],"wp:attachment":[{"href":"https:\/\/grupo-aligator.com\/de\/wp-json\/wp\/v2\/media?parent=2153"}],"curies":[{"name":"wp","href":"https:\/\/api.w.org\/{rel}","templated":true}]}}