{"id":2001,"date":"2014-07-15T12:41:19","date_gmt":"2014-07-15T12:41:19","guid":{"rendered":"http:\/\/aligator.cristaleria-aligator.com\/?page_id=2001"},"modified":"2015-05-21T08:06:13","modified_gmt":"2015-05-21T08:06:13","slug":"gelenkarm-markisen-llaza","status":"publish","type":"page","link":"https:\/\/grupo-aligator.com\/de\/gelenkarm-markisen-llaza\/","title":{"rendered":"Gelenkarm-Markisen"},"content":{"rendered":"<div id=\"aligator-logo-de\"><\/div>\n<div class=\"toldos-top-logo\"><img decoding=\"async\" src=\"\/wp-content\/uploads\/2013\/09\/llaza-logo.png\" alt=\"\" \/><\/div>\n<div id=\"toldos-aligator-description\">\n<p>Gelenkarmmarkisen, ob als offene Ausf\u00fchrung oder geschlossen mit einer Kassette k\u00f6nnen viel und sehen gut aus.<br \/>\n<span style=\"line-height: 1.5;\">In der w\u00e4hlbaren Ausf\u00fchrung mit oder ohne Volant, bleibt einfach kein Wunsch mehr offen.<br \/>\n<\/span><span style=\"line-height: 1.5;\">Die qualitativ hochwertigen Gelenkarmmarkisen sind perfekt f\u00fcr gro\u00dfe Beschattungsfl\u00e4chen geeignet.<br \/>\n<\/span><span style=\"line-height: 1.5;\">Bevorzugt empfehlen wir immer den Motorbetrieb in kombination mit einem Schwingsungssensor um bei zu viel Wind die Markise automatisch einzufahren.<\/span><\/p>\n<\/div>\n<div id=\"toldos-columns\">\n<div class=\"toldos-column-2\">\n<div class=\"toldos-column-logo\"><\/div>\n<div class=\"toldos-column-logo-text\">Kassetten-Markisen<\/div>\n<div class=\"toldos-column-image\"><a href=\"http:\/\/grupo-aligator.com\/de\/llaza-kassetten-markisen\/\"><img decoding=\"async\" src=\"\/wp-content\/uploads\/2013\/10\/llaza-kassetten-markisen.png\" alt=\"\" \/><\/a><\/div>\n<\/div>\n<div class=\"toldos-column-2\">\n<div class=\"toldos-column-logo\"><\/div>\n<div class=\"toldos-column-logo-text\">Offene-Markisen<\/div>\n<div class=\"toldos-column-image\"><a href=\"http:\/\/grupo-aligator.com\/de\/llaza-offene-markisen\/\"><img decoding=\"async\" src=\"\/wp-content\/uploads\/2013\/10\/llaza-offene-markisen.png\" alt=\"\" \/><\/a><\/div>\n<\/div>\n<\/div>\n","protected":false},"excerpt":{"rendered":"<p>Gelenkarmmarkisen, ob als offene Ausf\u00fchrung oder geschlossen mit einer Kassette k\u00f6nnen viel und sehen gut aus. In der w\u00e4hlbaren Ausf\u00fchrung mit oder ohne Volant, bleibt einfach kein Wunsch mehr offen. Die qualitativ hochwertigen Gelenkarmmarkisen sind perfekt f\u00fcr gro\u00dfe Beschattungsfl\u00e4chen geeignet. Bevorzugt empfehlen wir immer den Motorbetrieb in kombination mit einem Schwingsungssensor um bei zu viel Wind die Markise automatisch einzufahren. Kassetten-Markisen Offene-Markisen<\/p>\n","protected":false},"author":1,"featured_media":0,"parent":0,"menu_order":0,"comment_status":"open","ping_status":"open","template":"content-page.php","meta":[],"yoast_head":"<!-- This site is optimized with the Yoast SEO plugin v19.11 - https:\/\/yoast.com\/wordpress\/plugins\/seo\/ -->\n<title>Gelenkarm-Markisen Mijas, Tarifa, Malaga, Marbella, Torrox - Cristaleria Aligator<\/title>\n<meta name=\"description\" content=\"Gelenkarm-Markisen Mijas, Tarifa, Malaga, Marbella, Torrox - Cristaleria Aligator Wintergarten und Terrassenverglasung auch in Sotogrande Costa del Sol\" \/>\n<meta name=\"robots\" content=\"index, follow, max-snippet:-1, max-image-preview:large, max-video-preview:-1\" \/>\n<link rel=\"canonical\" href=\"https:\/\/grupo-aligator.com\/de\/gelenkarm-markisen-llaza\/\" \/>\n<meta property=\"og:locale\" content=\"de_DE\" \/>\n<meta property=\"og:type\" content=\"article\" \/>\n<meta property=\"og:title\" content=\"Gelenkarm-Markisen Mijas, Tarifa, Malaga, Marbella, Torrox - Cristaleria Aligator\" \/>\n<meta property=\"og:description\" content=\"Gelenkarm-Markisen Mijas, Tarifa, Malaga, Marbella, Torrox - Cristaleria Aligator Wintergarten und Terrassenverglasung auch in Sotogrande Costa del Sol\" \/>\n<meta property=\"og:url\" content=\"https:\/\/grupo-aligator.com\/de\/gelenkarm-markisen-llaza\/\" \/>\n<meta property=\"article:modified_time\" content=\"2015-05-21T08:06:13+00:00\" \/>\n<meta name=\"twitter:card\" content=\"summary_large_image\" \/>\n<script type=\"application\/ld+json\" class=\"yoast-schema-graph\">{\"@context\":\"https:\/\/schema.org\",\"@graph\":[{\"@type\":\"WebPage\",\"@id\":\"https:\/\/grupo-aligator.com\/de\/gelenkarm-markisen-llaza\/\",\"url\":\"https:\/\/grupo-aligator.com\/de\/gelenkarm-markisen-llaza\/\",\"name\":\"Gelenkarm-Markisen Mijas, Tarifa, Malaga, Marbella, Torrox - Cristaleria Aligator\",\"isPartOf\":{\"@id\":\"https:\/\/grupo-aligator.com\/de\/#website\"},\"datePublished\":\"2014-07-15T12:41:19+00:00\",\"dateModified\":\"2015-05-21T08:06:13+00:00\",\"description\":\"Gelenkarm-Markisen Mijas, Tarifa, Malaga, Marbella, Torrox - Cristaleria Aligator Wintergarten und Terrassenverglasung auch in Sotogrande Costa del Sol\",\"breadcrumb\":{\"@id\":\"https:\/\/grupo-aligator.com\/de\/gelenkarm-markisen-llaza\/#breadcrumb\"},\"inLanguage\":\"de\",\"potentialAction\":[{\"@type\":\"ReadAction\",\"target\":[\"https:\/\/grupo-aligator.com\/de\/gelenkarm-markisen-llaza\/\"]}]},{\"@type\":\"BreadcrumbList\",\"@id\":\"https:\/\/grupo-aligator.com\/de\/gelenkarm-markisen-llaza\/#breadcrumb\",\"itemListElement\":[{\"@type\":\"ListItem\",\"position\":1,\"name\":\"Home\",\"item\":\"https:\/\/grupo-aligator.com\/de\/\"},{\"@type\":\"ListItem\",\"position\":2,\"name\":\"Gelenkarm-Markisen\"}]},{\"@type\":\"WebSite\",\"@id\":\"https:\/\/grupo-aligator.com\/de\/#website\",\"url\":\"https:\/\/grupo-aligator.com\/de\/\",\"name\":\"\",\"description\":\"\",\"publisher\":{\"@id\":\"https:\/\/grupo-aligator.com\/de\/#organization\"},\"potentialAction\":[{\"@type\":\"SearchAction\",\"target\":{\"@type\":\"EntryPoint\",\"urlTemplate\":\"https:\/\/grupo-aligator.com\/de\/?s={search_term_string}\"},\"query-input\":\"required name=search_term_string\"}],\"inLanguage\":\"de\"},{\"@type\":\"Organization\",\"@id\":\"https:\/\/grupo-aligator.com\/de\/#organization\",\"name\":\"Cristaleria Aligator S.L.\",\"url\":\"https:\/\/grupo-aligator.com\/de\/\",\"logo\":{\"@type\":\"ImageObject\",\"inLanguage\":\"de\",\"@id\":\"https:\/\/grupo-aligator.com\/de\/#\/schema\/logo\/image\/\",\"url\":\"http:\/\/grupo-aligator.com\/wp-content\/uploads\/2019\/11\/aligator-logo-de.png\",\"contentUrl\":\"http:\/\/grupo-aligator.com\/wp-content\/uploads\/2019\/11\/aligator-logo-de.png\",\"width\":150,\"height\":160,\"caption\":\"Cristaleria Aligator S.L.\"},\"image\":{\"@id\":\"https:\/\/grupo-aligator.com\/de\/#\/schema\/logo\/image\/\"}}]}<\/script>\n<!-- \/ Yoast SEO plugin. -->","yoast_head_json":{"title":"Gelenkarm-Markisen Mijas, Tarifa, Malaga, Marbella, Torrox - Cristaleria Aligator","description":"Gelenkarm-Markisen Mijas, Tarifa, Malaga, Marbella, Torrox - Cristaleria Aligator Wintergarten und Terrassenverglasung auch in Sotogrande Costa del Sol","robots":{"index":"index","follow":"follow","max-snippet":"max-snippet:-1","max-image-preview":"max-image-preview:large","max-video-preview":"max-video-preview:-1"},"canonical":"https:\/\/grupo-aligator.com\/de\/gelenkarm-markisen-llaza\/","og_locale":"de_DE","og_type":"article","og_title":"Gelenkarm-Markisen Mijas, Tarifa, Malaga, Marbella, Torrox - Cristaleria Aligator","og_description":"Gelenkarm-Markisen Mijas, Tarifa, Malaga, Marbella, Torrox - Cristaleria Aligator Wintergarten und Terrassenverglasung auch in Sotogrande Costa del Sol","og_url":"https:\/\/grupo-aligator.com\/de\/gelenkarm-markisen-llaza\/","article_modified_time":"2015-05-21T08:06:13+00:00","twitter_card":"summary_large_image","schema":{"@context":"https:\/\/schema.org","@graph":[{"@type":"WebPage","@id":"https:\/\/grupo-aligator.com\/de\/gelenkarm-markisen-llaza\/","url":"https:\/\/grupo-aligator.com\/de\/gelenkarm-markisen-llaza\/","name":"Gelenkarm-Markisen Mijas, Tarifa, Malaga, Marbella, Torrox - Cristaleria Aligator","isPartOf":{"@id":"https:\/\/grupo-aligator.com\/de\/#website"},"datePublished":"2014-07-15T12:41:19+00:00","dateModified":"2015-05-21T08:06:13+00:00","description":"Gelenkarm-Markisen Mijas, Tarifa, Malaga, Marbella, Torrox - Cristaleria Aligator Wintergarten und Terrassenverglasung auch in Sotogrande Costa del Sol","breadcrumb":{"@id":"https:\/\/grupo-aligator.com\/de\/gelenkarm-markisen-llaza\/#breadcrumb"},"inLanguage":"de","potentialAction":[{"@type":"ReadAction","target":["https:\/\/grupo-aligator.com\/de\/gelenkarm-markisen-llaza\/"]}]},{"@type":"BreadcrumbList","@id":"https:\/\/grupo-aligator.com\/de\/gelenkarm-markisen-llaza\/#breadcrumb","itemListElement":[{"@type":"ListItem","position":1,"name":"Home","item":"https:\/\/grupo-aligator.com\/de\/"},{"@type":"ListItem","position":2,"name":"Gelenkarm-Markisen"}]},{"@type":"WebSite","@id":"https:\/\/grupo-aligator.com\/de\/#website","url":"https:\/\/grupo-aligator.com\/de\/","name":"","description":"","publisher":{"@id":"https:\/\/grupo-aligator.com\/de\/#organization"},"potentialAction":[{"@type":"SearchAction","target":{"@type":"EntryPoint","urlTemplate":"https:\/\/grupo-aligator.com\/de\/?s={search_term_string}"},"query-input":"required name=search_term_string"}],"inLanguage":"de"},{"@type":"Organization","@id":"https:\/\/grupo-aligator.com\/de\/#organization","name":"Cristaleria Aligator S.L.","url":"https:\/\/grupo-aligator.com\/de\/","logo":{"@type":"ImageObject","inLanguage":"de","@id":"https:\/\/grupo-aligator.com\/de\/#\/schema\/logo\/image\/","url":"http:\/\/grupo-aligator.com\/wp-content\/uploads\/2019\/11\/aligator-logo-de.png","contentUrl":"http:\/\/grupo-aligator.com\/wp-content\/uploads\/2019\/11\/aligator-logo-de.png","width":150,"height":160,"caption":"Cristaleria Aligator S.L."},"image":{"@id":"https:\/\/grupo-aligator.com\/de\/#\/schema\/logo\/image\/"}}]}},"_links":{"self":[{"href":"https:\/\/grupo-aligator.com\/de\/wp-json\/wp\/v2\/pages\/2001"}],"collection":[{"href":"https:\/\/grupo-aligator.com\/de\/wp-json\/wp\/v2\/pages"}],"about":[{"href":"https:\/\/grupo-aligator.com\/de\/wp-json\/wp\/v2\/types\/page"}],"author":[{"embeddable":true,"href":"https:\/\/grupo-aligator.com\/de\/wp-json\/wp\/v2\/users\/1"}],"replies":[{"embeddable":true,"href":"https:\/\/grupo-aligator.com\/de\/wp-json\/wp\/v2\/comments?post=2001"}],"version-history":[{"count":7,"href":"https:\/\/grupo-aligator.com\/de\/wp-json\/wp\/v2\/pages\/2001\/revisions"}],"predecessor-version":[{"id":3923,"href":"https:\/\/grupo-aligator.com\/de\/wp-json\/wp\/v2\/pages\/2001\/revisions\/3923"}],"wp:attachment":[{"href":"https:\/\/grupo-aligator.com\/de\/wp-json\/wp\/v2\/media?parent=2001"}],"curies":[{"name":"wp","href":"https:\/\/api.w.org\/{rel}","templated":true}]}}