{"id":1731,"date":"2014-07-15T10:37:05","date_gmt":"2014-07-15T10:37:05","guid":{"rendered":"http:\/\/aligator.cristaleria-aligator.com\/?page_id=1731"},"modified":"2015-09-11T11:12:11","modified_gmt":"2015-09-11T11:12:11","slug":"markisensysteme-fur-freiraume-model-pergola-p40","status":"publish","type":"page","link":"https:\/\/grupo-aligator.com\/de\/markisensysteme-fur-freiraume-model-pergola-p40\/","title":{"rendered":"Markisensysteme f\u00fcr Freir\u00e4ume Pergola P40"},"content":{"rendered":"<div id=\"aligator-logo-de\"><\/div>\n<div class=\"toldos-top-logo\"><img decoding=\"async\" src=\"\/wp-content\/uploads\/2013\/09\/warema-logo.png\" \/><\/div>\n<div id=\"toldos-aligator-description\">\n<p>Pergola-Markisen vereinen Komfort und Funktionalit\u00e4t durch bequeme Bedienbarkeit und hohe Wetterbest\u00e4ndigkeit. \u00dcber 300 Stoffe der Markisen-Kollektion stehen Ihnen zur Auswahl &#8211; machen Sie Ihre Pergola-Markise zu Ihrer individuellen Wohlf\u00fchl-Oase. Dank secudrive\u00ae &#8211; der innovativen F\u00fchrung per Federstahlband &#8211; kann das Tuch direkt durch die F\u00fchrungsschienen gef\u00fchrt werden &#8211; erstmals sogar auch in gebogener Ausf\u00fchrung. Optional bietet ein mitlaufendes Verst\u00e4rkungsprofil perfekte Sicherheit, ohne die Optik zu beeintr\u00e4chtigen.<\/p>\n<\/div>\n<div class=\"toldos-gallery\"><div class=\"DOPThumbnailGalleryContainer\" id=\"DOPThumbnailGallery2\">\n                                 <a href=\"https:\/\/grupo-aligator.com\/wp-content\/plugins\/_doptg\/frontend-ajax.php\" class=\"Settings\"><\/a>\n                                 <ul class=\"Content\" style=\"display:none;\"><li>\n                                                    <img class=\"Image\" src=\"https:\/\/grupo-aligator.com\/wp-content\/plugins\/_doptg\/uploads\/DBmtSrCBkcg4kw7ZXknOhcTnm6sKO53sy9zKrbPWh9NtyBMhs3nm6wPpBNcbrWkc4.jpg\" alt=\"\" title=\"\" \/>\n                                                    <img class=\"Thumb\" src=\"https:\/\/grupo-aligator.com\/wp-content\/plugins\/_doptg\/uploads\/thumbs\/DBmtSrCBkcg4kw7ZXknOhcTnm6sKO53sy9zKrbPWh9NtyBMhs3nm6wPpBNcbrWkc4.jpg\" alt=\"\" title=\"\" \/>\n                                                    <span class=\"CaptionTitle\"><\/span>\n                                                    <span class=\"CaptionText\"><\/span>\n                                                    <span class=\"Media\"><\/span>\n                                                    <span class=\"LightboxMedia\"><\/span>\n                                                 <\/li><li>\n                                                    <img class=\"Image\" src=\"https:\/\/grupo-aligator.com\/wp-content\/plugins\/_doptg\/uploads\/zMnXErMZMbsF61rw9bz4t32fXL6xM2LPdtaraKEat7wPjDtw6EL6Faeqk8fPpbGQ7.jpg\" alt=\"\" title=\"\" \/>\n                                                    <img class=\"Thumb\" src=\"https:\/\/grupo-aligator.com\/wp-content\/plugins\/_doptg\/uploads\/thumbs\/zMnXErMZMbsF61rw9bz4t32fXL6xM2LPdtaraKEat7wPjDtw6EL6Faeqk8fPpbGQ7.jpg\" alt=\"\" title=\"\" \/>\n                                                    <span class=\"CaptionTitle\"><\/span>\n                                                    <span class=\"CaptionText\"><\/span>\n                                                    <span class=\"Media\"><\/span>\n                                                    <span class=\"LightboxMedia\"><\/span>\n                                                 <\/li><li>\n                                                    <img class=\"Image\" src=\"https:\/\/grupo-aligator.com\/wp-content\/plugins\/_doptg\/uploads\/AgmNTfKSd4Bp66KxxL9YBbmNjC15ZXsZKy2tLjLOXnf1DR3GdGjX2Ej5km6H92ONt.jpg\" alt=\"\" title=\"\" \/>\n                                                    <img class=\"Thumb\" src=\"https:\/\/grupo-aligator.com\/wp-content\/plugins\/_doptg\/uploads\/thumbs\/AgmNTfKSd4Bp66KxxL9YBbmNjC15ZXsZKy2tLjLOXnf1DR3GdGjX2Ej5km6H92ONt.jpg\" alt=\"\" title=\"\" \/>\n                                                    <span class=\"CaptionTitle\"><\/span>\n                                                    <span class=\"CaptionText\"><\/span>\n                                                    <span class=\"Media\"><\/span>\n                                                    <span class=\"LightboxMedia\"><\/span>\n                                                 <\/li><li>\n                                                    <img class=\"Image\" src=\"https:\/\/grupo-aligator.com\/wp-content\/plugins\/_doptg\/uploads\/Fx25qXBPNKfFOSHgxswSRsfa1Bnms8P734sRfwLq9aNzgGF8Ad6OAdqzqeXNOxwNz.jpg\" alt=\"\" title=\"\" \/>\n                                                    <img class=\"Thumb\" src=\"https:\/\/grupo-aligator.com\/wp-content\/plugins\/_doptg\/uploads\/thumbs\/Fx25qXBPNKfFOSHgxswSRsfa1Bnms8P734sRfwLq9aNzgGF8Ad6OAdqzqeXNOxwNz.jpg\" alt=\"\" title=\"\" \/>\n                                                    <span class=\"CaptionTitle\"><\/span>\n                                                    <span class=\"CaptionText\"><\/span>\n                                                    <span class=\"Media\"><\/span>\n                                                    <span class=\"LightboxMedia\"><\/span>\n                                                 <\/li><li>\n                                                    <img class=\"Image\" src=\"https:\/\/grupo-aligator.com\/wp-content\/plugins\/_doptg\/uploads\/O5NtOztqbPMbt5RrZWDAWps1A5ykygmzKdOTBbBmydfLKKCR79M22xhLRnRHDYqNz.jpg\" alt=\"\" title=\"\" \/>\n                                                    <img class=\"Thumb\" src=\"https:\/\/grupo-aligator.com\/wp-content\/plugins\/_doptg\/uploads\/thumbs\/O5NtOztqbPMbt5RrZWDAWps1A5ykygmzKdOTBbBmydfLKKCR79M22xhLRnRHDYqNz.jpg\" alt=\"\" title=\"\" \/>\n                                                    <span class=\"CaptionTitle\"><\/span>\n                                                    <span class=\"CaptionText\"><\/span>\n                                                    <span class=\"Media\"><\/span>\n                                                    <span class=\"LightboxMedia\"><\/span>\n                                                 <\/li><li>\n                                                    <img class=\"Image\" src=\"https:\/\/grupo-aligator.com\/wp-content\/plugins\/_doptg\/uploads\/Hrq2SE7aPb1N85k8hhajSXjEqWcjW9RmHFWM5LXjY8hyrW2kfk6XEASWn87beRAZR.jpg\" alt=\"\" title=\"\" \/>\n                                                    <img class=\"Thumb\" src=\"https:\/\/grupo-aligator.com\/wp-content\/plugins\/_doptg\/uploads\/thumbs\/Hrq2SE7aPb1N85k8hhajSXjEqWcjW9RmHFWM5LXjY8hyrW2kfk6XEASWn87beRAZR.jpg\" alt=\"\" title=\"\" \/>\n                                                    <span class=\"CaptionTitle\"><\/span>\n                                                    <span class=\"CaptionText\"><\/span>\n                                                    <span class=\"Media\"><\/span>\n                                                    <span class=\"LightboxMedia\"><\/span>\n                                                 <\/li><li>\n                                                    <img class=\"Image\" src=\"https:\/\/grupo-aligator.com\/wp-content\/plugins\/_doptg\/uploads\/gsjGEqCr3NSXkAZcB8D3YNWEXbdnaKm3995NEekPFGHzqswpjm5Q5xEqA6ADq3bxj.jpg\" alt=\"\" title=\"\" \/>\n                                                    <img class=\"Thumb\" src=\"https:\/\/grupo-aligator.com\/wp-content\/plugins\/_doptg\/uploads\/thumbs\/gsjGEqCr3NSXkAZcB8D3YNWEXbdnaKm3995NEekPFGHzqswpjm5Q5xEqA6ADq3bxj.jpg\" alt=\"\" title=\"\" \/>\n                                                    <span class=\"CaptionTitle\"><\/span>\n                                                    <span class=\"CaptionText\"><\/span>\n                                                    <span class=\"Media\"><\/span>\n                                                    <span class=\"LightboxMedia\"><\/span>\n                                                 <\/li><li>\n                                                    <img class=\"Image\" src=\"https:\/\/grupo-aligator.com\/wp-content\/plugins\/_doptg\/uploads\/dZT5N1aPyjCmh9wxwEsNSyjHXR9E4TkYS8W2qdrB4nSAMDETkfz7HhdkAcjHAWndk.jpg\" alt=\"\" title=\"\" \/>\n                                                    <img class=\"Thumb\" src=\"https:\/\/grupo-aligator.com\/wp-content\/plugins\/_doptg\/uploads\/thumbs\/dZT5N1aPyjCmh9wxwEsNSyjHXR9E4TkYS8W2qdrB4nSAMDETkfz7HhdkAcjHAWndk.jpg\" alt=\"\" title=\"\" \/>\n                                                    <span class=\"CaptionTitle\"><\/span>\n                                                    <span class=\"CaptionText\"><\/span>\n                                                    <span class=\"Media\"><\/span>\n                                                    <span class=\"LightboxMedia\"><\/span>\n                                                 <\/li><li>\n                                                    <img class=\"Image\" src=\"https:\/\/grupo-aligator.com\/wp-content\/plugins\/_doptg\/uploads\/AWQ4tdSnDF4qORPYmnzAEXKT7qKBx8c919H1zqsThQS9xeLGxFA7yO3cxHjhPMhjQ.jpg\" alt=\"\" title=\"\" \/>\n                                                    <img class=\"Thumb\" src=\"https:\/\/grupo-aligator.com\/wp-content\/plugins\/_doptg\/uploads\/thumbs\/AWQ4tdSnDF4qORPYmnzAEXKT7qKBx8c919H1zqsThQS9xeLGxFA7yO3cxHjhPMhjQ.jpg\" alt=\"\" title=\"\" \/>\n                                                    <span class=\"CaptionTitle\"><\/span>\n                                                    <span class=\"CaptionText\"><\/span>\n                                                    <span class=\"Media\"><\/span>\n                                                    <span class=\"LightboxMedia\"><\/span>\n                                                 <\/li><\/ul>\n                             <\/div>\n                             <script type=\"text\/JavaScript\">\n                                 jQuery(document).ready(function(){\n                                     jQuery('#DOPThumbnailGallery2').DOPThumbnailGallery();\n                                 });\n                             <\/script><\/div>\n","protected":false},"excerpt":{"rendered":"<p>Pergola-Markisen vereinen Komfort und Funktionalit\u00e4t durch bequeme Bedienbarkeit und hohe Wetterbest\u00e4ndigkeit. \u00dcber 300 Stoffe der Markisen-Kollektion stehen Ihnen zur Auswahl &#8211; machen Sie Ihre Pergola-Markise zu Ihrer individuellen Wohlf\u00fchl-Oase. Dank secudrive\u00ae &#8211; der innovativen F\u00fchrung per Federstahlband &#8211; kann das Tuch direkt durch die F\u00fchrungsschienen gef\u00fchrt werden &#8211; erstmals sogar auch in gebogener Ausf\u00fchrung. Optional bietet ein mitlaufendes Verst\u00e4rkungsprofil perfekte Sicherheit, ohne die Optik zu beeintr\u00e4chtigen.<\/p>\n","protected":false},"author":1,"featured_media":0,"parent":0,"menu_order":0,"comment_status":"open","ping_status":"open","template":"content-page.php","meta":[],"yoast_head":"<!-- This site is optimized with the Yoast SEO plugin v19.11 - https:\/\/yoast.com\/wordpress\/plugins\/seo\/ -->\n<title>Markisensysteme f\u00fcr Freir\u00e4ume Pergola P40 Mijas, Tarifa, Malaga, Marbella, Torrox - Cristaleria Aligator<\/title>\n<meta name=\"description\" content=\"Markisensysteme f\u00fcr Freir\u00e4ume Pergola P40 Mijas, Tarifa, Malaga, Marbella, Torrox - Cristaleria Aligator Wintergarten und Terrassenverglasung auch in Sotogrande Costa del Sol\" \/>\n<meta name=\"robots\" content=\"index, follow, max-snippet:-1, max-image-preview:large, max-video-preview:-1\" \/>\n<link rel=\"canonical\" href=\"https:\/\/grupo-aligator.com\/de\/markisensysteme-fur-freiraume-model-pergola-p40\/\" \/>\n<meta property=\"og:locale\" content=\"de_DE\" \/>\n<meta property=\"og:type\" content=\"article\" \/>\n<meta property=\"og:title\" content=\"Markisensysteme f\u00fcr Freir\u00e4ume Pergola P40 Mijas, Tarifa, Malaga, Marbella, Torrox - Cristaleria Aligator\" \/>\n<meta property=\"og:description\" content=\"Markisensysteme f\u00fcr Freir\u00e4ume Pergola P40 Mijas, Tarifa, Malaga, Marbella, Torrox - Cristaleria Aligator Wintergarten und Terrassenverglasung auch in Sotogrande Costa del Sol\" \/>\n<meta property=\"og:url\" content=\"https:\/\/grupo-aligator.com\/de\/markisensysteme-fur-freiraume-model-pergola-p40\/\" \/>\n<meta property=\"article:modified_time\" content=\"2015-09-11T11:12:11+00:00\" \/>\n<meta name=\"twitter:card\" content=\"summary_large_image\" \/>\n<script type=\"application\/ld+json\" class=\"yoast-schema-graph\">{\"@context\":\"https:\/\/schema.org\",\"@graph\":[{\"@type\":\"WebPage\",\"@id\":\"https:\/\/grupo-aligator.com\/de\/markisensysteme-fur-freiraume-model-pergola-p40\/\",\"url\":\"https:\/\/grupo-aligator.com\/de\/markisensysteme-fur-freiraume-model-pergola-p40\/\",\"name\":\"Markisensysteme f\u00fcr Freir\u00e4ume Pergola P40 Mijas, Tarifa, Malaga, Marbella, Torrox - Cristaleria Aligator\",\"isPartOf\":{\"@id\":\"https:\/\/grupo-aligator.com\/de\/#website\"},\"datePublished\":\"2014-07-15T10:37:05+00:00\",\"dateModified\":\"2015-09-11T11:12:11+00:00\",\"description\":\"Markisensysteme f\u00fcr Freir\u00e4ume Pergola P40 Mijas, Tarifa, Malaga, Marbella, Torrox - Cristaleria Aligator Wintergarten und Terrassenverglasung auch in Sotogrande Costa del Sol\",\"breadcrumb\":{\"@id\":\"https:\/\/grupo-aligator.com\/de\/markisensysteme-fur-freiraume-model-pergola-p40\/#breadcrumb\"},\"inLanguage\":\"de\",\"potentialAction\":[{\"@type\":\"ReadAction\",\"target\":[\"https:\/\/grupo-aligator.com\/de\/markisensysteme-fur-freiraume-model-pergola-p40\/\"]}]},{\"@type\":\"BreadcrumbList\",\"@id\":\"https:\/\/grupo-aligator.com\/de\/markisensysteme-fur-freiraume-model-pergola-p40\/#breadcrumb\",\"itemListElement\":[{\"@type\":\"ListItem\",\"position\":1,\"name\":\"Home\",\"item\":\"https:\/\/grupo-aligator.com\/de\/\"},{\"@type\":\"ListItem\",\"position\":2,\"name\":\"Markisensysteme f\u00fcr Freir\u00e4ume Pergola P40\"}]},{\"@type\":\"WebSite\",\"@id\":\"https:\/\/grupo-aligator.com\/de\/#website\",\"url\":\"https:\/\/grupo-aligator.com\/de\/\",\"name\":\"\",\"description\":\"\",\"publisher\":{\"@id\":\"https:\/\/grupo-aligator.com\/de\/#organization\"},\"potentialAction\":[{\"@type\":\"SearchAction\",\"target\":{\"@type\":\"EntryPoint\",\"urlTemplate\":\"https:\/\/grupo-aligator.com\/de\/?s={search_term_string}\"},\"query-input\":\"required name=search_term_string\"}],\"inLanguage\":\"de\"},{\"@type\":\"Organization\",\"@id\":\"https:\/\/grupo-aligator.com\/de\/#organization\",\"name\":\"Cristaleria Aligator S.L.\",\"url\":\"https:\/\/grupo-aligator.com\/de\/\",\"logo\":{\"@type\":\"ImageObject\",\"inLanguage\":\"de\",\"@id\":\"https:\/\/grupo-aligator.com\/de\/#\/schema\/logo\/image\/\",\"url\":\"http:\/\/grupo-aligator.com\/wp-content\/uploads\/2019\/11\/aligator-logo-de.png\",\"contentUrl\":\"http:\/\/grupo-aligator.com\/wp-content\/uploads\/2019\/11\/aligator-logo-de.png\",\"width\":150,\"height\":160,\"caption\":\"Cristaleria Aligator S.L.\"},\"image\":{\"@id\":\"https:\/\/grupo-aligator.com\/de\/#\/schema\/logo\/image\/\"}}]}<\/script>\n<!-- \/ Yoast SEO plugin. -->","yoast_head_json":{"title":"Markisensysteme f\u00fcr Freir\u00e4ume Pergola P40 Mijas, Tarifa, Malaga, Marbella, Torrox - Cristaleria Aligator","description":"Markisensysteme f\u00fcr Freir\u00e4ume Pergola P40 Mijas, Tarifa, Malaga, Marbella, Torrox - Cristaleria Aligator Wintergarten und Terrassenverglasung auch in Sotogrande Costa del Sol","robots":{"index":"index","follow":"follow","max-snippet":"max-snippet:-1","max-image-preview":"max-image-preview:large","max-video-preview":"max-video-preview:-1"},"canonical":"https:\/\/grupo-aligator.com\/de\/markisensysteme-fur-freiraume-model-pergola-p40\/","og_locale":"de_DE","og_type":"article","og_title":"Markisensysteme f\u00fcr Freir\u00e4ume Pergola P40 Mijas, Tarifa, Malaga, Marbella, Torrox - Cristaleria Aligator","og_description":"Markisensysteme f\u00fcr Freir\u00e4ume Pergola P40 Mijas, Tarifa, Malaga, Marbella, Torrox - Cristaleria Aligator Wintergarten und Terrassenverglasung auch in Sotogrande Costa del Sol","og_url":"https:\/\/grupo-aligator.com\/de\/markisensysteme-fur-freiraume-model-pergola-p40\/","article_modified_time":"2015-09-11T11:12:11+00:00","twitter_card":"summary_large_image","schema":{"@context":"https:\/\/schema.org","@graph":[{"@type":"WebPage","@id":"https:\/\/grupo-aligator.com\/de\/markisensysteme-fur-freiraume-model-pergola-p40\/","url":"https:\/\/grupo-aligator.com\/de\/markisensysteme-fur-freiraume-model-pergola-p40\/","name":"Markisensysteme f\u00fcr Freir\u00e4ume Pergola P40 Mijas, Tarifa, Malaga, Marbella, Torrox - Cristaleria Aligator","isPartOf":{"@id":"https:\/\/grupo-aligator.com\/de\/#website"},"datePublished":"2014-07-15T10:37:05+00:00","dateModified":"2015-09-11T11:12:11+00:00","description":"Markisensysteme f\u00fcr Freir\u00e4ume Pergola P40 Mijas, Tarifa, Malaga, Marbella, Torrox - Cristaleria Aligator Wintergarten und Terrassenverglasung auch in Sotogrande Costa del Sol","breadcrumb":{"@id":"https:\/\/grupo-aligator.com\/de\/markisensysteme-fur-freiraume-model-pergola-p40\/#breadcrumb"},"inLanguage":"de","potentialAction":[{"@type":"ReadAction","target":["https:\/\/grupo-aligator.com\/de\/markisensysteme-fur-freiraume-model-pergola-p40\/"]}]},{"@type":"BreadcrumbList","@id":"https:\/\/grupo-aligator.com\/de\/markisensysteme-fur-freiraume-model-pergola-p40\/#breadcrumb","itemListElement":[{"@type":"ListItem","position":1,"name":"Home","item":"https:\/\/grupo-aligator.com\/de\/"},{"@type":"ListItem","position":2,"name":"Markisensysteme f\u00fcr Freir\u00e4ume Pergola P40"}]},{"@type":"WebSite","@id":"https:\/\/grupo-aligator.com\/de\/#website","url":"https:\/\/grupo-aligator.com\/de\/","name":"","description":"","publisher":{"@id":"https:\/\/grupo-aligator.com\/de\/#organization"},"potentialAction":[{"@type":"SearchAction","target":{"@type":"EntryPoint","urlTemplate":"https:\/\/grupo-aligator.com\/de\/?s={search_term_string}"},"query-input":"required name=search_term_string"}],"inLanguage":"de"},{"@type":"Organization","@id":"https:\/\/grupo-aligator.com\/de\/#organization","name":"Cristaleria Aligator S.L.","url":"https:\/\/grupo-aligator.com\/de\/","logo":{"@type":"ImageObject","inLanguage":"de","@id":"https:\/\/grupo-aligator.com\/de\/#\/schema\/logo\/image\/","url":"http:\/\/grupo-aligator.com\/wp-content\/uploads\/2019\/11\/aligator-logo-de.png","contentUrl":"http:\/\/grupo-aligator.com\/wp-content\/uploads\/2019\/11\/aligator-logo-de.png","width":150,"height":160,"caption":"Cristaleria Aligator S.L."},"image":{"@id":"https:\/\/grupo-aligator.com\/de\/#\/schema\/logo\/image\/"}}]}},"_links":{"self":[{"href":"https:\/\/grupo-aligator.com\/de\/wp-json\/wp\/v2\/pages\/1731"}],"collection":[{"href":"https:\/\/grupo-aligator.com\/de\/wp-json\/wp\/v2\/pages"}],"about":[{"href":"https:\/\/grupo-aligator.com\/de\/wp-json\/wp\/v2\/types\/page"}],"author":[{"embeddable":true,"href":"https:\/\/grupo-aligator.com\/de\/wp-json\/wp\/v2\/users\/1"}],"replies":[{"embeddable":true,"href":"https:\/\/grupo-aligator.com\/de\/wp-json\/wp\/v2\/comments?post=1731"}],"version-history":[{"count":2,"href":"https:\/\/grupo-aligator.com\/de\/wp-json\/wp\/v2\/pages\/1731\/revisions"}],"predecessor-version":[{"id":4760,"href":"https:\/\/grupo-aligator.com\/de\/wp-json\/wp\/v2\/pages\/1731\/revisions\/4760"}],"wp:attachment":[{"href":"https:\/\/grupo-aligator.com\/de\/wp-json\/wp\/v2\/media?parent=1731"}],"curies":[{"name":"wp","href":"https:\/\/api.w.org\/{rel}","templated":true}]}}