{"id":1622,"date":"2014-07-11T09:12:34","date_gmt":"2014-07-11T09:12:34","guid":{"rendered":"http:\/\/aligator.cristaleria-aligator.com\/?page_id=1622"},"modified":"2015-02-28T20:18:20","modified_gmt":"2015-02-28T20:18:20","slug":"uberdachung-schiebe","status":"publish","type":"page","link":"https:\/\/grupo-aligator.com\/de\/uberdachung-schiebe\/","title":{"rendered":"\u00dcberdachung zum aufschieben"},"content":{"rendered":"<div id=\"aligator-logo-de\"><\/div>\n<div class=\"toldos-top-logo\"><\/div>\n<div id=\"toldos-aligator-description\">\n<p>\u00dcberdachungen zum aufschieben bieten Sich \u00fcber dort an wo zus\u00e4tzlichen Wohnraum schaffen will aber trotzdem nicht auf die Sonne verzichten m\u00f6chte.<br \/>\nBei Sonne k\u00f6nnen Sie die Schiebeelemente aufschieben und Sie sitzen wie unter freiem Himmel.<br \/>\nSo k\u00f6nnen Sie Ihre komplette Terrasse \u00fcberdachen und bei sch\u00f6nem Wetter einfach unter der Sonne entspannen.<br \/>\nBedienung erfolgt manuell oder mit Motor.<\/p>\n<\/div>\n<div id=\"toldos-columns\">\n<div class=\"toldos-column\">\n<div class=\"toldos-column-logo-text\" style=\"color: #006600; font-size: 24px; font-weight: bold; padding: 4px 0 18px 0; line-height: 26px;\">Ausf\u00fchrung mit Glas\n<\/div>\n<div class=\"toldos-column-image\"><a href=\"http:\/\/grupo-aligator.com\/de\/uberdachung-schiebe-mit-glas\/\"><img decoding=\"async\" loading=\"lazy\" src=\"\/wp-content\/uploads\/2014\/06\/1-13.jpg\" alt=\"\" width=\"220\" height=\"260\" \/><\/a><\/div>\n<\/div>\n<div class=\"toldos-column\">\n<div class=\"toldos-column-logo-text\" style=\"color: #006600; font-size: 24px; font-weight: bold; padding: 4px 0 18px 0; line-height: 26px;\">Ausf\u00fchrung mit Sandwich gesch\u00e4umt<\/div>\n<div class=\"toldos-column-image\"><a href=\"http:\/\/grupo-aligator.com\/de\/uberdachung-schiebe-mit-sandwich-geschaumt\/\"><img decoding=\"async\" loading=\"lazy\" src=\"\/wp-content\/uploads\/2014\/06\/1-16.jpg\" alt=\"\" width=\"220\" height=\"260\" \/><\/a><\/div>\n<\/div>\n<div class=\"toldos-column\">\n<div class=\"toldos-column-logo-text\" style=\"color: #006600; font-size: 24px; font-weight: bold; padding: 4px 0 18px 0; line-height: 26px;\">Ausf\u00fchrung mit Stegplatte\n<\/div>\n<div class=\"toldos-column-image\"><a href=\"http:\/\/grupo-aligator.com\/de\/uberdachung-schiebe-mit-stegplatte\/\"><img decoding=\"async\" loading=\"lazy\" src=\"\/wp-content\/uploads\/2014\/06\/ausfuhrung-mit-stegplatte-cat.jpg\" alt=\"\" width=\"220\" height=\"260\" \/><\/a><\/div>\n<\/div>\n<\/div>\n","protected":false},"excerpt":{"rendered":"<p>\u00dcberdachungen zum aufschieben bieten Sich \u00fcber dort an wo zus\u00e4tzlichen Wohnraum schaffen will aber trotzdem nicht auf die Sonne verzichten m\u00f6chte. Bei Sonne k\u00f6nnen Sie die Schiebeelemente aufschieben und Sie sitzen wie unter freiem Himmel. So k\u00f6nnen Sie Ihre komplette Terrasse \u00fcberdachen und bei sch\u00f6nem Wetter einfach unter der Sonne entspannen. Bedienung erfolgt manuell oder mit Motor. Ausf\u00fchrung mit Glas Ausf\u00fchrung mit Sandwich gesch\u00e4umt Ausf\u00fchrung mit Stegplatte<\/p>\n","protected":false},"author":1,"featured_media":0,"parent":0,"menu_order":0,"comment_status":"closed","ping_status":"closed","template":"content-page.php","meta":[],"yoast_head":"<!-- This site is optimized with the Yoast SEO plugin v19.11 - https:\/\/yoast.com\/wordpress\/plugins\/seo\/ -->\n<title>\u00dcberdachung zum aufschieben Mijas, Tarifa, Malaga, Marbella, Torrox - Cristaleria Aligator<\/title>\n<meta name=\"description\" content=\"\u00dcberdachung zum aufschieben Mijas, Tarifa, Malaga, Marbella, Torrox - Cristaleria Aligator Wintergarten und Terrassenverglasung auch in Sotogrande Costa del Sol\" \/>\n<meta name=\"robots\" content=\"index, follow, max-snippet:-1, max-image-preview:large, max-video-preview:-1\" \/>\n<link rel=\"canonical\" href=\"https:\/\/grupo-aligator.com\/de\/uberdachung-schiebe\/\" \/>\n<meta property=\"og:locale\" content=\"de_DE\" \/>\n<meta property=\"og:type\" content=\"article\" \/>\n<meta property=\"og:title\" content=\"\u00dcberdachung zum aufschieben Mijas, Tarifa, Malaga, Marbella, Torrox - Cristaleria Aligator\" \/>\n<meta property=\"og:description\" content=\"\u00dcberdachung zum aufschieben Mijas, Tarifa, Malaga, Marbella, Torrox - Cristaleria Aligator Wintergarten und Terrassenverglasung auch in Sotogrande Costa del Sol\" \/>\n<meta property=\"og:url\" content=\"https:\/\/grupo-aligator.com\/de\/uberdachung-schiebe\/\" \/>\n<meta property=\"article:modified_time\" content=\"2015-02-28T20:18:20+00:00\" \/>\n<meta name=\"twitter:card\" content=\"summary_large_image\" \/>\n<script type=\"application\/ld+json\" class=\"yoast-schema-graph\">{\"@context\":\"https:\/\/schema.org\",\"@graph\":[{\"@type\":\"WebPage\",\"@id\":\"https:\/\/grupo-aligator.com\/de\/uberdachung-schiebe\/\",\"url\":\"https:\/\/grupo-aligator.com\/de\/uberdachung-schiebe\/\",\"name\":\"\u00dcberdachung zum aufschieben Mijas, Tarifa, Malaga, Marbella, Torrox - Cristaleria Aligator\",\"isPartOf\":{\"@id\":\"https:\/\/grupo-aligator.com\/de\/#website\"},\"datePublished\":\"2014-07-11T09:12:34+00:00\",\"dateModified\":\"2015-02-28T20:18:20+00:00\",\"description\":\"\u00dcberdachung zum aufschieben Mijas, Tarifa, Malaga, Marbella, Torrox - Cristaleria Aligator Wintergarten und Terrassenverglasung auch in Sotogrande Costa del Sol\",\"breadcrumb\":{\"@id\":\"https:\/\/grupo-aligator.com\/de\/uberdachung-schiebe\/#breadcrumb\"},\"inLanguage\":\"de\",\"potentialAction\":[{\"@type\":\"ReadAction\",\"target\":[\"https:\/\/grupo-aligator.com\/de\/uberdachung-schiebe\/\"]}]},{\"@type\":\"BreadcrumbList\",\"@id\":\"https:\/\/grupo-aligator.com\/de\/uberdachung-schiebe\/#breadcrumb\",\"itemListElement\":[{\"@type\":\"ListItem\",\"position\":1,\"name\":\"Home\",\"item\":\"https:\/\/grupo-aligator.com\/de\/\"},{\"@type\":\"ListItem\",\"position\":2,\"name\":\"\u00dcberdachung zum aufschieben\"}]},{\"@type\":\"WebSite\",\"@id\":\"https:\/\/grupo-aligator.com\/de\/#website\",\"url\":\"https:\/\/grupo-aligator.com\/de\/\",\"name\":\"\",\"description\":\"\",\"publisher\":{\"@id\":\"https:\/\/grupo-aligator.com\/de\/#organization\"},\"potentialAction\":[{\"@type\":\"SearchAction\",\"target\":{\"@type\":\"EntryPoint\",\"urlTemplate\":\"https:\/\/grupo-aligator.com\/de\/?s={search_term_string}\"},\"query-input\":\"required name=search_term_string\"}],\"inLanguage\":\"de\"},{\"@type\":\"Organization\",\"@id\":\"https:\/\/grupo-aligator.com\/de\/#organization\",\"name\":\"Cristaleria Aligator S.L.\",\"url\":\"https:\/\/grupo-aligator.com\/de\/\",\"logo\":{\"@type\":\"ImageObject\",\"inLanguage\":\"de\",\"@id\":\"https:\/\/grupo-aligator.com\/de\/#\/schema\/logo\/image\/\",\"url\":\"http:\/\/grupo-aligator.com\/wp-content\/uploads\/2019\/11\/aligator-logo-de.png\",\"contentUrl\":\"http:\/\/grupo-aligator.com\/wp-content\/uploads\/2019\/11\/aligator-logo-de.png\",\"width\":150,\"height\":160,\"caption\":\"Cristaleria Aligator S.L.\"},\"image\":{\"@id\":\"https:\/\/grupo-aligator.com\/de\/#\/schema\/logo\/image\/\"}}]}<\/script>\n<!-- \/ Yoast SEO plugin. -->","yoast_head_json":{"title":"\u00dcberdachung zum aufschieben Mijas, Tarifa, Malaga, Marbella, Torrox - Cristaleria Aligator","description":"\u00dcberdachung zum aufschieben Mijas, Tarifa, Malaga, Marbella, Torrox - Cristaleria Aligator Wintergarten und Terrassenverglasung auch in Sotogrande Costa del Sol","robots":{"index":"index","follow":"follow","max-snippet":"max-snippet:-1","max-image-preview":"max-image-preview:large","max-video-preview":"max-video-preview:-1"},"canonical":"https:\/\/grupo-aligator.com\/de\/uberdachung-schiebe\/","og_locale":"de_DE","og_type":"article","og_title":"\u00dcberdachung zum aufschieben Mijas, Tarifa, Malaga, Marbella, Torrox - Cristaleria Aligator","og_description":"\u00dcberdachung zum aufschieben Mijas, Tarifa, Malaga, Marbella, Torrox - Cristaleria Aligator Wintergarten und Terrassenverglasung auch in Sotogrande Costa del Sol","og_url":"https:\/\/grupo-aligator.com\/de\/uberdachung-schiebe\/","article_modified_time":"2015-02-28T20:18:20+00:00","twitter_card":"summary_large_image","schema":{"@context":"https:\/\/schema.org","@graph":[{"@type":"WebPage","@id":"https:\/\/grupo-aligator.com\/de\/uberdachung-schiebe\/","url":"https:\/\/grupo-aligator.com\/de\/uberdachung-schiebe\/","name":"\u00dcberdachung zum aufschieben Mijas, Tarifa, Malaga, Marbella, Torrox - Cristaleria Aligator","isPartOf":{"@id":"https:\/\/grupo-aligator.com\/de\/#website"},"datePublished":"2014-07-11T09:12:34+00:00","dateModified":"2015-02-28T20:18:20+00:00","description":"\u00dcberdachung zum aufschieben Mijas, Tarifa, Malaga, Marbella, Torrox - Cristaleria Aligator Wintergarten und Terrassenverglasung auch in Sotogrande Costa del Sol","breadcrumb":{"@id":"https:\/\/grupo-aligator.com\/de\/uberdachung-schiebe\/#breadcrumb"},"inLanguage":"de","potentialAction":[{"@type":"ReadAction","target":["https:\/\/grupo-aligator.com\/de\/uberdachung-schiebe\/"]}]},{"@type":"BreadcrumbList","@id":"https:\/\/grupo-aligator.com\/de\/uberdachung-schiebe\/#breadcrumb","itemListElement":[{"@type":"ListItem","position":1,"name":"Home","item":"https:\/\/grupo-aligator.com\/de\/"},{"@type":"ListItem","position":2,"name":"\u00dcberdachung zum aufschieben"}]},{"@type":"WebSite","@id":"https:\/\/grupo-aligator.com\/de\/#website","url":"https:\/\/grupo-aligator.com\/de\/","name":"","description":"","publisher":{"@id":"https:\/\/grupo-aligator.com\/de\/#organization"},"potentialAction":[{"@type":"SearchAction","target":{"@type":"EntryPoint","urlTemplate":"https:\/\/grupo-aligator.com\/de\/?s={search_term_string}"},"query-input":"required name=search_term_string"}],"inLanguage":"de"},{"@type":"Organization","@id":"https:\/\/grupo-aligator.com\/de\/#organization","name":"Cristaleria Aligator S.L.","url":"https:\/\/grupo-aligator.com\/de\/","logo":{"@type":"ImageObject","inLanguage":"de","@id":"https:\/\/grupo-aligator.com\/de\/#\/schema\/logo\/image\/","url":"http:\/\/grupo-aligator.com\/wp-content\/uploads\/2019\/11\/aligator-logo-de.png","contentUrl":"http:\/\/grupo-aligator.com\/wp-content\/uploads\/2019\/11\/aligator-logo-de.png","width":150,"height":160,"caption":"Cristaleria Aligator S.L."},"image":{"@id":"https:\/\/grupo-aligator.com\/de\/#\/schema\/logo\/image\/"}}]}},"_links":{"self":[{"href":"https:\/\/grupo-aligator.com\/de\/wp-json\/wp\/v2\/pages\/1622"}],"collection":[{"href":"https:\/\/grupo-aligator.com\/de\/wp-json\/wp\/v2\/pages"}],"about":[{"href":"https:\/\/grupo-aligator.com\/de\/wp-json\/wp\/v2\/types\/page"}],"author":[{"embeddable":true,"href":"https:\/\/grupo-aligator.com\/de\/wp-json\/wp\/v2\/users\/1"}],"replies":[{"embeddable":true,"href":"https:\/\/grupo-aligator.com\/de\/wp-json\/wp\/v2\/comments?post=1622"}],"version-history":[{"count":4,"href":"https:\/\/grupo-aligator.com\/de\/wp-json\/wp\/v2\/pages\/1622\/revisions"}],"predecessor-version":[{"id":3715,"href":"https:\/\/grupo-aligator.com\/de\/wp-json\/wp\/v2\/pages\/1622\/revisions\/3715"}],"wp:attachment":[{"href":"https:\/\/grupo-aligator.com\/de\/wp-json\/wp\/v2\/media?parent=1622"}],"curies":[{"name":"wp","href":"https:\/\/api.w.org\/{rel}","templated":true}]}}