{"id":1610,"date":"2014-07-11T08:24:34","date_gmt":"2014-07-11T08:24:34","guid":{"rendered":"http:\/\/aligator.cristaleria-aligator.com\/?page_id=1610"},"modified":"2015-09-15T08:03:01","modified_gmt":"2015-09-15T08:03:01","slug":"uberdachung-fest-mit-sandwich-geschaumt","status":"publish","type":"page","link":"https:\/\/grupo-aligator.com\/de\/uberdachung-fest-mit-sandwich-geschaumt\/","title":{"rendered":"\u00dcberdachung fest mit Sandwich gesch\u00e4umt"},"content":{"rendered":"<div id=\"aligator-logo-de\"><\/div>\n<div class=\"toldos-top-logo\"><\/div>\n<div id=\"toldos-aligator-description\">\n<p>Die Sandwichplatten mit Aluminium\/verzinktem Stahlblech auf Ober- und Unterseite haben in der Mitte eine isolierende Schaumschicht. Durch den Gewichtsvorteil sind den m\u00f6glichen Sparrenabst\u00e4nden und Dachl\u00e4ngen fast keine Grenzen gesetzt. Die undurchsichtigen Platten beschatten Ihnen zudem die Terrasse. Eine zus\u00e4tzliche Beschattung ist nicht n\u00f6tig. Eine Beleuchtung mit dimmbaren LED-Spots an den Sparren, sowie die Steuerung \u00fcber eine Fernbedienung ist m\u00f6glich. Wir haben f\u00fcr jede Situation die richtige \u00dcberdachung.<\/p>\n<\/div>\n<div class=\"toldos-gallery\"><div class=\"DOPThumbnailGalleryContainer\" id=\"DOPThumbnailGallery102\">\n                                 <a href=\"https:\/\/grupo-aligator.com\/wp-content\/plugins\/_doptg\/frontend-ajax.php\" class=\"Settings\"><\/a>\n                                 <ul class=\"Content\" style=\"display:none;\"><li>\n                                                    <img class=\"Image\" src=\"https:\/\/grupo-aligator.com\/wp-content\/plugins\/_doptg\/uploads\/fjOQbhMbCr3GkXEtELhxyB9Y8TCqmHLtfqMzKeB7PWgMtFk7TtBma8aON1kNxyG5P.JPG\" alt=\"\" title=\"\" \/>\n                                                    <img class=\"Thumb\" src=\"https:\/\/grupo-aligator.com\/wp-content\/plugins\/_doptg\/uploads\/thumbs\/fjOQbhMbCr3GkXEtELhxyB9Y8TCqmHLtfqMzKeB7PWgMtFk7TtBma8aON1kNxyG5P.JPG\" alt=\"\" title=\"\" \/>\n                                                    <span class=\"CaptionTitle\"><\/span>\n                                                    <span class=\"CaptionText\"><\/span>\n                                                    <span class=\"Media\"><\/span>\n                                                    <span class=\"LightboxMedia\"><\/span>\n                                                 <\/li><li>\n                                                    <img class=\"Image\" src=\"https:\/\/grupo-aligator.com\/wp-content\/plugins\/_doptg\/uploads\/4L519t9y35CyqCwSTKsMrEnMwxL7tHZrcjD8SfSaHeXyppp8ynxbN2YEfedKPjC12.JPG\" alt=\"\" title=\"\" \/>\n                                                    <img class=\"Thumb\" src=\"https:\/\/grupo-aligator.com\/wp-content\/plugins\/_doptg\/uploads\/thumbs\/4L519t9y35CyqCwSTKsMrEnMwxL7tHZrcjD8SfSaHeXyppp8ynxbN2YEfedKPjC12.JPG\" alt=\"\" title=\"\" \/>\n                                                    <span class=\"CaptionTitle\"><\/span>\n                                                    <span class=\"CaptionText\"><\/span>\n                                                    <span class=\"Media\"><\/span>\n                                                    <span class=\"LightboxMedia\"><\/span>\n                                                 <\/li><li>\n                                                    <img class=\"Image\" src=\"https:\/\/grupo-aligator.com\/wp-content\/plugins\/_doptg\/uploads\/E7wD5HxNa7rE3TgYs2HhkqEYCYjx4fEpbPpYYWH5fctSQBMhw2d5KC9q7Ky3La6qy.JPG\" alt=\"\" title=\"\" \/>\n                                                    <img class=\"Thumb\" src=\"https:\/\/grupo-aligator.com\/wp-content\/plugins\/_doptg\/uploads\/thumbs\/E7wD5HxNa7rE3TgYs2HhkqEYCYjx4fEpbPpYYWH5fctSQBMhw2d5KC9q7Ky3La6qy.JPG\" alt=\"\" title=\"\" \/>\n                                                    <span class=\"CaptionTitle\"><\/span>\n                                                    <span class=\"CaptionText\"><\/span>\n                                                    <span class=\"Media\"><\/span>\n                                                    <span class=\"LightboxMedia\"><\/span>\n                                                 <\/li><li>\n                                                    <img class=\"Image\" src=\"https:\/\/grupo-aligator.com\/wp-content\/plugins\/_doptg\/uploads\/2bdES9jdWX8yRP4Nqzn9ZGEhFNbm1bqKqNhf52gaqOdaaXZmL9ttqKem9b5DKcX5B.JPG\" alt=\"\" title=\"\" \/>\n                                                    <img class=\"Thumb\" src=\"https:\/\/grupo-aligator.com\/wp-content\/plugins\/_doptg\/uploads\/thumbs\/2bdES9jdWX8yRP4Nqzn9ZGEhFNbm1bqKqNhf52gaqOdaaXZmL9ttqKem9b5DKcX5B.JPG\" alt=\"\" title=\"\" \/>\n                                                    <span class=\"CaptionTitle\"><\/span>\n                                                    <span class=\"CaptionText\"><\/span>\n                                                    <span class=\"Media\"><\/span>\n                                                    <span class=\"LightboxMedia\"><\/span>\n                                                 <\/li><li>\n                                                    <img class=\"Image\" src=\"https:\/\/grupo-aligator.com\/wp-content\/plugins\/_doptg\/uploads\/p6LrtaZEqdeqZgAPaqMmtFC3wqeNTOzn6WDnRwZAxzdFs9s5Mta4Y2wdN8B8jG16h.JPG\" alt=\"\" title=\"\" \/>\n                                                    <img class=\"Thumb\" src=\"https:\/\/grupo-aligator.com\/wp-content\/plugins\/_doptg\/uploads\/thumbs\/p6LrtaZEqdeqZgAPaqMmtFC3wqeNTOzn6WDnRwZAxzdFs9s5Mta4Y2wdN8B8jG16h.JPG\" alt=\"\" title=\"\" \/>\n                                                    <span class=\"CaptionTitle\"><\/span>\n                                                    <span class=\"CaptionText\"><\/span>\n                                                    <span class=\"Media\"><\/span>\n                                                    <span class=\"LightboxMedia\"><\/span>\n                                                 <\/li><li>\n                                                    <img class=\"Image\" src=\"https:\/\/grupo-aligator.com\/wp-content\/plugins\/_doptg\/uploads\/ww5qKnE6252fdTEPaCXtTMhskGYr4GbRR7CKsYbj9h2aSaFWKR8bGbp71QeZqMfxe.JPG\" alt=\"\" title=\"\" \/>\n                                                    <img class=\"Thumb\" src=\"https:\/\/grupo-aligator.com\/wp-content\/plugins\/_doptg\/uploads\/thumbs\/ww5qKnE6252fdTEPaCXtTMhskGYr4GbRR7CKsYbj9h2aSaFWKR8bGbp71QeZqMfxe.JPG\" alt=\"\" title=\"\" \/>\n                                                    <span class=\"CaptionTitle\"><\/span>\n                                                    <span class=\"CaptionText\"><\/span>\n                                                    <span class=\"Media\"><\/span>\n                                                    <span class=\"LightboxMedia\"><\/span>\n                                                 <\/li><li>\n                                                    <img class=\"Image\" src=\"https:\/\/grupo-aligator.com\/wp-content\/plugins\/_doptg\/uploads\/wZksasT9q8LCxKxaz8ZZrLmOwAkhbT8jXgOEtm3O9Zb9fQKZ3yjfaTWmZB6QFe8LM.JPG\" alt=\"\" title=\"\" \/>\n                                                    <img class=\"Thumb\" src=\"https:\/\/grupo-aligator.com\/wp-content\/plugins\/_doptg\/uploads\/thumbs\/wZksasT9q8LCxKxaz8ZZrLmOwAkhbT8jXgOEtm3O9Zb9fQKZ3yjfaTWmZB6QFe8LM.JPG\" alt=\"\" title=\"\" \/>\n                                                    <span class=\"CaptionTitle\"><\/span>\n                                                    <span class=\"CaptionText\"><\/span>\n                                                    <span class=\"Media\"><\/span>\n                                                    <span class=\"LightboxMedia\"><\/span>\n                                                 <\/li><li>\n                                                    <img class=\"Image\" src=\"https:\/\/grupo-aligator.com\/wp-content\/plugins\/_doptg\/uploads\/KkegDFax22mC7eS1WQ8ajcDykxCAnP6b7NzK4e1bLdOQqWeXTKAfAh5x9OCqnMp8Q.JPG\" alt=\"\" title=\"\" \/>\n                                                    <img class=\"Thumb\" src=\"https:\/\/grupo-aligator.com\/wp-content\/plugins\/_doptg\/uploads\/thumbs\/KkegDFax22mC7eS1WQ8ajcDykxCAnP6b7NzK4e1bLdOQqWeXTKAfAh5x9OCqnMp8Q.JPG\" alt=\"\" title=\"\" \/>\n                                                    <span class=\"CaptionTitle\"><\/span>\n                                                    <span class=\"CaptionText\"><\/span>\n                                                    <span class=\"Media\"><\/span>\n                                                    <span class=\"LightboxMedia\"><\/span>\n                                                 <\/li><li>\n                                                    <img class=\"Image\" src=\"https:\/\/grupo-aligator.com\/wp-content\/plugins\/_doptg\/uploads\/fdPK3LYBhG93Ct9AzgOYeyd6jRhMNLT4G22PpKq3GR42syxKWe5dT7y7qRS43DDbj.JPG\" alt=\"\" title=\"\" \/>\n                                                    <img class=\"Thumb\" src=\"https:\/\/grupo-aligator.com\/wp-content\/plugins\/_doptg\/uploads\/thumbs\/fdPK3LYBhG93Ct9AzgOYeyd6jRhMNLT4G22PpKq3GR42syxKWe5dT7y7qRS43DDbj.JPG\" alt=\"\" title=\"\" \/>\n                                                    <span class=\"CaptionTitle\"><\/span>\n                                                    <span class=\"CaptionText\"><\/span>\n                                                    <span class=\"Media\"><\/span>\n                                                    <span class=\"LightboxMedia\"><\/span>\n                                                 <\/li><li>\n                                                    <img class=\"Image\" src=\"https:\/\/grupo-aligator.com\/wp-content\/plugins\/_doptg\/uploads\/fOs4p78L3sRK5bsmTC4AAOLMLZ6RT2WCmNxDrt9Qn47pgdj4RgfQHhkAAdg4NekAX.JPG\" alt=\"\" title=\"\" \/>\n                                                    <img class=\"Thumb\" src=\"https:\/\/grupo-aligator.com\/wp-content\/plugins\/_doptg\/uploads\/thumbs\/fOs4p78L3sRK5bsmTC4AAOLMLZ6RT2WCmNxDrt9Qn47pgdj4RgfQHhkAAdg4NekAX.JPG\" alt=\"\" title=\"\" \/>\n                                                    <span class=\"CaptionTitle\"><\/span>\n                                                    <span class=\"CaptionText\"><\/span>\n                                                    <span class=\"Media\"><\/span>\n                                                    <span class=\"LightboxMedia\"><\/span>\n                                                 <\/li><li>\n                                                    <img class=\"Image\" src=\"https:\/\/grupo-aligator.com\/wp-content\/plugins\/_doptg\/uploads\/76a98XAxeMtQDf2XTnbRffPysTWpr7cNMEWewfAXbjKGbQRFKGMKd1fQNxq9LwGbN.JPG\" alt=\"\" title=\"\" \/>\n                                                    <img class=\"Thumb\" src=\"https:\/\/grupo-aligator.com\/wp-content\/plugins\/_doptg\/uploads\/thumbs\/76a98XAxeMtQDf2XTnbRffPysTWpr7cNMEWewfAXbjKGbQRFKGMKd1fQNxq9LwGbN.JPG\" alt=\"\" title=\"\" \/>\n                                                    <span class=\"CaptionTitle\"><\/span>\n                                                    <span class=\"CaptionText\"><\/span>\n                                                    <span class=\"Media\"><\/span>\n                                                    <span class=\"LightboxMedia\"><\/span>\n                                                 <\/li><li>\n                                                    <img class=\"Image\" src=\"https:\/\/grupo-aligator.com\/wp-content\/plugins\/_doptg\/uploads\/3YWTn2bLA28PsnXYY5cQcatHTgWMmELz3wW1BMQggQzxY8QnqEK5cyK1z1drfghOm.JPG\" alt=\"\" title=\"\" \/>\n                                                    <img class=\"Thumb\" src=\"https:\/\/grupo-aligator.com\/wp-content\/plugins\/_doptg\/uploads\/thumbs\/3YWTn2bLA28PsnXYY5cQcatHTgWMmELz3wW1BMQggQzxY8QnqEK5cyK1z1drfghOm.JPG\" alt=\"\" title=\"\" \/>\n                                                    <span class=\"CaptionTitle\"><\/span>\n                                                    <span class=\"CaptionText\"><\/span>\n                                                    <span class=\"Media\"><\/span>\n                                                    <span class=\"LightboxMedia\"><\/span>\n                                                 <\/li><li>\n                                                    <img class=\"Image\" src=\"https:\/\/grupo-aligator.com\/wp-content\/plugins\/_doptg\/uploads\/k9Dea3BShMKnRAtc6SFC6nWgtMTsTbMDdQjptEMgRgP6sA43jQSBQ9g71j2j4HkRA.JPG\" alt=\"\" title=\"\" \/>\n                                                    <img class=\"Thumb\" src=\"https:\/\/grupo-aligator.com\/wp-content\/plugins\/_doptg\/uploads\/thumbs\/k9Dea3BShMKnRAtc6SFC6nWgtMTsTbMDdQjptEMgRgP6sA43jQSBQ9g71j2j4HkRA.JPG\" alt=\"\" title=\"\" \/>\n                                                    <span class=\"CaptionTitle\"><\/span>\n                                                    <span class=\"CaptionText\"><\/span>\n                                                    <span class=\"Media\"><\/span>\n                                                    <span class=\"LightboxMedia\"><\/span>\n                                                 <\/li><li>\n                                                    <img class=\"Image\" src=\"https:\/\/grupo-aligator.com\/wp-content\/plugins\/_doptg\/uploads\/mtMyfQq7Kyb2NY6O4RKAs2KMNmFdAQLhag8tHDPOMwgb6rGPpNnafL5MsL5QWO44T.JPG\" alt=\"\" title=\"\" \/>\n                                                    <img class=\"Thumb\" src=\"https:\/\/grupo-aligator.com\/wp-content\/plugins\/_doptg\/uploads\/thumbs\/mtMyfQq7Kyb2NY6O4RKAs2KMNmFdAQLhag8tHDPOMwgb6rGPpNnafL5MsL5QWO44T.JPG\" alt=\"\" title=\"\" \/>\n                                                    <span class=\"CaptionTitle\"><\/span>\n                                                    <span class=\"CaptionText\"><\/span>\n                                                    <span class=\"Media\"><\/span>\n                                                    <span class=\"LightboxMedia\"><\/span>\n                                                 <\/li><li>\n                                                    <img class=\"Image\" src=\"https:\/\/grupo-aligator.com\/wp-content\/plugins\/_doptg\/uploads\/gxt9QTa4e4yjwMBkxXLtHmXchkYrGHTYHHcYMwzOLZOGZz7mY13Lj6MD8DdfS5D7j.JPG\" alt=\"\" title=\"\" \/>\n                                                    <img class=\"Thumb\" src=\"https:\/\/grupo-aligator.com\/wp-content\/plugins\/_doptg\/uploads\/thumbs\/gxt9QTa4e4yjwMBkxXLtHmXchkYrGHTYHHcYMwzOLZOGZz7mY13Lj6MD8DdfS5D7j.JPG\" alt=\"\" title=\"\" \/>\n                                                    <span class=\"CaptionTitle\"><\/span>\n                                                    <span class=\"CaptionText\"><\/span>\n                                                    <span class=\"Media\"><\/span>\n                                                    <span class=\"LightboxMedia\"><\/span>\n                                                 <\/li><li>\n                                                    <img class=\"Image\" src=\"https:\/\/grupo-aligator.com\/wp-content\/plugins\/_doptg\/uploads\/69HPf5reyanpgmXCdWMfKnB479z3PQhSPq6Nst77DCP1Aatkepz1kKmg6EFft5tEX.JPG\" alt=\"\" title=\"\" \/>\n                                                    <img class=\"Thumb\" src=\"https:\/\/grupo-aligator.com\/wp-content\/plugins\/_doptg\/uploads\/thumbs\/69HPf5reyanpgmXCdWMfKnB479z3PQhSPq6Nst77DCP1Aatkepz1kKmg6EFft5tEX.JPG\" alt=\"\" title=\"\" \/>\n                                                    <span class=\"CaptionTitle\"><\/span>\n                                                    <span class=\"CaptionText\"><\/span>\n                                                    <span class=\"Media\"><\/span>\n                                                    <span class=\"LightboxMedia\"><\/span>\n                                                 <\/li><\/ul>\n                             <\/div>\n                             <script type=\"text\/JavaScript\">\n                                 jQuery(document).ready(function(){\n                                     jQuery('#DOPThumbnailGallery102').DOPThumbnailGallery();\n                                 });\n                             <\/script><\/div>\n","protected":false},"excerpt":{"rendered":"<p>Die Sandwichplatten mit Aluminium\/verzinktem Stahlblech auf Ober- und Unterseite haben in der Mitte eine isolierende Schaumschicht. Durch den Gewichtsvorteil sind den m\u00f6glichen Sparrenabst\u00e4nden und Dachl\u00e4ngen fast keine Grenzen gesetzt. Die undurchsichtigen Platten beschatten Ihnen zudem die Terrasse. Eine zus\u00e4tzliche Beschattung ist nicht n\u00f6tig. Eine Beleuchtung mit dimmbaren LED-Spots an den Sparren, sowie die Steuerung \u00fcber eine Fernbedienung ist m\u00f6glich. Wir haben f\u00fcr jede Situation die richtige \u00dcberdachung.<\/p>\n","protected":false},"author":1,"featured_media":0,"parent":0,"menu_order":0,"comment_status":"open","ping_status":"open","template":"content-page.php","meta":[],"yoast_head":"<!-- This site is optimized with the Yoast SEO plugin v19.11 - https:\/\/yoast.com\/wordpress\/plugins\/seo\/ -->\n<title>\u00dcberdachung fest mit Sandwich gesch\u00e4umt Mijas, Tarifa, Malaga, Marbella, Torrox - Cristaleria Aligator<\/title>\n<meta name=\"description\" content=\"\u00dcberdachung fest mit Sandwich gesch\u00e4umt Mijas, Tarifa, Malaga, Marbella, Torrox - Cristaleria Aligator Wintergarten und Terrassenverglasung auch in Sotogrande Costa del Sol\" \/>\n<meta name=\"robots\" content=\"index, follow, max-snippet:-1, max-image-preview:large, max-video-preview:-1\" \/>\n<link rel=\"canonical\" href=\"https:\/\/grupo-aligator.com\/de\/uberdachung-fest-mit-sandwich-geschaumt\/\" \/>\n<meta property=\"og:locale\" content=\"de_DE\" \/>\n<meta property=\"og:type\" content=\"article\" \/>\n<meta property=\"og:title\" content=\"\u00dcberdachung fest mit Sandwich gesch\u00e4umt Mijas, Tarifa, Malaga, Marbella, Torrox - Cristaleria Aligator\" \/>\n<meta property=\"og:description\" content=\"\u00dcberdachung fest mit Sandwich gesch\u00e4umt Mijas, Tarifa, Malaga, Marbella, Torrox - Cristaleria Aligator Wintergarten und Terrassenverglasung auch in Sotogrande Costa del Sol\" \/>\n<meta property=\"og:url\" content=\"https:\/\/grupo-aligator.com\/de\/uberdachung-fest-mit-sandwich-geschaumt\/\" \/>\n<meta property=\"article:modified_time\" content=\"2015-09-15T08:03:01+00:00\" \/>\n<meta name=\"twitter:card\" content=\"summary_large_image\" \/>\n<script type=\"application\/ld+json\" class=\"yoast-schema-graph\">{\"@context\":\"https:\/\/schema.org\",\"@graph\":[{\"@type\":\"WebPage\",\"@id\":\"https:\/\/grupo-aligator.com\/de\/uberdachung-fest-mit-sandwich-geschaumt\/\",\"url\":\"https:\/\/grupo-aligator.com\/de\/uberdachung-fest-mit-sandwich-geschaumt\/\",\"name\":\"\u00dcberdachung fest mit Sandwich gesch\u00e4umt Mijas, Tarifa, Malaga, Marbella, Torrox - Cristaleria Aligator\",\"isPartOf\":{\"@id\":\"https:\/\/grupo-aligator.com\/de\/#website\"},\"datePublished\":\"2014-07-11T08:24:34+00:00\",\"dateModified\":\"2015-09-15T08:03:01+00:00\",\"description\":\"\u00dcberdachung fest mit Sandwich gesch\u00e4umt Mijas, Tarifa, Malaga, Marbella, Torrox - Cristaleria Aligator Wintergarten und Terrassenverglasung auch in Sotogrande Costa del Sol\",\"breadcrumb\":{\"@id\":\"https:\/\/grupo-aligator.com\/de\/uberdachung-fest-mit-sandwich-geschaumt\/#breadcrumb\"},\"inLanguage\":\"de\",\"potentialAction\":[{\"@type\":\"ReadAction\",\"target\":[\"https:\/\/grupo-aligator.com\/de\/uberdachung-fest-mit-sandwich-geschaumt\/\"]}]},{\"@type\":\"BreadcrumbList\",\"@id\":\"https:\/\/grupo-aligator.com\/de\/uberdachung-fest-mit-sandwich-geschaumt\/#breadcrumb\",\"itemListElement\":[{\"@type\":\"ListItem\",\"position\":1,\"name\":\"Home\",\"item\":\"https:\/\/grupo-aligator.com\/de\/\"},{\"@type\":\"ListItem\",\"position\":2,\"name\":\"\u00dcberdachung fest mit Sandwich gesch\u00e4umt\"}]},{\"@type\":\"WebSite\",\"@id\":\"https:\/\/grupo-aligator.com\/de\/#website\",\"url\":\"https:\/\/grupo-aligator.com\/de\/\",\"name\":\"\",\"description\":\"\",\"publisher\":{\"@id\":\"https:\/\/grupo-aligator.com\/de\/#organization\"},\"potentialAction\":[{\"@type\":\"SearchAction\",\"target\":{\"@type\":\"EntryPoint\",\"urlTemplate\":\"https:\/\/grupo-aligator.com\/de\/?s={search_term_string}\"},\"query-input\":\"required name=search_term_string\"}],\"inLanguage\":\"de\"},{\"@type\":\"Organization\",\"@id\":\"https:\/\/grupo-aligator.com\/de\/#organization\",\"name\":\"Cristaleria Aligator S.L.\",\"url\":\"https:\/\/grupo-aligator.com\/de\/\",\"logo\":{\"@type\":\"ImageObject\",\"inLanguage\":\"de\",\"@id\":\"https:\/\/grupo-aligator.com\/de\/#\/schema\/logo\/image\/\",\"url\":\"http:\/\/grupo-aligator.com\/wp-content\/uploads\/2019\/11\/aligator-logo-de.png\",\"contentUrl\":\"http:\/\/grupo-aligator.com\/wp-content\/uploads\/2019\/11\/aligator-logo-de.png\",\"width\":150,\"height\":160,\"caption\":\"Cristaleria Aligator S.L.\"},\"image\":{\"@id\":\"https:\/\/grupo-aligator.com\/de\/#\/schema\/logo\/image\/\"}}]}<\/script>\n<!-- \/ Yoast SEO plugin. -->","yoast_head_json":{"title":"\u00dcberdachung fest mit Sandwich gesch\u00e4umt Mijas, Tarifa, Malaga, Marbella, Torrox - Cristaleria Aligator","description":"\u00dcberdachung fest mit Sandwich gesch\u00e4umt Mijas, Tarifa, Malaga, Marbella, Torrox - Cristaleria Aligator Wintergarten und Terrassenverglasung auch in Sotogrande Costa del Sol","robots":{"index":"index","follow":"follow","max-snippet":"max-snippet:-1","max-image-preview":"max-image-preview:large","max-video-preview":"max-video-preview:-1"},"canonical":"https:\/\/grupo-aligator.com\/de\/uberdachung-fest-mit-sandwich-geschaumt\/","og_locale":"de_DE","og_type":"article","og_title":"\u00dcberdachung fest mit Sandwich gesch\u00e4umt Mijas, Tarifa, Malaga, Marbella, Torrox - Cristaleria Aligator","og_description":"\u00dcberdachung fest mit Sandwich gesch\u00e4umt Mijas, Tarifa, Malaga, Marbella, Torrox - Cristaleria Aligator Wintergarten und Terrassenverglasung auch in Sotogrande Costa del Sol","og_url":"https:\/\/grupo-aligator.com\/de\/uberdachung-fest-mit-sandwich-geschaumt\/","article_modified_time":"2015-09-15T08:03:01+00:00","twitter_card":"summary_large_image","schema":{"@context":"https:\/\/schema.org","@graph":[{"@type":"WebPage","@id":"https:\/\/grupo-aligator.com\/de\/uberdachung-fest-mit-sandwich-geschaumt\/","url":"https:\/\/grupo-aligator.com\/de\/uberdachung-fest-mit-sandwich-geschaumt\/","name":"\u00dcberdachung fest mit Sandwich gesch\u00e4umt Mijas, Tarifa, Malaga, Marbella, Torrox - Cristaleria Aligator","isPartOf":{"@id":"https:\/\/grupo-aligator.com\/de\/#website"},"datePublished":"2014-07-11T08:24:34+00:00","dateModified":"2015-09-15T08:03:01+00:00","description":"\u00dcberdachung fest mit Sandwich gesch\u00e4umt Mijas, Tarifa, Malaga, Marbella, Torrox - Cristaleria Aligator Wintergarten und Terrassenverglasung auch in Sotogrande Costa del Sol","breadcrumb":{"@id":"https:\/\/grupo-aligator.com\/de\/uberdachung-fest-mit-sandwich-geschaumt\/#breadcrumb"},"inLanguage":"de","potentialAction":[{"@type":"ReadAction","target":["https:\/\/grupo-aligator.com\/de\/uberdachung-fest-mit-sandwich-geschaumt\/"]}]},{"@type":"BreadcrumbList","@id":"https:\/\/grupo-aligator.com\/de\/uberdachung-fest-mit-sandwich-geschaumt\/#breadcrumb","itemListElement":[{"@type":"ListItem","position":1,"name":"Home","item":"https:\/\/grupo-aligator.com\/de\/"},{"@type":"ListItem","position":2,"name":"\u00dcberdachung fest mit Sandwich gesch\u00e4umt"}]},{"@type":"WebSite","@id":"https:\/\/grupo-aligator.com\/de\/#website","url":"https:\/\/grupo-aligator.com\/de\/","name":"","description":"","publisher":{"@id":"https:\/\/grupo-aligator.com\/de\/#organization"},"potentialAction":[{"@type":"SearchAction","target":{"@type":"EntryPoint","urlTemplate":"https:\/\/grupo-aligator.com\/de\/?s={search_term_string}"},"query-input":"required name=search_term_string"}],"inLanguage":"de"},{"@type":"Organization","@id":"https:\/\/grupo-aligator.com\/de\/#organization","name":"Cristaleria Aligator S.L.","url":"https:\/\/grupo-aligator.com\/de\/","logo":{"@type":"ImageObject","inLanguage":"de","@id":"https:\/\/grupo-aligator.com\/de\/#\/schema\/logo\/image\/","url":"http:\/\/grupo-aligator.com\/wp-content\/uploads\/2019\/11\/aligator-logo-de.png","contentUrl":"http:\/\/grupo-aligator.com\/wp-content\/uploads\/2019\/11\/aligator-logo-de.png","width":150,"height":160,"caption":"Cristaleria Aligator S.L."},"image":{"@id":"https:\/\/grupo-aligator.com\/de\/#\/schema\/logo\/image\/"}}]}},"_links":{"self":[{"href":"https:\/\/grupo-aligator.com\/de\/wp-json\/wp\/v2\/pages\/1610"}],"collection":[{"href":"https:\/\/grupo-aligator.com\/de\/wp-json\/wp\/v2\/pages"}],"about":[{"href":"https:\/\/grupo-aligator.com\/de\/wp-json\/wp\/v2\/types\/page"}],"author":[{"embeddable":true,"href":"https:\/\/grupo-aligator.com\/de\/wp-json\/wp\/v2\/users\/1"}],"replies":[{"embeddable":true,"href":"https:\/\/grupo-aligator.com\/de\/wp-json\/wp\/v2\/comments?post=1610"}],"version-history":[{"count":6,"href":"https:\/\/grupo-aligator.com\/de\/wp-json\/wp\/v2\/pages\/1610\/revisions"}],"predecessor-version":[{"id":4919,"href":"https:\/\/grupo-aligator.com\/de\/wp-json\/wp\/v2\/pages\/1610\/revisions\/4919"}],"wp:attachment":[{"href":"https:\/\/grupo-aligator.com\/de\/wp-json\/wp\/v2\/media?parent=1610"}],"curies":[{"name":"wp","href":"https:\/\/api.w.org\/{rel}","templated":true}]}}