{"id":1509,"date":"2014-06-26T11:58:41","date_gmt":"2014-06-26T11:58:41","guid":{"rendered":"http:\/\/aligator.cristaleria-aligator.com\/?page_id=1509"},"modified":"2019-12-13T03:20:19","modified_gmt":"2019-12-13T01:20:19","slug":"bauelemente-fenster-und-turen","status":"publish","type":"page","link":"https:\/\/grupo-aligator.com\/de\/bauelemente-fenster-und-turen\/","title":{"rendered":"Fenster und T\u00fcren &#8211; Bauelemente"},"content":{"rendered":"<div id=\"aligator-logo-de\"><\/div>\n<div class=\"toldos-top-logo\"><\/div>\n<div id=\"toldos-aligator-description\">\n<p>Fenster sind die Lichtquelle in Ihrem Haus.<\/p>\n<p>&nbsp;<\/p>\n<p>Mit unterschiedlichen Gr\u00f6\u00dfen, Farben und Designs verleihen sie der Fassadenfront und dem Innenraum eine Atmosph\u00e4re. Von modernen Fenstern erwarten Sie au\u00dfergew\u00f6hnlichen Komfort, modernes Design, Luxus und hohe Qualit\u00e4t. Ein ausgezeichneter und hoher Standard.<\/p>\n<p>&nbsp;<\/p>\n<p>Wir bieten Fenster und T\u00fcren exklusiv aus Deutschland an.<\/p>\n<\/div>\n<div id=\"toldos-columns\" style=\"margin: 20px 0 0 0;\">\n<div class=\"toldos-column\">\n<div class=\"toldos-column-logo-text\" style=\"color: #006600; font-size: 24px; font-weight: bold; padding: 4px 0 18px 0;\">Kunststoff-Fenster<\/div>\n<div class=\"toldos-column-image\" style=\"height: 210px;\"><a href=\"http:\/\/grupo-aligator.com\/de\/kunstoff-fenster\/\"><img decoding=\"async\" loading=\"lazy\" src=\"\/wp-content\/uploads\/2014\/06\/kunstoff-fenster-preview.jpg\" alt=\"Fenster\" width=\"220\" height=\"210\" \/><\/a><\/div>\n<\/div>\n<div class=\"toldos-column\">\n<div class=\"toldos-column-logo-text\" style=\"color: #006600; font-size: 24px; font-weight: bold; padding: 4px 0 18px 0;\">Aluminium-Fenster<\/div>\n<div class=\"toldos-column-image\" style=\"height: 210px;\"><a href=\"http:\/\/grupo-aligator.com\/de\/aluminium-fenster\/\"><img decoding=\"async\" loading=\"lazy\" src=\"\/wp-content\/uploads\/2014\/06\/aluminium-fenster-preview.jpg\" alt=\"Fenster\" width=\"220\" height=\"210\" \/><\/a><\/div>\n<\/div>\n<div class=\"toldos-column\">\n<div class=\"toldos-column-logo-text\" style=\"color: #006600; font-size: 24px; font-weight: bold; padding: 4px 0 18px 0;\">Holz-Fenster<\/div>\n<div class=\"toldos-column-image\" style=\"height: 210px;\"><a href=\"http:\/\/grupo-aligator.com\/de\/holz-fenster\/\"><img decoding=\"async\" loading=\"lazy\" src=\"\/wp-content\/uploads\/2014\/06\/holz-fenster-preview.jpg\" alt=\"\" width=\"220\" height=\"210\" \/><\/a><\/div>\n<\/div>\n<div class=\"toldos-column\">\n<div class=\"toldos-column-logo-text\" style=\"color: #006600; font-size: 24px; font-weight: bold; padding: 4px 0 18px 0;\">Holz-Aluminium-Fenster<\/div>\n<div class=\"toldos-column-image\" style=\"height: 210px;\"><a href=\"http:\/\/grupo-aligator.com\/de\/holz-aluminium-fenster\/\"><img decoding=\"async\" loading=\"lazy\" src=\"\/wp-content\/uploads\/2014\/06\/holz-aluminium-fenster-preview.jpg\" alt=\"\" width=\"220\" height=\"210\" \/><\/a><\/div>\n<\/div>\n<\/div>\n","protected":false},"excerpt":{"rendered":"<p>Fenster sind die Lichtquelle in Ihrem Haus. &nbsp; Mit unterschiedlichen Gr\u00f6\u00dfen, Farben und Designs verleihen sie der Fassadenfront und dem Innenraum eine Atmosph\u00e4re. Von modernen Fenstern erwarten Sie au\u00dfergew\u00f6hnlichen Komfort, modernes Design, Luxus und hohe Qualit\u00e4t. Ein ausgezeichneter und hoher Standard. &nbsp; Wir bieten Fenster und T\u00fcren exklusiv aus Deutschland an. Kunststoff-Fenster Aluminium-Fenster Holz-Fenster Holz-Aluminium-Fenster<\/p>\n","protected":false},"author":1,"featured_media":0,"parent":0,"menu_order":0,"comment_status":"closed","ping_status":"closed","template":"content-page.php","meta":[],"yoast_head":"<!-- This site is optimized with the Yoast SEO plugin v19.11 - https:\/\/yoast.com\/wordpress\/plugins\/seo\/ -->\n<title>Fenster und T\u00fcren - Bauelemente Malaga, Marbella - Cristaleria Aligator<\/title>\n<meta name=\"description\" content=\"Fenster und T\u00fcren - Bauelemente Mijas, Tarifa, Malaga, Marbella, Torrox - Cristaleria Aligator Wintergarten und Verglasung auch in Sotogrande Costa del Sol\" \/>\n<meta name=\"robots\" content=\"index, follow, max-snippet:-1, max-image-preview:large, max-video-preview:-1\" \/>\n<link rel=\"canonical\" href=\"https:\/\/grupo-aligator.com\/de\/bauelemente-fenster-und-turen\/\" \/>\n<meta property=\"og:locale\" content=\"de_DE\" \/>\n<meta property=\"og:type\" content=\"article\" \/>\n<meta property=\"og:title\" content=\"Fenster und T\u00fcren - Bauelemente Malaga, Marbella - Cristaleria Aligator\" \/>\n<meta property=\"og:description\" content=\"Fenster und T\u00fcren - Bauelemente Mijas, Tarifa, Malaga, Marbella, Torrox - Cristaleria Aligator Wintergarten und Verglasung auch in Sotogrande Costa del Sol\" \/>\n<meta property=\"og:url\" content=\"https:\/\/grupo-aligator.com\/de\/bauelemente-fenster-und-turen\/\" \/>\n<meta property=\"article:modified_time\" content=\"2019-12-13T01:20:19+00:00\" \/>\n<meta name=\"twitter:card\" content=\"summary_large_image\" \/>\n<script type=\"application\/ld+json\" class=\"yoast-schema-graph\">{\"@context\":\"https:\/\/schema.org\",\"@graph\":[{\"@type\":\"WebPage\",\"@id\":\"https:\/\/grupo-aligator.com\/de\/bauelemente-fenster-und-turen\/\",\"url\":\"https:\/\/grupo-aligator.com\/de\/bauelemente-fenster-und-turen\/\",\"name\":\"Fenster und T\u00fcren - Bauelemente Malaga, Marbella - Cristaleria Aligator\",\"isPartOf\":{\"@id\":\"https:\/\/grupo-aligator.com\/de\/#website\"},\"datePublished\":\"2014-06-26T11:58:41+00:00\",\"dateModified\":\"2019-12-13T01:20:19+00:00\",\"description\":\"Fenster und T\u00fcren - Bauelemente Mijas, Tarifa, Malaga, Marbella, Torrox - Cristaleria Aligator Wintergarten und Verglasung auch in Sotogrande Costa del Sol\",\"breadcrumb\":{\"@id\":\"https:\/\/grupo-aligator.com\/de\/bauelemente-fenster-und-turen\/#breadcrumb\"},\"inLanguage\":\"de\",\"potentialAction\":[{\"@type\":\"ReadAction\",\"target\":[\"https:\/\/grupo-aligator.com\/de\/bauelemente-fenster-und-turen\/\"]}]},{\"@type\":\"BreadcrumbList\",\"@id\":\"https:\/\/grupo-aligator.com\/de\/bauelemente-fenster-und-turen\/#breadcrumb\",\"itemListElement\":[{\"@type\":\"ListItem\",\"position\":1,\"name\":\"Home\",\"item\":\"https:\/\/grupo-aligator.com\/de\/\"},{\"@type\":\"ListItem\",\"position\":2,\"name\":\"Fenster und T\u00fcren &#8211; Bauelemente\"}]},{\"@type\":\"WebSite\",\"@id\":\"https:\/\/grupo-aligator.com\/de\/#website\",\"url\":\"https:\/\/grupo-aligator.com\/de\/\",\"name\":\"\",\"description\":\"\",\"publisher\":{\"@id\":\"https:\/\/grupo-aligator.com\/de\/#organization\"},\"potentialAction\":[{\"@type\":\"SearchAction\",\"target\":{\"@type\":\"EntryPoint\",\"urlTemplate\":\"https:\/\/grupo-aligator.com\/de\/?s={search_term_string}\"},\"query-input\":\"required name=search_term_string\"}],\"inLanguage\":\"de\"},{\"@type\":\"Organization\",\"@id\":\"https:\/\/grupo-aligator.com\/de\/#organization\",\"name\":\"Cristaleria Aligator S.L.\",\"url\":\"https:\/\/grupo-aligator.com\/de\/\",\"logo\":{\"@type\":\"ImageObject\",\"inLanguage\":\"de\",\"@id\":\"https:\/\/grupo-aligator.com\/de\/#\/schema\/logo\/image\/\",\"url\":\"http:\/\/grupo-aligator.com\/wp-content\/uploads\/2019\/11\/aligator-logo-de.png\",\"contentUrl\":\"http:\/\/grupo-aligator.com\/wp-content\/uploads\/2019\/11\/aligator-logo-de.png\",\"width\":150,\"height\":160,\"caption\":\"Cristaleria Aligator S.L.\"},\"image\":{\"@id\":\"https:\/\/grupo-aligator.com\/de\/#\/schema\/logo\/image\/\"}}]}<\/script>\n<!-- \/ Yoast SEO plugin. -->","yoast_head_json":{"title":"Fenster und T\u00fcren - Bauelemente Malaga, Marbella - Cristaleria Aligator","description":"Fenster und T\u00fcren - Bauelemente Mijas, Tarifa, Malaga, Marbella, Torrox - Cristaleria Aligator Wintergarten und Verglasung auch in Sotogrande Costa del Sol","robots":{"index":"index","follow":"follow","max-snippet":"max-snippet:-1","max-image-preview":"max-image-preview:large","max-video-preview":"max-video-preview:-1"},"canonical":"https:\/\/grupo-aligator.com\/de\/bauelemente-fenster-und-turen\/","og_locale":"de_DE","og_type":"article","og_title":"Fenster und T\u00fcren - Bauelemente Malaga, Marbella - Cristaleria Aligator","og_description":"Fenster und T\u00fcren - Bauelemente Mijas, Tarifa, Malaga, Marbella, Torrox - Cristaleria Aligator Wintergarten und Verglasung auch in Sotogrande Costa del Sol","og_url":"https:\/\/grupo-aligator.com\/de\/bauelemente-fenster-und-turen\/","article_modified_time":"2019-12-13T01:20:19+00:00","twitter_card":"summary_large_image","schema":{"@context":"https:\/\/schema.org","@graph":[{"@type":"WebPage","@id":"https:\/\/grupo-aligator.com\/de\/bauelemente-fenster-und-turen\/","url":"https:\/\/grupo-aligator.com\/de\/bauelemente-fenster-und-turen\/","name":"Fenster und T\u00fcren - Bauelemente Malaga, Marbella - Cristaleria Aligator","isPartOf":{"@id":"https:\/\/grupo-aligator.com\/de\/#website"},"datePublished":"2014-06-26T11:58:41+00:00","dateModified":"2019-12-13T01:20:19+00:00","description":"Fenster und T\u00fcren - Bauelemente Mijas, Tarifa, Malaga, Marbella, Torrox - Cristaleria Aligator Wintergarten und Verglasung auch in Sotogrande Costa del Sol","breadcrumb":{"@id":"https:\/\/grupo-aligator.com\/de\/bauelemente-fenster-und-turen\/#breadcrumb"},"inLanguage":"de","potentialAction":[{"@type":"ReadAction","target":["https:\/\/grupo-aligator.com\/de\/bauelemente-fenster-und-turen\/"]}]},{"@type":"BreadcrumbList","@id":"https:\/\/grupo-aligator.com\/de\/bauelemente-fenster-und-turen\/#breadcrumb","itemListElement":[{"@type":"ListItem","position":1,"name":"Home","item":"https:\/\/grupo-aligator.com\/de\/"},{"@type":"ListItem","position":2,"name":"Fenster und T\u00fcren &#8211; Bauelemente"}]},{"@type":"WebSite","@id":"https:\/\/grupo-aligator.com\/de\/#website","url":"https:\/\/grupo-aligator.com\/de\/","name":"","description":"","publisher":{"@id":"https:\/\/grupo-aligator.com\/de\/#organization"},"potentialAction":[{"@type":"SearchAction","target":{"@type":"EntryPoint","urlTemplate":"https:\/\/grupo-aligator.com\/de\/?s={search_term_string}"},"query-input":"required name=search_term_string"}],"inLanguage":"de"},{"@type":"Organization","@id":"https:\/\/grupo-aligator.com\/de\/#organization","name":"Cristaleria Aligator S.L.","url":"https:\/\/grupo-aligator.com\/de\/","logo":{"@type":"ImageObject","inLanguage":"de","@id":"https:\/\/grupo-aligator.com\/de\/#\/schema\/logo\/image\/","url":"http:\/\/grupo-aligator.com\/wp-content\/uploads\/2019\/11\/aligator-logo-de.png","contentUrl":"http:\/\/grupo-aligator.com\/wp-content\/uploads\/2019\/11\/aligator-logo-de.png","width":150,"height":160,"caption":"Cristaleria Aligator S.L."},"image":{"@id":"https:\/\/grupo-aligator.com\/de\/#\/schema\/logo\/image\/"}}]}},"_links":{"self":[{"href":"https:\/\/grupo-aligator.com\/de\/wp-json\/wp\/v2\/pages\/1509"}],"collection":[{"href":"https:\/\/grupo-aligator.com\/de\/wp-json\/wp\/v2\/pages"}],"about":[{"href":"https:\/\/grupo-aligator.com\/de\/wp-json\/wp\/v2\/types\/page"}],"author":[{"embeddable":true,"href":"https:\/\/grupo-aligator.com\/de\/wp-json\/wp\/v2\/users\/1"}],"replies":[{"embeddable":true,"href":"https:\/\/grupo-aligator.com\/de\/wp-json\/wp\/v2\/comments?post=1509"}],"version-history":[{"count":23,"href":"https:\/\/grupo-aligator.com\/de\/wp-json\/wp\/v2\/pages\/1509\/revisions"}],"predecessor-version":[{"id":7273,"href":"https:\/\/grupo-aligator.com\/de\/wp-json\/wp\/v2\/pages\/1509\/revisions\/7273"}],"wp:attachment":[{"href":"https:\/\/grupo-aligator.com\/de\/wp-json\/wp\/v2\/media?parent=1509"}],"curies":[{"name":"wp","href":"https:\/\/api.w.org\/{rel}","templated":true}]}}