{"id":1452,"date":"2014-06-25T13:29:33","date_gmt":"2014-06-25T13:29:33","guid":{"rendered":"http:\/\/aligator.cristaleria-aligator.com\/?page_id=1452"},"modified":"2014-06-25T13:29:33","modified_gmt":"2014-06-25T13:29:33","slug":"das-rollo-innovativ","status":"publish","type":"page","link":"https:\/\/grupo-aligator.com\/de\/das-rollo-innovativ\/","title":{"rendered":"Das Rollo &#8211; Innovativ"},"content":{"rendered":"<div id=\"aligator-logo-de\"><\/div>\n<div class=\"toldos-top-logo\"><\/div>\n<div id=\"toldos-aligator-description\">\n<p>DInsektenschutz nur dann, wenn Sie ihn ben\u00f6tigen.<br \/>\nUnverwervechselbarer Blickfang bei hohem Anspruch an dauerhafte<br \/>\nFunktionalit\u00e4t.<br \/>\nEine Entwicklung mit Leidenschaft.<\/p>\n<p>&nbsp;<\/p>\n<p>Mal Offen, mal gesschlossen &#8211; so wie Sie es m\u00f6chten. Das NEHER<br \/>\nRollo, flexibel in derAnwendung, sensationell innovativ in der Technik.<br \/>\nLassen Sie sich \u00fcber die M\u00f6glichkeiten beraten &#8211; Sie werden<br \/>\nstaunen. \u00dcbrigens: Das NEHER Rollo gibt es auch als bequeme, motorbetriebene Variante.<\/p>\n<p>&nbsp;<\/p>\n<p>Individuelle Farbwahl nach RAL; 210 Farben zu Ihrer Asuwahl.<\/p>\n<\/div>\n<p><img decoding=\"async\" loading=\"lazy\" src=\"\/wp-content\/uploads\/2014\/06\/das-rollo.png\" height=\"351\" width=\"547\" alt\"background\" style=\"margin: 300px 0 0 52px;\" \/><\/p>\n<p><img decoding=\"async\" src=\"\/wp-content\/uploads\/2014\/06\/das-rollo2.png\" alt\"background\" style=\"margin: -590px 0 0 610px;\" \/><\/p>\n","protected":false},"excerpt":{"rendered":"<p>DInsektenschutz nur dann, wenn Sie ihn ben\u00f6tigen. Unverwervechselbarer Blickfang bei hohem Anspruch an dauerhafte Funktionalit\u00e4t. Eine Entwicklung mit Leidenschaft. &nbsp; Mal Offen, mal gesschlossen &#8211; so wie Sie es m\u00f6chten. Das NEHER Rollo, flexibel in derAnwendung, sensationell innovativ in der Technik. Lassen Sie sich \u00fcber die M\u00f6glichkeiten beraten &#8211; Sie werden staunen. \u00dcbrigens: Das NEHER Rollo gibt es auch als bequeme, motorbetriebene Variante. &nbsp; Individuelle Farbwahl nach RAL; 210<span class=\"ellipsis\">&hellip;<\/span><\/p>\n<div class=\"read-more\"><a href=\"https:\/\/grupo-aligator.com\/de\/das-rollo-innovativ\/\">Read More&#8230;<\/a><\/div>\n<p><!-- end of .read-more --><\/p>\n","protected":false},"author":1,"featured_media":0,"parent":0,"menu_order":0,"comment_status":"open","ping_status":"open","template":"content-page.php","meta":[],"yoast_head":"<!-- This site is optimized with the Yoast SEO plugin v19.11 - https:\/\/yoast.com\/wordpress\/plugins\/seo\/ -->\n<title>Das Rollo - Innovativ Mijas, Tarifa, Malaga, Marbella, Torrox - Cristaleria Aligator<\/title>\n<meta name=\"description\" content=\"Das Rollo - Innovativ Mijas, Tarifa, Malaga, Marbella, Torrox - Cristaleria Aligator Wintergarten und Terrassenverglasung auch in Sotogrande Costa del Sol\" \/>\n<meta name=\"robots\" content=\"index, follow, max-snippet:-1, max-image-preview:large, max-video-preview:-1\" \/>\n<link rel=\"canonical\" href=\"https:\/\/grupo-aligator.com\/de\/das-rollo-innovativ\/\" \/>\n<meta property=\"og:locale\" content=\"de_DE\" \/>\n<meta property=\"og:type\" content=\"article\" \/>\n<meta property=\"og:title\" content=\"Das Rollo - Innovativ Mijas, Tarifa, Malaga, Marbella, Torrox - Cristaleria Aligator\" \/>\n<meta property=\"og:description\" content=\"Das Rollo - Innovativ Mijas, Tarifa, Malaga, Marbella, Torrox - Cristaleria Aligator Wintergarten und Terrassenverglasung auch in Sotogrande Costa del Sol\" \/>\n<meta property=\"og:url\" content=\"https:\/\/grupo-aligator.com\/de\/das-rollo-innovativ\/\" \/>\n<meta name=\"twitter:card\" content=\"summary_large_image\" \/>\n<script type=\"application\/ld+json\" class=\"yoast-schema-graph\">{\"@context\":\"https:\/\/schema.org\",\"@graph\":[{\"@type\":\"WebPage\",\"@id\":\"https:\/\/grupo-aligator.com\/de\/das-rollo-innovativ\/\",\"url\":\"https:\/\/grupo-aligator.com\/de\/das-rollo-innovativ\/\",\"name\":\"Das Rollo - Innovativ Mijas, Tarifa, Malaga, Marbella, Torrox - Cristaleria Aligator\",\"isPartOf\":{\"@id\":\"https:\/\/grupo-aligator.com\/de\/#website\"},\"datePublished\":\"2014-06-25T13:29:33+00:00\",\"dateModified\":\"2014-06-25T13:29:33+00:00\",\"description\":\"Das Rollo - Innovativ Mijas, Tarifa, Malaga, Marbella, Torrox - Cristaleria Aligator Wintergarten und Terrassenverglasung auch in Sotogrande Costa del Sol\",\"breadcrumb\":{\"@id\":\"https:\/\/grupo-aligator.com\/de\/das-rollo-innovativ\/#breadcrumb\"},\"inLanguage\":\"de\",\"potentialAction\":[{\"@type\":\"ReadAction\",\"target\":[\"https:\/\/grupo-aligator.com\/de\/das-rollo-innovativ\/\"]}]},{\"@type\":\"BreadcrumbList\",\"@id\":\"https:\/\/grupo-aligator.com\/de\/das-rollo-innovativ\/#breadcrumb\",\"itemListElement\":[{\"@type\":\"ListItem\",\"position\":1,\"name\":\"Home\",\"item\":\"https:\/\/grupo-aligator.com\/de\/\"},{\"@type\":\"ListItem\",\"position\":2,\"name\":\"Das Rollo &#8211; Innovativ\"}]},{\"@type\":\"WebSite\",\"@id\":\"https:\/\/grupo-aligator.com\/de\/#website\",\"url\":\"https:\/\/grupo-aligator.com\/de\/\",\"name\":\"\",\"description\":\"\",\"publisher\":{\"@id\":\"https:\/\/grupo-aligator.com\/de\/#organization\"},\"potentialAction\":[{\"@type\":\"SearchAction\",\"target\":{\"@type\":\"EntryPoint\",\"urlTemplate\":\"https:\/\/grupo-aligator.com\/de\/?s={search_term_string}\"},\"query-input\":\"required name=search_term_string\"}],\"inLanguage\":\"de\"},{\"@type\":\"Organization\",\"@id\":\"https:\/\/grupo-aligator.com\/de\/#organization\",\"name\":\"Cristaleria Aligator S.L.\",\"url\":\"https:\/\/grupo-aligator.com\/de\/\",\"logo\":{\"@type\":\"ImageObject\",\"inLanguage\":\"de\",\"@id\":\"https:\/\/grupo-aligator.com\/de\/#\/schema\/logo\/image\/\",\"url\":\"http:\/\/grupo-aligator.com\/wp-content\/uploads\/2019\/11\/aligator-logo-de.png\",\"contentUrl\":\"http:\/\/grupo-aligator.com\/wp-content\/uploads\/2019\/11\/aligator-logo-de.png\",\"width\":150,\"height\":160,\"caption\":\"Cristaleria Aligator S.L.\"},\"image\":{\"@id\":\"https:\/\/grupo-aligator.com\/de\/#\/schema\/logo\/image\/\"}}]}<\/script>\n<!-- \/ Yoast SEO plugin. -->","yoast_head_json":{"title":"Das Rollo - Innovativ Mijas, Tarifa, Malaga, Marbella, Torrox - Cristaleria Aligator","description":"Das Rollo - Innovativ Mijas, Tarifa, Malaga, Marbella, Torrox - Cristaleria Aligator Wintergarten und Terrassenverglasung auch in Sotogrande Costa del Sol","robots":{"index":"index","follow":"follow","max-snippet":"max-snippet:-1","max-image-preview":"max-image-preview:large","max-video-preview":"max-video-preview:-1"},"canonical":"https:\/\/grupo-aligator.com\/de\/das-rollo-innovativ\/","og_locale":"de_DE","og_type":"article","og_title":"Das Rollo - Innovativ Mijas, Tarifa, Malaga, Marbella, Torrox - Cristaleria Aligator","og_description":"Das Rollo - Innovativ Mijas, Tarifa, Malaga, Marbella, Torrox - Cristaleria Aligator Wintergarten und Terrassenverglasung auch in Sotogrande Costa del Sol","og_url":"https:\/\/grupo-aligator.com\/de\/das-rollo-innovativ\/","twitter_card":"summary_large_image","schema":{"@context":"https:\/\/schema.org","@graph":[{"@type":"WebPage","@id":"https:\/\/grupo-aligator.com\/de\/das-rollo-innovativ\/","url":"https:\/\/grupo-aligator.com\/de\/das-rollo-innovativ\/","name":"Das Rollo - Innovativ Mijas, Tarifa, Malaga, Marbella, Torrox - Cristaleria Aligator","isPartOf":{"@id":"https:\/\/grupo-aligator.com\/de\/#website"},"datePublished":"2014-06-25T13:29:33+00:00","dateModified":"2014-06-25T13:29:33+00:00","description":"Das Rollo - Innovativ Mijas, Tarifa, Malaga, Marbella, Torrox - Cristaleria Aligator Wintergarten und Terrassenverglasung auch in Sotogrande Costa del Sol","breadcrumb":{"@id":"https:\/\/grupo-aligator.com\/de\/das-rollo-innovativ\/#breadcrumb"},"inLanguage":"de","potentialAction":[{"@type":"ReadAction","target":["https:\/\/grupo-aligator.com\/de\/das-rollo-innovativ\/"]}]},{"@type":"BreadcrumbList","@id":"https:\/\/grupo-aligator.com\/de\/das-rollo-innovativ\/#breadcrumb","itemListElement":[{"@type":"ListItem","position":1,"name":"Home","item":"https:\/\/grupo-aligator.com\/de\/"},{"@type":"ListItem","position":2,"name":"Das Rollo &#8211; Innovativ"}]},{"@type":"WebSite","@id":"https:\/\/grupo-aligator.com\/de\/#website","url":"https:\/\/grupo-aligator.com\/de\/","name":"","description":"","publisher":{"@id":"https:\/\/grupo-aligator.com\/de\/#organization"},"potentialAction":[{"@type":"SearchAction","target":{"@type":"EntryPoint","urlTemplate":"https:\/\/grupo-aligator.com\/de\/?s={search_term_string}"},"query-input":"required name=search_term_string"}],"inLanguage":"de"},{"@type":"Organization","@id":"https:\/\/grupo-aligator.com\/de\/#organization","name":"Cristaleria Aligator S.L.","url":"https:\/\/grupo-aligator.com\/de\/","logo":{"@type":"ImageObject","inLanguage":"de","@id":"https:\/\/grupo-aligator.com\/de\/#\/schema\/logo\/image\/","url":"http:\/\/grupo-aligator.com\/wp-content\/uploads\/2019\/11\/aligator-logo-de.png","contentUrl":"http:\/\/grupo-aligator.com\/wp-content\/uploads\/2019\/11\/aligator-logo-de.png","width":150,"height":160,"caption":"Cristaleria Aligator S.L."},"image":{"@id":"https:\/\/grupo-aligator.com\/de\/#\/schema\/logo\/image\/"}}]}},"_links":{"self":[{"href":"https:\/\/grupo-aligator.com\/de\/wp-json\/wp\/v2\/pages\/1452"}],"collection":[{"href":"https:\/\/grupo-aligator.com\/de\/wp-json\/wp\/v2\/pages"}],"about":[{"href":"https:\/\/grupo-aligator.com\/de\/wp-json\/wp\/v2\/types\/page"}],"author":[{"embeddable":true,"href":"https:\/\/grupo-aligator.com\/de\/wp-json\/wp\/v2\/users\/1"}],"replies":[{"embeddable":true,"href":"https:\/\/grupo-aligator.com\/de\/wp-json\/wp\/v2\/comments?post=1452"}],"version-history":[{"count":1,"href":"https:\/\/grupo-aligator.com\/de\/wp-json\/wp\/v2\/pages\/1452\/revisions"}],"predecessor-version":[{"id":1454,"href":"https:\/\/grupo-aligator.com\/de\/wp-json\/wp\/v2\/pages\/1452\/revisions\/1454"}],"wp:attachment":[{"href":"https:\/\/grupo-aligator.com\/de\/wp-json\/wp\/v2\/media?parent=1452"}],"curies":[{"name":"wp","href":"https:\/\/api.w.org\/{rel}","templated":true}]}}