{"id":1408,"date":"2014-06-25T12:08:44","date_gmt":"2014-06-25T12:08:44","guid":{"rendered":"http:\/\/aligator.cristaleria-aligator.com\/?page_id=1408"},"modified":"2019-12-13T01:20:05","modified_gmt":"2019-12-12T23:20:05","slug":"duschen-wannenaufsatze","status":"publish","type":"page","link":"https:\/\/grupo-aligator.com\/de\/duschen-wannenaufsatze\/","title":{"rendered":"Duschen Wannenaufs\u00e4tze"},"content":{"rendered":"<div id=\"aligator-logo-de\"><\/div>\n<div class=\"toldos-top-logo\"><\/div>\n<div id=\"toldos-aligator-description\">\n<p>Duschen und Wannenaufs\u00e4tze &#8211; Wir fertigen rahmenlose Ganzglasduschen und Wannenaufs\u00e4tze aus 8mm Einscheiben-Sicherheitsglas, ohne st\u00f6rende Rahmen und nur mit transparenten Dichtungen. Somit engt die Dusche das optische Erscheinungsbild Ihres Bades nicht ein.<\/p>\n<p>&nbsp;<\/p>\n<p>Stilvolle Duschabtrennungen werden f\u00fcr Sie auf Ma\u00df gefertigt und fachgerecht montiert. Selbst Sonderanfertigungen stellen f\u00fcr uns kein Problem dar.<\/p>\n<p>&nbsp;<\/p>\n<p>Ausf\u00fchrung als Dreh- oder Schiebevariante m\u00f6glich..<\/p>\n<\/div>\n<div id=\"toldos-columns\" style=\"margin: 20px 0 0 0;\">\n<div class=\"toldos-column\" style=\"width: 280px;\">\n<div class=\"toldos-column-logo-text\" style=\"color: #006600; font-size: 24px; font-weight: bold; padding: 4px 0 18px 0;\">Drehelemente<\/div>\n<p>&nbsp;<\/p>\n<div class=\"toldos-column-image\" style=\"height: 325px; width: 280px;\"><a href=\"http:\/\/grupo-aligator.com\/de\/drehelemente\/\"><img decoding=\"async\" loading=\"lazy\" src=\"\/wp-content\/uploads\/2014\/06\/drehelemente.jpg\" alt=\"Drehelemente\" width=\"280\" height=\"325\" \/><\/a><\/div>\n<\/div>\n<div class=\"toldos-column\" style=\"width: 280px;\">\n<div class=\"toldos-column-logo-text\" style=\"color: #006600; font-size: 24px; font-weight: bold; padding: 4px 0 18px 0;\">Schiebeelemente<\/div>\n<p>&nbsp;<\/p>\n<div class=\"toldos-column-image\" style=\"height: 325px; width: 280px;\"><a href=\"http:\/\/grupo-aligator.com\/de\/schiebeelemente\/\"><img decoding=\"async\" loading=\"lazy\" src=\"\/wp-content\/uploads\/2014\/06\/schiebeelemente.jpg\" alt=\"Duschen Wannenaufs\u00e4tze\" width=\"280\" height=\"325\" \/><\/a><\/div>\n<\/div>\n<\/div>\n","protected":false},"excerpt":{"rendered":"<p>Duschen und Wannenaufs\u00e4tze &#8211; Wir fertigen rahmenlose Ganzglasduschen und Wannenaufs\u00e4tze aus 8mm Einscheiben-Sicherheitsglas, ohne st\u00f6rende Rahmen und nur mit transparenten Dichtungen. Somit engt die Dusche das optische Erscheinungsbild Ihres Bades nicht ein. &nbsp; Stilvolle Duschabtrennungen werden f\u00fcr Sie auf Ma\u00df gefertigt und fachgerecht montiert. Selbst Sonderanfertigungen stellen f\u00fcr uns kein Problem dar. &nbsp; Ausf\u00fchrung als Dreh- oder Schiebevariante m\u00f6glich.. Drehelemente &nbsp; Schiebeelemente &nbsp;<\/p>\n","protected":false},"author":1,"featured_media":0,"parent":0,"menu_order":0,"comment_status":"closed","ping_status":"closed","template":"content-page.php","meta":[],"yoast_head":"<!-- This site is optimized with the Yoast SEO plugin v19.11 - https:\/\/yoast.com\/wordpress\/plugins\/seo\/ -->\n<title>Duschen Wannenaufs\u00e4tze aus Glas Mijas, Marbella- Cristaleria Aligator<\/title>\n<meta name=\"description\" content=\"Duschen Wannenaufs\u00e4tze Mijas, Tarifa, Malaga, Marbella, Torrox - Cristaleria Aligator Wintergarten und Terrassenverglasung auch in Sotogrande Costa del Sol\" \/>\n<meta name=\"robots\" content=\"index, follow, max-snippet:-1, max-image-preview:large, max-video-preview:-1\" \/>\n<link rel=\"canonical\" href=\"https:\/\/grupo-aligator.com\/de\/duschen-wannenaufsatze\/\" \/>\n<meta property=\"og:locale\" content=\"de_DE\" \/>\n<meta property=\"og:type\" content=\"article\" \/>\n<meta property=\"og:title\" content=\"Duschen Wannenaufs\u00e4tze aus Glas Mijas, Marbella- Cristaleria Aligator\" \/>\n<meta property=\"og:description\" content=\"Duschen Wannenaufs\u00e4tze Mijas, Tarifa, Malaga, Marbella, Torrox - Cristaleria Aligator Wintergarten und Terrassenverglasung auch in Sotogrande Costa del Sol\" \/>\n<meta property=\"og:url\" content=\"https:\/\/grupo-aligator.com\/de\/duschen-wannenaufsatze\/\" \/>\n<meta property=\"article:modified_time\" content=\"2019-12-12T23:20:05+00:00\" \/>\n<meta name=\"twitter:card\" content=\"summary_large_image\" \/>\n<script type=\"application\/ld+json\" class=\"yoast-schema-graph\">{\"@context\":\"https:\/\/schema.org\",\"@graph\":[{\"@type\":\"WebPage\",\"@id\":\"https:\/\/grupo-aligator.com\/de\/duschen-wannenaufsatze\/\",\"url\":\"https:\/\/grupo-aligator.com\/de\/duschen-wannenaufsatze\/\",\"name\":\"Duschen Wannenaufs\u00e4tze aus Glas Mijas, Marbella- Cristaleria Aligator\",\"isPartOf\":{\"@id\":\"https:\/\/grupo-aligator.com\/de\/#website\"},\"datePublished\":\"2014-06-25T12:08:44+00:00\",\"dateModified\":\"2019-12-12T23:20:05+00:00\",\"description\":\"Duschen Wannenaufs\u00e4tze Mijas, Tarifa, Malaga, Marbella, Torrox - Cristaleria Aligator Wintergarten und Terrassenverglasung auch in Sotogrande Costa del Sol\",\"breadcrumb\":{\"@id\":\"https:\/\/grupo-aligator.com\/de\/duschen-wannenaufsatze\/#breadcrumb\"},\"inLanguage\":\"de\",\"potentialAction\":[{\"@type\":\"ReadAction\",\"target\":[\"https:\/\/grupo-aligator.com\/de\/duschen-wannenaufsatze\/\"]}]},{\"@type\":\"BreadcrumbList\",\"@id\":\"https:\/\/grupo-aligator.com\/de\/duschen-wannenaufsatze\/#breadcrumb\",\"itemListElement\":[{\"@type\":\"ListItem\",\"position\":1,\"name\":\"Home\",\"item\":\"https:\/\/grupo-aligator.com\/de\/\"},{\"@type\":\"ListItem\",\"position\":2,\"name\":\"Duschen Wannenaufs\u00e4tze\"}]},{\"@type\":\"WebSite\",\"@id\":\"https:\/\/grupo-aligator.com\/de\/#website\",\"url\":\"https:\/\/grupo-aligator.com\/de\/\",\"name\":\"\",\"description\":\"\",\"publisher\":{\"@id\":\"https:\/\/grupo-aligator.com\/de\/#organization\"},\"potentialAction\":[{\"@type\":\"SearchAction\",\"target\":{\"@type\":\"EntryPoint\",\"urlTemplate\":\"https:\/\/grupo-aligator.com\/de\/?s={search_term_string}\"},\"query-input\":\"required name=search_term_string\"}],\"inLanguage\":\"de\"},{\"@type\":\"Organization\",\"@id\":\"https:\/\/grupo-aligator.com\/de\/#organization\",\"name\":\"Cristaleria Aligator S.L.\",\"url\":\"https:\/\/grupo-aligator.com\/de\/\",\"logo\":{\"@type\":\"ImageObject\",\"inLanguage\":\"de\",\"@id\":\"https:\/\/grupo-aligator.com\/de\/#\/schema\/logo\/image\/\",\"url\":\"http:\/\/grupo-aligator.com\/wp-content\/uploads\/2019\/11\/aligator-logo-de.png\",\"contentUrl\":\"http:\/\/grupo-aligator.com\/wp-content\/uploads\/2019\/11\/aligator-logo-de.png\",\"width\":150,\"height\":160,\"caption\":\"Cristaleria Aligator S.L.\"},\"image\":{\"@id\":\"https:\/\/grupo-aligator.com\/de\/#\/schema\/logo\/image\/\"}}]}<\/script>\n<!-- \/ Yoast SEO plugin. -->","yoast_head_json":{"title":"Duschen Wannenaufs\u00e4tze aus Glas Mijas, Marbella- Cristaleria Aligator","description":"Duschen Wannenaufs\u00e4tze Mijas, Tarifa, Malaga, Marbella, Torrox - Cristaleria Aligator Wintergarten und Terrassenverglasung auch in Sotogrande Costa del Sol","robots":{"index":"index","follow":"follow","max-snippet":"max-snippet:-1","max-image-preview":"max-image-preview:large","max-video-preview":"max-video-preview:-1"},"canonical":"https:\/\/grupo-aligator.com\/de\/duschen-wannenaufsatze\/","og_locale":"de_DE","og_type":"article","og_title":"Duschen Wannenaufs\u00e4tze aus Glas Mijas, Marbella- Cristaleria Aligator","og_description":"Duschen Wannenaufs\u00e4tze Mijas, Tarifa, Malaga, Marbella, Torrox - Cristaleria Aligator Wintergarten und Terrassenverglasung auch in Sotogrande Costa del Sol","og_url":"https:\/\/grupo-aligator.com\/de\/duschen-wannenaufsatze\/","article_modified_time":"2019-12-12T23:20:05+00:00","twitter_card":"summary_large_image","schema":{"@context":"https:\/\/schema.org","@graph":[{"@type":"WebPage","@id":"https:\/\/grupo-aligator.com\/de\/duschen-wannenaufsatze\/","url":"https:\/\/grupo-aligator.com\/de\/duschen-wannenaufsatze\/","name":"Duschen Wannenaufs\u00e4tze aus Glas Mijas, Marbella- Cristaleria Aligator","isPartOf":{"@id":"https:\/\/grupo-aligator.com\/de\/#website"},"datePublished":"2014-06-25T12:08:44+00:00","dateModified":"2019-12-12T23:20:05+00:00","description":"Duschen Wannenaufs\u00e4tze Mijas, Tarifa, Malaga, Marbella, Torrox - Cristaleria Aligator Wintergarten und Terrassenverglasung auch in Sotogrande Costa del Sol","breadcrumb":{"@id":"https:\/\/grupo-aligator.com\/de\/duschen-wannenaufsatze\/#breadcrumb"},"inLanguage":"de","potentialAction":[{"@type":"ReadAction","target":["https:\/\/grupo-aligator.com\/de\/duschen-wannenaufsatze\/"]}]},{"@type":"BreadcrumbList","@id":"https:\/\/grupo-aligator.com\/de\/duschen-wannenaufsatze\/#breadcrumb","itemListElement":[{"@type":"ListItem","position":1,"name":"Home","item":"https:\/\/grupo-aligator.com\/de\/"},{"@type":"ListItem","position":2,"name":"Duschen Wannenaufs\u00e4tze"}]},{"@type":"WebSite","@id":"https:\/\/grupo-aligator.com\/de\/#website","url":"https:\/\/grupo-aligator.com\/de\/","name":"","description":"","publisher":{"@id":"https:\/\/grupo-aligator.com\/de\/#organization"},"potentialAction":[{"@type":"SearchAction","target":{"@type":"EntryPoint","urlTemplate":"https:\/\/grupo-aligator.com\/de\/?s={search_term_string}"},"query-input":"required name=search_term_string"}],"inLanguage":"de"},{"@type":"Organization","@id":"https:\/\/grupo-aligator.com\/de\/#organization","name":"Cristaleria Aligator S.L.","url":"https:\/\/grupo-aligator.com\/de\/","logo":{"@type":"ImageObject","inLanguage":"de","@id":"https:\/\/grupo-aligator.com\/de\/#\/schema\/logo\/image\/","url":"http:\/\/grupo-aligator.com\/wp-content\/uploads\/2019\/11\/aligator-logo-de.png","contentUrl":"http:\/\/grupo-aligator.com\/wp-content\/uploads\/2019\/11\/aligator-logo-de.png","width":150,"height":160,"caption":"Cristaleria Aligator S.L."},"image":{"@id":"https:\/\/grupo-aligator.com\/de\/#\/schema\/logo\/image\/"}}]}},"_links":{"self":[{"href":"https:\/\/grupo-aligator.com\/de\/wp-json\/wp\/v2\/pages\/1408"}],"collection":[{"href":"https:\/\/grupo-aligator.com\/de\/wp-json\/wp\/v2\/pages"}],"about":[{"href":"https:\/\/grupo-aligator.com\/de\/wp-json\/wp\/v2\/types\/page"}],"author":[{"embeddable":true,"href":"https:\/\/grupo-aligator.com\/de\/wp-json\/wp\/v2\/users\/1"}],"replies":[{"embeddable":true,"href":"https:\/\/grupo-aligator.com\/de\/wp-json\/wp\/v2\/comments?post=1408"}],"version-history":[{"count":17,"href":"https:\/\/grupo-aligator.com\/de\/wp-json\/wp\/v2\/pages\/1408\/revisions"}],"predecessor-version":[{"id":7243,"href":"https:\/\/grupo-aligator.com\/de\/wp-json\/wp\/v2\/pages\/1408\/revisions\/7243"}],"wp:attachment":[{"href":"https:\/\/grupo-aligator.com\/de\/wp-json\/wp\/v2\/media?parent=1408"}],"curies":[{"name":"wp","href":"https:\/\/api.w.org\/{rel}","templated":true}]}}