{"id":1393,"date":"2014-06-25T11:49:14","date_gmt":"2014-06-25T11:49:14","guid":{"rendered":"http:\/\/aligator.cristaleria-aligator.com\/?page_id=1393"},"modified":"2014-06-25T11:49:31","modified_gmt":"2014-06-25T11:49:31","slug":"glasdacher","status":"publish","type":"page","link":"https:\/\/grupo-aligator.com\/de\/glasdacher\/","title":{"rendered":"Gl\u00e4sdacher"},"content":{"rendered":"<div id=\"aligator-logo-de\"><\/div>\n<div class=\"toldos-top-logo\"><\/div>\n<div id=\"toldos-aligator-description\">\n<p>Vord\u00e4cher aus Beton oder Holz wirken shr massiv und fallen nicht durch ihre filigrane Lenienf\u00fchrung oder Transparenz auf. Hier ben\u00f6tigen Sie ein Glasdach, damit auch weiterhin Ihre R\u00e4ume mit Licht durchflutet werden.<br \/>\nAls Grundger\u00fcst kann eine Aluminium-, Beton-<br \/>\noder Holzkonstruktion benutzt werden.<br \/>\nNat\u00fcrlich kann ein Glasdach auch schwebend mit Edelstahlhaltern montiert werden.<br \/>\nOb Hauseingang, Terrasse, Balkon, Wohnraum oder Carport &#8211;<br \/>\nWir haben f\u00fcr jede Situation das richtige Dach!<\/p>\n<\/div>\n<div class=\"toldos-gallery\"><div class=\"flgallery-166 flgallery-art flgallery-embed\" style=\"width: 660px; height: 420px; overflow: hidden;\"><object classid=\"clsid:D27CDB6E-AE6D-11cf-96B8-444553540000\" id=\"flgallery-166\" width=\"660\" height=\"420\" style=\"width:660px; height:420px; margin:0; padding:0;\"><param name=\"movie\" value=\"https:\/\/grupo-aligator.com\/wp-content\/plugins\/_global-flash-galleries\/swf\/Art.swf\" \/><param name=\"flashVars\" value=\"XMLFile=http%3A%2F%2Fgrupo-aligator.com%2Fwp-content%2Fflgallery%2Fxml%2F1%2F166.xml\" \/><param name=\"allowFullScreen\" value=\"true\" \/><param name=\"allowScriptAccess\" value=\"always\" \/><param name=\"quality\" value=\"high\" \/><param name=\"wmode\" value=\"transparent\" \/><param name=\"swfversion\" value=\"9.0.45.0\" \/><param name=\"expressinstall\" value=\"https:\/\/grupo-aligator.com\/wp-content\/plugins\/_global-flash-galleries\/js\/swfobject\/expressInstall.swf\" \/><object type=\"application\/x-shockwave-flash\" data=\"https:\/\/grupo-aligator.com\/wp-content\/plugins\/_global-flash-galleries\/swf\/Art.swf\" width=\"660\" height=\"420\" style=\"width:660px; height:420px; margin:0; padding:0; outline:none;\"><param name=\"flashVars\" value=\"XMLFile=http%3A%2F%2Fgrupo-aligator.com%2Fwp-content%2Fflgallery%2Fxml%2F1%2F166.xml\" \/><param name=\"allowFullScreen\" value=\"true\" \/><param name=\"allowScriptAccess\" value=\"always\" \/><param name=\"quality\" value=\"high\" \/><param name=\"wmode\" value=\"transparent\" \/><param name=\"swfversion\" value=\"9.0.45.0\" \/><param name=\"expressinstall\" value=\"https:\/\/grupo-aligator.com\/wp-content\/plugins\/_global-flash-galleries\/js\/swfobject\/expressInstall.swf\" \/><div class=\"flgallery-altcontent\"><ol style=\"list-style:none;\"><li style=\"display:inline;\"><a href=\"http:\/\/grupo-aligator.com\/wp-content\/flgallery\/images\/3d7tchbc.jpg\"><img src=\"http:\/\/grupo-aligator.com\/wp-content\/flgallery\/images\/3d7tchbc.jpg\" alt=\"\" \/><\/a><\/li><li style=\"display:inline;\"><a href=\"http:\/\/grupo-aligator.com\/wp-content\/flgallery\/images\/qayi6uxq.jpg\"><img src=\"http:\/\/grupo-aligator.com\/wp-content\/flgallery\/images\/qayi6uxq.jpg\" alt=\"\" \/><\/a><\/li><li style=\"display:inline;\"><a href=\"http:\/\/grupo-aligator.com\/wp-content\/flgallery\/images\/3n5kb9i4.jpg\"><img src=\"http:\/\/grupo-aligator.com\/wp-content\/flgallery\/images\/3n5kb9i4.jpg\" alt=\"\" \/><\/a><\/li><li style=\"display:inline;\"><a href=\"http:\/\/grupo-aligator.com\/wp-content\/flgallery\/images\/q5xad2go.jpg\"><img src=\"http:\/\/grupo-aligator.com\/wp-content\/flgallery\/images\/q5xad2go.jpg\" alt=\"\" \/><\/a><\/li><li style=\"display:inline;\"><a href=\"http:\/\/grupo-aligator.com\/wp-content\/flgallery\/images\/s4lq8xeq.jpg\"><img src=\"http:\/\/grupo-aligator.com\/wp-content\/flgallery\/images\/s4lq8xeq.jpg\" alt=\"\" \/><\/a><\/li><li style=\"display:inline;\"><a href=\"http:\/\/grupo-aligator.com\/wp-content\/flgallery\/images\/mslgq50k.jpg\"><img src=\"http:\/\/grupo-aligator.com\/wp-content\/flgallery\/images\/mslgq50k.jpg\" alt=\"\" \/><\/a><\/li><li style=\"display:inline;\"><a href=\"http:\/\/grupo-aligator.com\/wp-content\/flgallery\/images\/fzm1ln28.jpg\"><img src=\"http:\/\/grupo-aligator.com\/wp-content\/flgallery\/images\/fzm1ln28.jpg\" alt=\"\" \/><\/a><\/li><li style=\"display:inline;\"><a href=\"http:\/\/grupo-aligator.com\/wp-content\/flgallery\/images\/khlf9za6.jpg\"><img src=\"http:\/\/grupo-aligator.com\/wp-content\/flgallery\/images\/khlf9za6.jpg\" alt=\"\" \/><\/a><\/li><li style=\"display:inline;\"><a href=\"http:\/\/grupo-aligator.com\/wp-content\/flgallery\/images\/1nskf4ws.jpg\"><img src=\"http:\/\/grupo-aligator.com\/wp-content\/flgallery\/images\/1nskf4ws.jpg\" alt=\"\" \/><\/a><\/li><li style=\"display:inline;\"><a href=\"http:\/\/grupo-aligator.com\/wp-content\/flgallery\/images\/ca0ynxml.jpg\"><img src=\"http:\/\/grupo-aligator.com\/wp-content\/flgallery\/images\/ca0ynxml.jpg\" alt=\"\" \/><\/a><\/li><li style=\"display:inline;\"><a href=\"http:\/\/grupo-aligator.com\/wp-content\/flgallery\/images\/bocga1ea.jpg\"><img src=\"http:\/\/grupo-aligator.com\/wp-content\/flgallery\/images\/bocga1ea.jpg\" alt=\"\" \/><\/a><\/li><li style=\"display:inline;\"><a href=\"http:\/\/grupo-aligator.com\/wp-content\/flgallery\/images\/sza0vfon.jpg\"><img src=\"http:\/\/grupo-aligator.com\/wp-content\/flgallery\/images\/sza0vfon.jpg\" alt=\"\" \/><\/a><\/li><\/ol><\/div><\/object><\/object><script type=\"text\/javascript\">jQuery(document).ready(function($) { if (!swfobject.hasFlashPlayerVersion('9.0.45.0')) { altgallery({ type: 'Art', width: '660', height: '420', images: { folder: 'https:\/\/grupo-aligator.com\/wp-content\/plugins\/_global-flash-galleries\/img\/' }, config: 'http:\/\/grupo-aligator.com\/wp-content\/flgallery\/xml\/1\/166.xml', configType: 'xml', fullscreen: 'never', callback: function(gallery) { var container = gallery.canvas.element.parents('.flgallery-embed'); var parent = container.parent(); var initialWidth = container.width(); var prevWidth; container.css({ width: '', height: '' }); function scale() { var parentWidth = parent.width(); if (parentWidth != prevWidth) { gallery.canvas.scale(parentWidth \/ initialWidth); prevWidth = parentWidth; } } scale(); $(window).resize(scale); } }, '#flgallery-166 .flgallery-altcontent'); } });<\/script><\/div><\/div>\n","protected":false},"excerpt":{"rendered":"<p>Vord\u00e4cher aus Beton oder Holz wirken shr massiv und fallen nicht durch ihre filigrane Lenienf\u00fchrung oder Transparenz auf. Hier ben\u00f6tigen Sie ein Glasdach, damit auch weiterhin Ihre R\u00e4ume mit Licht durchflutet werden. Als Grundger\u00fcst kann eine Aluminium-, Beton- oder Holzkonstruktion benutzt werden. Nat\u00fcrlich kann ein Glasdach auch schwebend mit Edelstahlhaltern montiert werden. Ob Hauseingang, Terrasse, Balkon, Wohnraum oder Carport &#8211; Wir haben f\u00fcr jede Situation das richtige Dach!<\/p>\n","protected":false},"author":1,"featured_media":0,"parent":0,"menu_order":0,"comment_status":"open","ping_status":"open","template":"content-page.php","meta":[],"yoast_head":"<!-- This site is optimized with the Yoast SEO plugin v19.11 - https:\/\/yoast.com\/wordpress\/plugins\/seo\/ -->\n<title>Gl\u00e4sdacher Mijas, Tarifa, Malaga, Marbella, Torrox - Cristaleria Aligator<\/title>\n<meta name=\"description\" content=\"Gl\u00e4sdacher Mijas, Tarifa, Malaga, Marbella, Torrox - Cristaleria Aligator Wintergarten und Terrassenverglasung auch in Sotogrande Costa del Sol\" \/>\n<meta name=\"robots\" content=\"index, follow, max-snippet:-1, max-image-preview:large, max-video-preview:-1\" \/>\n<link rel=\"canonical\" href=\"https:\/\/grupo-aligator.com\/de\/glasdacher\/\" \/>\n<meta property=\"og:locale\" content=\"de_DE\" \/>\n<meta property=\"og:type\" content=\"article\" \/>\n<meta property=\"og:title\" content=\"Gl\u00e4sdacher Mijas, Tarifa, Malaga, Marbella, Torrox - Cristaleria Aligator\" \/>\n<meta property=\"og:description\" content=\"Gl\u00e4sdacher Mijas, Tarifa, Malaga, Marbella, Torrox - Cristaleria Aligator Wintergarten und Terrassenverglasung auch in Sotogrande Costa del Sol\" \/>\n<meta property=\"og:url\" content=\"https:\/\/grupo-aligator.com\/de\/glasdacher\/\" \/>\n<meta property=\"article:modified_time\" content=\"2014-06-25T11:49:31+00:00\" \/>\n<meta name=\"twitter:card\" content=\"summary_large_image\" \/>\n<script type=\"application\/ld+json\" class=\"yoast-schema-graph\">{\"@context\":\"https:\/\/schema.org\",\"@graph\":[{\"@type\":\"WebPage\",\"@id\":\"https:\/\/grupo-aligator.com\/de\/glasdacher\/\",\"url\":\"https:\/\/grupo-aligator.com\/de\/glasdacher\/\",\"name\":\"Gl\u00e4sdacher Mijas, Tarifa, Malaga, Marbella, Torrox - Cristaleria Aligator\",\"isPartOf\":{\"@id\":\"https:\/\/grupo-aligator.com\/de\/#website\"},\"datePublished\":\"2014-06-25T11:49:14+00:00\",\"dateModified\":\"2014-06-25T11:49:31+00:00\",\"description\":\"Gl\u00e4sdacher Mijas, Tarifa, Malaga, Marbella, Torrox - Cristaleria Aligator Wintergarten und Terrassenverglasung auch in Sotogrande Costa del Sol\",\"breadcrumb\":{\"@id\":\"https:\/\/grupo-aligator.com\/de\/glasdacher\/#breadcrumb\"},\"inLanguage\":\"de\",\"potentialAction\":[{\"@type\":\"ReadAction\",\"target\":[\"https:\/\/grupo-aligator.com\/de\/glasdacher\/\"]}]},{\"@type\":\"BreadcrumbList\",\"@id\":\"https:\/\/grupo-aligator.com\/de\/glasdacher\/#breadcrumb\",\"itemListElement\":[{\"@type\":\"ListItem\",\"position\":1,\"name\":\"Home\",\"item\":\"https:\/\/grupo-aligator.com\/de\/\"},{\"@type\":\"ListItem\",\"position\":2,\"name\":\"Gl\u00e4sdacher\"}]},{\"@type\":\"WebSite\",\"@id\":\"https:\/\/grupo-aligator.com\/de\/#website\",\"url\":\"https:\/\/grupo-aligator.com\/de\/\",\"name\":\"\",\"description\":\"\",\"publisher\":{\"@id\":\"https:\/\/grupo-aligator.com\/de\/#organization\"},\"potentialAction\":[{\"@type\":\"SearchAction\",\"target\":{\"@type\":\"EntryPoint\",\"urlTemplate\":\"https:\/\/grupo-aligator.com\/de\/?s={search_term_string}\"},\"query-input\":\"required name=search_term_string\"}],\"inLanguage\":\"de\"},{\"@type\":\"Organization\",\"@id\":\"https:\/\/grupo-aligator.com\/de\/#organization\",\"name\":\"Cristaleria Aligator S.L.\",\"url\":\"https:\/\/grupo-aligator.com\/de\/\",\"logo\":{\"@type\":\"ImageObject\",\"inLanguage\":\"de\",\"@id\":\"https:\/\/grupo-aligator.com\/de\/#\/schema\/logo\/image\/\",\"url\":\"http:\/\/grupo-aligator.com\/wp-content\/uploads\/2019\/11\/aligator-logo-de.png\",\"contentUrl\":\"http:\/\/grupo-aligator.com\/wp-content\/uploads\/2019\/11\/aligator-logo-de.png\",\"width\":150,\"height\":160,\"caption\":\"Cristaleria Aligator S.L.\"},\"image\":{\"@id\":\"https:\/\/grupo-aligator.com\/de\/#\/schema\/logo\/image\/\"}}]}<\/script>\n<!-- \/ Yoast SEO plugin. -->","yoast_head_json":{"title":"Gl\u00e4sdacher Mijas, Tarifa, Malaga, Marbella, Torrox - Cristaleria Aligator","description":"Gl\u00e4sdacher Mijas, Tarifa, Malaga, Marbella, Torrox - Cristaleria Aligator Wintergarten und Terrassenverglasung auch in Sotogrande Costa del Sol","robots":{"index":"index","follow":"follow","max-snippet":"max-snippet:-1","max-image-preview":"max-image-preview:large","max-video-preview":"max-video-preview:-1"},"canonical":"https:\/\/grupo-aligator.com\/de\/glasdacher\/","og_locale":"de_DE","og_type":"article","og_title":"Gl\u00e4sdacher Mijas, Tarifa, Malaga, Marbella, Torrox - Cristaleria Aligator","og_description":"Gl\u00e4sdacher Mijas, Tarifa, Malaga, Marbella, Torrox - Cristaleria Aligator Wintergarten und Terrassenverglasung auch in Sotogrande Costa del Sol","og_url":"https:\/\/grupo-aligator.com\/de\/glasdacher\/","article_modified_time":"2014-06-25T11:49:31+00:00","twitter_card":"summary_large_image","schema":{"@context":"https:\/\/schema.org","@graph":[{"@type":"WebPage","@id":"https:\/\/grupo-aligator.com\/de\/glasdacher\/","url":"https:\/\/grupo-aligator.com\/de\/glasdacher\/","name":"Gl\u00e4sdacher Mijas, Tarifa, Malaga, Marbella, Torrox - Cristaleria Aligator","isPartOf":{"@id":"https:\/\/grupo-aligator.com\/de\/#website"},"datePublished":"2014-06-25T11:49:14+00:00","dateModified":"2014-06-25T11:49:31+00:00","description":"Gl\u00e4sdacher Mijas, Tarifa, Malaga, Marbella, Torrox - Cristaleria Aligator Wintergarten und Terrassenverglasung auch in Sotogrande Costa del Sol","breadcrumb":{"@id":"https:\/\/grupo-aligator.com\/de\/glasdacher\/#breadcrumb"},"inLanguage":"de","potentialAction":[{"@type":"ReadAction","target":["https:\/\/grupo-aligator.com\/de\/glasdacher\/"]}]},{"@type":"BreadcrumbList","@id":"https:\/\/grupo-aligator.com\/de\/glasdacher\/#breadcrumb","itemListElement":[{"@type":"ListItem","position":1,"name":"Home","item":"https:\/\/grupo-aligator.com\/de\/"},{"@type":"ListItem","position":2,"name":"Gl\u00e4sdacher"}]},{"@type":"WebSite","@id":"https:\/\/grupo-aligator.com\/de\/#website","url":"https:\/\/grupo-aligator.com\/de\/","name":"","description":"","publisher":{"@id":"https:\/\/grupo-aligator.com\/de\/#organization"},"potentialAction":[{"@type":"SearchAction","target":{"@type":"EntryPoint","urlTemplate":"https:\/\/grupo-aligator.com\/de\/?s={search_term_string}"},"query-input":"required name=search_term_string"}],"inLanguage":"de"},{"@type":"Organization","@id":"https:\/\/grupo-aligator.com\/de\/#organization","name":"Cristaleria Aligator S.L.","url":"https:\/\/grupo-aligator.com\/de\/","logo":{"@type":"ImageObject","inLanguage":"de","@id":"https:\/\/grupo-aligator.com\/de\/#\/schema\/logo\/image\/","url":"http:\/\/grupo-aligator.com\/wp-content\/uploads\/2019\/11\/aligator-logo-de.png","contentUrl":"http:\/\/grupo-aligator.com\/wp-content\/uploads\/2019\/11\/aligator-logo-de.png","width":150,"height":160,"caption":"Cristaleria Aligator S.L."},"image":{"@id":"https:\/\/grupo-aligator.com\/de\/#\/schema\/logo\/image\/"}}]}},"_links":{"self":[{"href":"https:\/\/grupo-aligator.com\/de\/wp-json\/wp\/v2\/pages\/1393"}],"collection":[{"href":"https:\/\/grupo-aligator.com\/de\/wp-json\/wp\/v2\/pages"}],"about":[{"href":"https:\/\/grupo-aligator.com\/de\/wp-json\/wp\/v2\/types\/page"}],"author":[{"embeddable":true,"href":"https:\/\/grupo-aligator.com\/de\/wp-json\/wp\/v2\/users\/1"}],"replies":[{"embeddable":true,"href":"https:\/\/grupo-aligator.com\/de\/wp-json\/wp\/v2\/comments?post=1393"}],"version-history":[{"count":1,"href":"https:\/\/grupo-aligator.com\/de\/wp-json\/wp\/v2\/pages\/1393\/revisions"}],"predecessor-version":[{"id":1395,"href":"https:\/\/grupo-aligator.com\/de\/wp-json\/wp\/v2\/pages\/1393\/revisions\/1395"}],"wp:attachment":[{"href":"https:\/\/grupo-aligator.com\/de\/wp-json\/wp\/v2\/media?parent=1393"}],"curies":[{"name":"wp","href":"https:\/\/api.w.org\/{rel}","templated":true}]}}