{"id":1380,"date":"2014-06-25T11:29:30","date_gmt":"2014-06-25T11:29:30","guid":{"rendered":"http:\/\/aligator.cristaleria-aligator.com\/?page_id=1380"},"modified":"2019-12-13T00:20:02","modified_gmt":"2019-12-12T22:20:02","slug":"wintergarten-anbauten","status":"publish","type":"page","link":"https:\/\/grupo-aligator.com\/de\/wintergarten-anbauten\/","title":{"rendered":"Wintergarten Anbauten"},"content":{"rendered":"<div id=\"aligator-logo-de\"><\/div>\n<div class=\"toldos-top-logo\"><\/div>\n<div id=\"toldos-aligator-description\">\n<p>Wintergarten Anbauten verschaffen zus\u00e4tzlichen Wohnraum in der Natur &#8211; erfahren Sie die Vorz\u00fcge eines Wintergartens.<\/p>\n<p>&nbsp;<\/p>\n<p>Auf einen lichtdurchfluteten Raum als Wohnmittelpunkt sollte keiner verzichten m\u00fcssen &#8211; ob Dachterrasse oder Anbau. Genie\u00dfen auch Sie an k\u00fchlen oder st\u00fcrmischen Tagen das Gef\u00fchl, drau\u00dfen zu sein. Sie haben die Wahl zwischen einer Ausf\u00fchrung mit senkrechten Profilen und Isolierglas (Wohnraumausf\u00fchrung) oder ohne senkrechte Profile in Ganzglasoptik. Gestalten Sie sich Ihr Wohnparadies &#8211; v\u00f6llig unabh\u00e4ngig vom Wetter.<\/p>\n<\/div>\n<div id=\"toldos-columns\" style=\"margin: 20px 0 0 0;\">\n<div class=\"toldos-column\" style=\"width: 280px;\">\n<div class=\"toldos-column-logo-text\" style=\"color: #006600; font-size: 24px; font-weight: bold; padding: 4px 0 18px 0;\">Ausf\u00fchrung mit Profile<\/div>\n<p>&nbsp;<\/p>\n<div class=\"toldos-column-image\" style=\"height: 325px; width: 280px;\"><a href=\"http:\/\/grupo-aligator.com\/de\/wa-mit-profile\/\"><img decoding=\"async\" loading=\"lazy\" src=\"\/wp-content\/uploads\/2014\/06\/1-1.jpg\" alt=\"Wintergarten Anbauten\" width=\"280\" height=\"325\" \/><\/a><\/div>\n<\/div>\n<div class=\"toldos-column\" style=\"width: 280px;\">\n<div class=\"toldos-column-logo-text\" style=\"color: #006600; font-size: 24px; font-weight: bold; padding: 4px 0 18px 0;\">Ausf\u00fchrung Rahmenlos<\/div>\n<p>&nbsp;<\/p>\n<div class=\"toldos-column-image\" style=\"height: 325px; width: 280px;\"><a href=\"http:\/\/grupo-aligator.com\/de\/wa-rahmenlos\/\"><img decoding=\"async\" loading=\"lazy\" src=\"\/wp-content\/uploads\/2014\/06\/1-11.jpg\" alt=\"rahmenlose Ausf\u00fchrung\" width=\"280\" height=\"325\" \/><\/a><\/div>\n<\/div>\n<\/div>\n","protected":false},"excerpt":{"rendered":"<p>Wintergarten Anbauten verschaffen zus\u00e4tzlichen Wohnraum in der Natur &#8211; erfahren Sie die Vorz\u00fcge eines Wintergartens. &nbsp; Auf einen lichtdurchfluteten Raum als Wohnmittelpunkt sollte keiner verzichten m\u00fcssen &#8211; ob Dachterrasse oder Anbau. Genie\u00dfen auch Sie an k\u00fchlen oder st\u00fcrmischen Tagen das Gef\u00fchl, drau\u00dfen zu sein. Sie haben die Wahl zwischen einer Ausf\u00fchrung mit senkrechten Profilen und Isolierglas (Wohnraumausf\u00fchrung) oder ohne senkrechte Profile in Ganzglasoptik. Gestalten Sie sich Ihr Wohnparadies &#8211;<span class=\"ellipsis\">&hellip;<\/span><\/p>\n<div class=\"read-more\"><a href=\"https:\/\/grupo-aligator.com\/de\/wintergarten-anbauten\/\">Read More&#8230;<\/a><\/div>\n<p><!-- end of .read-more --><\/p>\n","protected":false},"author":1,"featured_media":0,"parent":0,"menu_order":0,"comment_status":"closed","ping_status":"closed","template":"content-page.php","meta":[],"yoast_head":"<!-- This site is optimized with the Yoast SEO plugin v19.11 - https:\/\/yoast.com\/wordpress\/plugins\/seo\/ -->\n<title>Wintergarten Anbauten Mijas, Tarifa, Marbella, Torrox - Cristaleria Aligator<\/title>\n<meta name=\"description\" content=\"Wintergarten Anbauten Mijas, Tarifa, Malaga, Marbella, Torrox - Cristaleria Aligator Wintergarten und Terrassenverglasung auch in Sotogrande Costa del Sol\" \/>\n<meta name=\"robots\" content=\"index, follow, max-snippet:-1, max-image-preview:large, max-video-preview:-1\" \/>\n<link rel=\"canonical\" href=\"https:\/\/grupo-aligator.com\/de\/wintergarten-anbauten\/\" \/>\n<meta property=\"og:locale\" content=\"de_DE\" \/>\n<meta property=\"og:type\" content=\"article\" \/>\n<meta property=\"og:title\" content=\"Wintergarten Anbauten Mijas, Tarifa, Marbella, Torrox - Cristaleria Aligator\" \/>\n<meta property=\"og:description\" content=\"Wintergarten Anbauten Mijas, Tarifa, Malaga, Marbella, Torrox - Cristaleria Aligator Wintergarten und Terrassenverglasung auch in Sotogrande Costa del Sol\" \/>\n<meta property=\"og:url\" content=\"https:\/\/grupo-aligator.com\/de\/wintergarten-anbauten\/\" \/>\n<meta property=\"article:modified_time\" content=\"2019-12-12T22:20:02+00:00\" \/>\n<meta name=\"twitter:card\" content=\"summary_large_image\" \/>\n<script type=\"application\/ld+json\" class=\"yoast-schema-graph\">{\"@context\":\"https:\/\/schema.org\",\"@graph\":[{\"@type\":\"WebPage\",\"@id\":\"https:\/\/grupo-aligator.com\/de\/wintergarten-anbauten\/\",\"url\":\"https:\/\/grupo-aligator.com\/de\/wintergarten-anbauten\/\",\"name\":\"Wintergarten Anbauten Mijas, Tarifa, Marbella, Torrox - Cristaleria Aligator\",\"isPartOf\":{\"@id\":\"https:\/\/grupo-aligator.com\/de\/#website\"},\"datePublished\":\"2014-06-25T11:29:30+00:00\",\"dateModified\":\"2019-12-12T22:20:02+00:00\",\"description\":\"Wintergarten Anbauten Mijas, Tarifa, Malaga, Marbella, Torrox - Cristaleria Aligator Wintergarten und Terrassenverglasung auch in Sotogrande Costa del Sol\",\"breadcrumb\":{\"@id\":\"https:\/\/grupo-aligator.com\/de\/wintergarten-anbauten\/#breadcrumb\"},\"inLanguage\":\"de\",\"potentialAction\":[{\"@type\":\"ReadAction\",\"target\":[\"https:\/\/grupo-aligator.com\/de\/wintergarten-anbauten\/\"]}]},{\"@type\":\"BreadcrumbList\",\"@id\":\"https:\/\/grupo-aligator.com\/de\/wintergarten-anbauten\/#breadcrumb\",\"itemListElement\":[{\"@type\":\"ListItem\",\"position\":1,\"name\":\"Home\",\"item\":\"https:\/\/grupo-aligator.com\/de\/\"},{\"@type\":\"ListItem\",\"position\":2,\"name\":\"Wintergarten Anbauten\"}]},{\"@type\":\"WebSite\",\"@id\":\"https:\/\/grupo-aligator.com\/de\/#website\",\"url\":\"https:\/\/grupo-aligator.com\/de\/\",\"name\":\"\",\"description\":\"\",\"publisher\":{\"@id\":\"https:\/\/grupo-aligator.com\/de\/#organization\"},\"potentialAction\":[{\"@type\":\"SearchAction\",\"target\":{\"@type\":\"EntryPoint\",\"urlTemplate\":\"https:\/\/grupo-aligator.com\/de\/?s={search_term_string}\"},\"query-input\":\"required name=search_term_string\"}],\"inLanguage\":\"de\"},{\"@type\":\"Organization\",\"@id\":\"https:\/\/grupo-aligator.com\/de\/#organization\",\"name\":\"Cristaleria Aligator S.L.\",\"url\":\"https:\/\/grupo-aligator.com\/de\/\",\"logo\":{\"@type\":\"ImageObject\",\"inLanguage\":\"de\",\"@id\":\"https:\/\/grupo-aligator.com\/de\/#\/schema\/logo\/image\/\",\"url\":\"http:\/\/grupo-aligator.com\/wp-content\/uploads\/2019\/11\/aligator-logo-de.png\",\"contentUrl\":\"http:\/\/grupo-aligator.com\/wp-content\/uploads\/2019\/11\/aligator-logo-de.png\",\"width\":150,\"height\":160,\"caption\":\"Cristaleria Aligator S.L.\"},\"image\":{\"@id\":\"https:\/\/grupo-aligator.com\/de\/#\/schema\/logo\/image\/\"}}]}<\/script>\n<!-- \/ Yoast SEO plugin. -->","yoast_head_json":{"title":"Wintergarten Anbauten Mijas, Tarifa, Marbella, Torrox - Cristaleria Aligator","description":"Wintergarten Anbauten Mijas, Tarifa, Malaga, Marbella, Torrox - Cristaleria Aligator Wintergarten und Terrassenverglasung auch in Sotogrande Costa del Sol","robots":{"index":"index","follow":"follow","max-snippet":"max-snippet:-1","max-image-preview":"max-image-preview:large","max-video-preview":"max-video-preview:-1"},"canonical":"https:\/\/grupo-aligator.com\/de\/wintergarten-anbauten\/","og_locale":"de_DE","og_type":"article","og_title":"Wintergarten Anbauten Mijas, Tarifa, Marbella, Torrox - Cristaleria Aligator","og_description":"Wintergarten Anbauten Mijas, Tarifa, Malaga, Marbella, Torrox - Cristaleria Aligator Wintergarten und Terrassenverglasung auch in Sotogrande Costa del Sol","og_url":"https:\/\/grupo-aligator.com\/de\/wintergarten-anbauten\/","article_modified_time":"2019-12-12T22:20:02+00:00","twitter_card":"summary_large_image","schema":{"@context":"https:\/\/schema.org","@graph":[{"@type":"WebPage","@id":"https:\/\/grupo-aligator.com\/de\/wintergarten-anbauten\/","url":"https:\/\/grupo-aligator.com\/de\/wintergarten-anbauten\/","name":"Wintergarten Anbauten Mijas, Tarifa, Marbella, Torrox - Cristaleria Aligator","isPartOf":{"@id":"https:\/\/grupo-aligator.com\/de\/#website"},"datePublished":"2014-06-25T11:29:30+00:00","dateModified":"2019-12-12T22:20:02+00:00","description":"Wintergarten Anbauten Mijas, Tarifa, Malaga, Marbella, Torrox - Cristaleria Aligator Wintergarten und Terrassenverglasung auch in Sotogrande Costa del Sol","breadcrumb":{"@id":"https:\/\/grupo-aligator.com\/de\/wintergarten-anbauten\/#breadcrumb"},"inLanguage":"de","potentialAction":[{"@type":"ReadAction","target":["https:\/\/grupo-aligator.com\/de\/wintergarten-anbauten\/"]}]},{"@type":"BreadcrumbList","@id":"https:\/\/grupo-aligator.com\/de\/wintergarten-anbauten\/#breadcrumb","itemListElement":[{"@type":"ListItem","position":1,"name":"Home","item":"https:\/\/grupo-aligator.com\/de\/"},{"@type":"ListItem","position":2,"name":"Wintergarten Anbauten"}]},{"@type":"WebSite","@id":"https:\/\/grupo-aligator.com\/de\/#website","url":"https:\/\/grupo-aligator.com\/de\/","name":"","description":"","publisher":{"@id":"https:\/\/grupo-aligator.com\/de\/#organization"},"potentialAction":[{"@type":"SearchAction","target":{"@type":"EntryPoint","urlTemplate":"https:\/\/grupo-aligator.com\/de\/?s={search_term_string}"},"query-input":"required name=search_term_string"}],"inLanguage":"de"},{"@type":"Organization","@id":"https:\/\/grupo-aligator.com\/de\/#organization","name":"Cristaleria Aligator S.L.","url":"https:\/\/grupo-aligator.com\/de\/","logo":{"@type":"ImageObject","inLanguage":"de","@id":"https:\/\/grupo-aligator.com\/de\/#\/schema\/logo\/image\/","url":"http:\/\/grupo-aligator.com\/wp-content\/uploads\/2019\/11\/aligator-logo-de.png","contentUrl":"http:\/\/grupo-aligator.com\/wp-content\/uploads\/2019\/11\/aligator-logo-de.png","width":150,"height":160,"caption":"Cristaleria Aligator S.L."},"image":{"@id":"https:\/\/grupo-aligator.com\/de\/#\/schema\/logo\/image\/"}}]}},"_links":{"self":[{"href":"https:\/\/grupo-aligator.com\/de\/wp-json\/wp\/v2\/pages\/1380"}],"collection":[{"href":"https:\/\/grupo-aligator.com\/de\/wp-json\/wp\/v2\/pages"}],"about":[{"href":"https:\/\/grupo-aligator.com\/de\/wp-json\/wp\/v2\/types\/page"}],"author":[{"embeddable":true,"href":"https:\/\/grupo-aligator.com\/de\/wp-json\/wp\/v2\/users\/1"}],"replies":[{"embeddable":true,"href":"https:\/\/grupo-aligator.com\/de\/wp-json\/wp\/v2\/comments?post=1380"}],"version-history":[{"count":21,"href":"https:\/\/grupo-aligator.com\/de\/wp-json\/wp\/v2\/pages\/1380\/revisions"}],"predecessor-version":[{"id":7224,"href":"https:\/\/grupo-aligator.com\/de\/wp-json\/wp\/v2\/pages\/1380\/revisions\/7224"}],"wp:attachment":[{"href":"https:\/\/grupo-aligator.com\/de\/wp-json\/wp\/v2\/media?parent=1380"}],"curies":[{"name":"wp","href":"https:\/\/api.w.org\/{rel}","templated":true}]}}