{"id":1365,"date":"2014-06-23T12:58:30","date_gmt":"2014-06-23T12:58:30","guid":{"rendered":"http:\/\/aligator.cristaleria-aligator.com\/?page_id=1365"},"modified":"2019-12-12T23:07:45","modified_gmt":"2019-12-12T21:07:45","slug":"glasbeschichtung","status":"publish","type":"page","link":"https:\/\/grupo-aligator.com\/de\/glasbeschichtung\/","title":{"rendered":"Glasbeschichtung"},"content":{"rendered":"<div id=\"aligator-logo-de\"><\/div>\n<div class=\"toldos-top-logo\"><\/div>\n<div id=\"toldos-aligator-description\">\n<p>Easy-to-clean Glasbeschichtung zum Auftragen auf Glasoberfl\u00e4chen. Glasoberfl\u00e4chen unterliegen auch nach kurzer Gebrauchszeit einem schnellen Verschlei\u00df. Im Au\u00dfenbereich belasten Schadstoffe aus der Umwelt das Glas und gehen mit der Glasoberfl\u00e4che eine chemische Verbindung ein. Dies f\u00fchrt zu Verlust der Glasqualit\u00e4t. Im Innenbereich, wie z.B. Duschkabine, erzeugen Schmutz-ablagerungen wie Kalkablagerungen R\u00fcckstande, die sich nur durch aggressive Reiniger entfernen lassen. Bei l\u00e4ngerer Einwirkung der Kalkablagerungen sind in Verbindung mit Feuchtigkeit Korrosionen auf dem Glas zu bef\u00fcrchten, die die Oberfl\u00e4che f\u00fcr immer sch\u00e4digen; die Pflegeleichtigkeit geht dauerhaft verloren.<\/p>\n<\/div>\n<p>&nbsp;<\/p>\n<p>&nbsp;<\/p>\n<div><\/div>\n<div id=\"toldos-aligator-description\" style=\"width: 0; margin: 0 0 0 547px; height: 160px; min-width: 350px;\">\n<p>Unser Angebot:<\/p>\n<p>Oberfl\u00e4chenschutz durch Spezial-Glasbeschichtung &#8222;FlexoTop\u00ae&#8220;<br \/>\n&#8211; Keine Beeintr\u00e4chtigung der Optik \/ Oberfl\u00e4chen<br \/>\n&#8211; Enormer Abriebwiderstand<br \/>\n&#8211; Pflegeleichtigkeit<br \/>\n&#8211; Chemische Resistenz<br \/>\n&#8211; Hochdruck-\/ Dampfreinigerfest<\/p>\n<\/div>\n<div class=\"toldos-gallery\"><img decoding=\"async\" style=\"margin-top: -200px; margin-left: -100px; width: 490px;\" src=\"\/wp-content\/uploads\/2014\/06\/wassertropfen_a.jpg\" alt=\"\" \/><\/div>\n","protected":false},"excerpt":{"rendered":"<p>Easy-to-clean Glasbeschichtung zum Auftragen auf Glasoberfl\u00e4chen. Glasoberfl\u00e4chen unterliegen auch nach kurzer Gebrauchszeit einem schnellen Verschlei\u00df. Im Au\u00dfenbereich belasten Schadstoffe aus der Umwelt das Glas und gehen mit der Glasoberfl\u00e4che eine chemische Verbindung ein. Dies f\u00fchrt zu Verlust der Glasqualit\u00e4t. Im Innenbereich, wie z.B. Duschkabine, erzeugen Schmutz-ablagerungen wie Kalkablagerungen R\u00fcckstande, die sich nur durch aggressive Reiniger entfernen lassen. Bei l\u00e4ngerer Einwirkung der Kalkablagerungen sind in Verbindung mit Feuchtigkeit Korrosionen auf<span class=\"ellipsis\">&hellip;<\/span><\/p>\n<div class=\"read-more\"><a href=\"https:\/\/grupo-aligator.com\/de\/glasbeschichtung\/\">Read More&#8230;<\/a><\/div>\n<p><!-- end of .read-more --><\/p>\n","protected":false},"author":1,"featured_media":0,"parent":0,"menu_order":0,"comment_status":"closed","ping_status":"closed","template":"content-page.php","meta":[],"yoast_head":"<!-- This site is optimized with the Yoast SEO plugin v19.11 - https:\/\/yoast.com\/wordpress\/plugins\/seo\/ -->\n<title>Glasbeschichtung Mijas, Malaga, Marbella, Torrox - Cristaleria Aligator<\/title>\n<meta name=\"description\" content=\"Glasbeschichtung Mijas, Tarifa, Malaga, Marbella, Torrox - Cristaleria Aligator Wintergarten und Terrassenverglasung auch in Sotogrande Costa del Sol\" \/>\n<meta name=\"robots\" content=\"index, follow, max-snippet:-1, max-image-preview:large, max-video-preview:-1\" \/>\n<link rel=\"canonical\" href=\"https:\/\/grupo-aligator.com\/de\/glasbeschichtung\/\" \/>\n<meta property=\"og:locale\" content=\"de_DE\" \/>\n<meta property=\"og:type\" content=\"article\" \/>\n<meta property=\"og:title\" content=\"Glasbeschichtung Mijas, Malaga, Marbella, Torrox - Cristaleria Aligator\" \/>\n<meta property=\"og:description\" content=\"Glasbeschichtung Mijas, Tarifa, Malaga, Marbella, Torrox - Cristaleria Aligator Wintergarten und Terrassenverglasung auch in Sotogrande Costa del Sol\" \/>\n<meta property=\"og:url\" content=\"https:\/\/grupo-aligator.com\/de\/glasbeschichtung\/\" \/>\n<meta property=\"article:modified_time\" content=\"2019-12-12T21:07:45+00:00\" \/>\n<meta name=\"twitter:card\" content=\"summary_large_image\" \/>\n<meta name=\"twitter:label1\" content=\"Gesch\u00e4tzte Lesezeit\" \/>\n\t<meta name=\"twitter:data1\" content=\"1\u00a0Minute\" \/>\n<script type=\"application\/ld+json\" class=\"yoast-schema-graph\">{\"@context\":\"https:\/\/schema.org\",\"@graph\":[{\"@type\":\"WebPage\",\"@id\":\"https:\/\/grupo-aligator.com\/de\/glasbeschichtung\/\",\"url\":\"https:\/\/grupo-aligator.com\/de\/glasbeschichtung\/\",\"name\":\"Glasbeschichtung Mijas, Malaga, Marbella, Torrox - Cristaleria Aligator\",\"isPartOf\":{\"@id\":\"https:\/\/grupo-aligator.com\/de\/#website\"},\"datePublished\":\"2014-06-23T12:58:30+00:00\",\"dateModified\":\"2019-12-12T21:07:45+00:00\",\"description\":\"Glasbeschichtung Mijas, Tarifa, Malaga, Marbella, Torrox - Cristaleria Aligator Wintergarten und Terrassenverglasung auch in Sotogrande Costa del Sol\",\"breadcrumb\":{\"@id\":\"https:\/\/grupo-aligator.com\/de\/glasbeschichtung\/#breadcrumb\"},\"inLanguage\":\"de\",\"potentialAction\":[{\"@type\":\"ReadAction\",\"target\":[\"https:\/\/grupo-aligator.com\/de\/glasbeschichtung\/\"]}]},{\"@type\":\"BreadcrumbList\",\"@id\":\"https:\/\/grupo-aligator.com\/de\/glasbeschichtung\/#breadcrumb\",\"itemListElement\":[{\"@type\":\"ListItem\",\"position\":1,\"name\":\"Home\",\"item\":\"https:\/\/grupo-aligator.com\/de\/\"},{\"@type\":\"ListItem\",\"position\":2,\"name\":\"Glasbeschichtung\"}]},{\"@type\":\"WebSite\",\"@id\":\"https:\/\/grupo-aligator.com\/de\/#website\",\"url\":\"https:\/\/grupo-aligator.com\/de\/\",\"name\":\"\",\"description\":\"\",\"publisher\":{\"@id\":\"https:\/\/grupo-aligator.com\/de\/#organization\"},\"potentialAction\":[{\"@type\":\"SearchAction\",\"target\":{\"@type\":\"EntryPoint\",\"urlTemplate\":\"https:\/\/grupo-aligator.com\/de\/?s={search_term_string}\"},\"query-input\":\"required name=search_term_string\"}],\"inLanguage\":\"de\"},{\"@type\":\"Organization\",\"@id\":\"https:\/\/grupo-aligator.com\/de\/#organization\",\"name\":\"Cristaleria Aligator S.L.\",\"url\":\"https:\/\/grupo-aligator.com\/de\/\",\"logo\":{\"@type\":\"ImageObject\",\"inLanguage\":\"de\",\"@id\":\"https:\/\/grupo-aligator.com\/de\/#\/schema\/logo\/image\/\",\"url\":\"http:\/\/grupo-aligator.com\/wp-content\/uploads\/2019\/11\/aligator-logo-de.png\",\"contentUrl\":\"http:\/\/grupo-aligator.com\/wp-content\/uploads\/2019\/11\/aligator-logo-de.png\",\"width\":150,\"height\":160,\"caption\":\"Cristaleria Aligator S.L.\"},\"image\":{\"@id\":\"https:\/\/grupo-aligator.com\/de\/#\/schema\/logo\/image\/\"}}]}<\/script>\n<!-- \/ Yoast SEO plugin. -->","yoast_head_json":{"title":"Glasbeschichtung Mijas, Malaga, Marbella, Torrox - Cristaleria Aligator","description":"Glasbeschichtung Mijas, Tarifa, Malaga, Marbella, Torrox - Cristaleria Aligator Wintergarten und Terrassenverglasung auch in Sotogrande Costa del Sol","robots":{"index":"index","follow":"follow","max-snippet":"max-snippet:-1","max-image-preview":"max-image-preview:large","max-video-preview":"max-video-preview:-1"},"canonical":"https:\/\/grupo-aligator.com\/de\/glasbeschichtung\/","og_locale":"de_DE","og_type":"article","og_title":"Glasbeschichtung Mijas, Malaga, Marbella, Torrox - Cristaleria Aligator","og_description":"Glasbeschichtung Mijas, Tarifa, Malaga, Marbella, Torrox - Cristaleria Aligator Wintergarten und Terrassenverglasung auch in Sotogrande Costa del Sol","og_url":"https:\/\/grupo-aligator.com\/de\/glasbeschichtung\/","article_modified_time":"2019-12-12T21:07:45+00:00","twitter_card":"summary_large_image","twitter_misc":{"Gesch\u00e4tzte Lesezeit":"1\u00a0Minute"},"schema":{"@context":"https:\/\/schema.org","@graph":[{"@type":"WebPage","@id":"https:\/\/grupo-aligator.com\/de\/glasbeschichtung\/","url":"https:\/\/grupo-aligator.com\/de\/glasbeschichtung\/","name":"Glasbeschichtung Mijas, Malaga, Marbella, Torrox - Cristaleria Aligator","isPartOf":{"@id":"https:\/\/grupo-aligator.com\/de\/#website"},"datePublished":"2014-06-23T12:58:30+00:00","dateModified":"2019-12-12T21:07:45+00:00","description":"Glasbeschichtung Mijas, Tarifa, Malaga, Marbella, Torrox - Cristaleria Aligator Wintergarten und Terrassenverglasung auch in Sotogrande Costa del Sol","breadcrumb":{"@id":"https:\/\/grupo-aligator.com\/de\/glasbeschichtung\/#breadcrumb"},"inLanguage":"de","potentialAction":[{"@type":"ReadAction","target":["https:\/\/grupo-aligator.com\/de\/glasbeschichtung\/"]}]},{"@type":"BreadcrumbList","@id":"https:\/\/grupo-aligator.com\/de\/glasbeschichtung\/#breadcrumb","itemListElement":[{"@type":"ListItem","position":1,"name":"Home","item":"https:\/\/grupo-aligator.com\/de\/"},{"@type":"ListItem","position":2,"name":"Glasbeschichtung"}]},{"@type":"WebSite","@id":"https:\/\/grupo-aligator.com\/de\/#website","url":"https:\/\/grupo-aligator.com\/de\/","name":"","description":"","publisher":{"@id":"https:\/\/grupo-aligator.com\/de\/#organization"},"potentialAction":[{"@type":"SearchAction","target":{"@type":"EntryPoint","urlTemplate":"https:\/\/grupo-aligator.com\/de\/?s={search_term_string}"},"query-input":"required name=search_term_string"}],"inLanguage":"de"},{"@type":"Organization","@id":"https:\/\/grupo-aligator.com\/de\/#organization","name":"Cristaleria Aligator S.L.","url":"https:\/\/grupo-aligator.com\/de\/","logo":{"@type":"ImageObject","inLanguage":"de","@id":"https:\/\/grupo-aligator.com\/de\/#\/schema\/logo\/image\/","url":"http:\/\/grupo-aligator.com\/wp-content\/uploads\/2019\/11\/aligator-logo-de.png","contentUrl":"http:\/\/grupo-aligator.com\/wp-content\/uploads\/2019\/11\/aligator-logo-de.png","width":150,"height":160,"caption":"Cristaleria Aligator S.L."},"image":{"@id":"https:\/\/grupo-aligator.com\/de\/#\/schema\/logo\/image\/"}}]}},"_links":{"self":[{"href":"https:\/\/grupo-aligator.com\/de\/wp-json\/wp\/v2\/pages\/1365"}],"collection":[{"href":"https:\/\/grupo-aligator.com\/de\/wp-json\/wp\/v2\/pages"}],"about":[{"href":"https:\/\/grupo-aligator.com\/de\/wp-json\/wp\/v2\/types\/page"}],"author":[{"embeddable":true,"href":"https:\/\/grupo-aligator.com\/de\/wp-json\/wp\/v2\/users\/1"}],"replies":[{"embeddable":true,"href":"https:\/\/grupo-aligator.com\/de\/wp-json\/wp\/v2\/comments?post=1365"}],"version-history":[{"count":16,"href":"https:\/\/grupo-aligator.com\/de\/wp-json\/wp\/v2\/pages\/1365\/revisions"}],"predecessor-version":[{"id":7203,"href":"https:\/\/grupo-aligator.com\/de\/wp-json\/wp\/v2\/pages\/1365\/revisions\/7203"}],"wp:attachment":[{"href":"https:\/\/grupo-aligator.com\/de\/wp-json\/wp\/v2\/media?parent=1365"}],"curies":[{"name":"wp","href":"https:\/\/api.w.org\/{rel}","templated":true}]}}