{"id":1341,"date":"2014-06-23T10:38:58","date_gmt":"2014-06-23T10:38:58","guid":{"rendered":"http:\/\/aligator.cristaleria-aligator.com\/?page_id=1341"},"modified":"2019-12-13T04:21:15","modified_gmt":"2019-12-13T02:21:15","slug":"cristaleria-aligator","status":"publish","type":"page","link":"https:\/\/grupo-aligator.com\/de\/cristaleria-aligator\/","title":{"rendered":"Cristaleria Aligator"},"content":{"rendered":"<div id=\"aligator-logo-de\"><\/div>\n<div id=\"toldos-aligator-description\">\n<p>Cristaleria Aligator ist ein Unternehmensbereich der Grupo Aligator und bietet Ihnen hochwertige Glasprodukte<\/p>\n<p>Sicher\u00a0 finden Sie auf den folgenden Seiten die Informationen, die Sie suchen.<\/p>\n<p>Alles, was Sie hier sehen, sind nur Ideen und Vorschl\u00e4ge bzw. Arbeiten, die schon ausgef\u00fchrt worden sind.<\/p>\n<p>Gerne geben wir Ihnen Anregungen oder sehen es als Herausforderung an, Ihre individuellen W\u00fcnsche zu verwirklichen.<\/p>\n<p>Wenn Sie die beste Beratung, Planung und Umsetzung Ihrer W\u00fcnsche wollen, dann nehmen Sie mit uns Kontakt auf.<\/p>\n<p>&nbsp;<\/p>\n<\/div>\n<div id=\"toldos-menu-content\">\n<div id=\"toldos-menu-line-1\">\n<div class=\"toldos-menu\"><a id=\"toldos-menu-item-1\" href=\"http:\/\/grupo-aligator.com\/de\/glasbeschichtung\/\">Glasbeschichtung<\/a><\/div>\n<div class=\"toldos-menu\"><a id=\"toldos-menu-item-2\" href=\"http:\/\/grupo-aligator.com\/de\/ganzglasanlagen\/\">Ganzglasanlagen<\/a><\/div>\n<div class=\"toldos-menu\"><a id=\"toldos-menu-item-3\" href=\"http:\/\/grupo-aligator.com\/de\/kontakt\/\">Kontakt<\/a><\/div>\n<\/div>\n<div id=\"toldos-menu-line-2\">\n<div class=\"toldos-menu\"><a id=\"toldos-menu-item-4\" class=\"double-line\" href=\"http:\/\/grupo-aligator.com\/de\/wintergarten-anbauten\/\">Winterg\u00e4rten-Anbauten<\/a><\/div>\n<div class=\"toldos-menu\"><a id=\"toldos-menu-item-5\" href=\"http:\/\/grupo-aligator.com\/de\/glastueren\/\">Ganzglas-Dreht\u00fcren<\/a><\/div>\n<\/div>\n<div id=\"toldos-menu-line-3\">\n<div class=\"toldos-menu\"><a id=\"toldos-menu-item-6\" href=\"http:\/\/grupo-aligator.com\/de\/reparaturverglasung\/\">Reparaturverglasung<\/a><\/div>\n<\/div>\n<div id=\"toldos-menu-line-4\">\n<div class=\"toldos-menu\"><a id=\"toldos-menu-item-7\" class=\"double-line\" href=\"http:\/\/grupo-aligator.com\/de\/duschen-wannenaufsatze\/\">Duschen \/ Wannenaufs\u00e4tze<\/a><\/div>\n<div class=\"toldos-menu\"><a id=\"toldos-menu-item-8\" href=\"http:\/\/grupo-aligator.com\/de\/tischplatten\/\">Tischplatten<\/a><\/div>\n<\/div>\n<div id=\"toldos-menu-line-5\">\n<div class=\"toldos-menu\"><a id=\"toldos-menu-item-9\" href=\"http:\/\/grupo-aligator.com\/de\/spiegel\/\">Spiegel<\/a><\/div>\n<\/div>\n<div id=\"toldos-menu-line-6\">\n<div class=\"toldos-menu\"><a id=\"toldos-menu-item-10\" href=\"http:\/\/grupo-aligator.com\/de\/insektenschutz\/\">Insektenschutz<\/a><\/div>\n<div class=\"toldos-menu\"><a id=\"toldos-menu-item-11\" href=\"http:\/\/grupo-aligator.com\/de\/windschutz\/\">Windschutz<\/a><\/div>\n<\/div>\n<div id=\"toldos-menu-line-7\">\n<div class=\"toldos-menu\"><a id=\"toldos-menu-item-12\" class=\"double-line\" href=\"http:\/\/grupo-aligator.com\/de\/bauelemente-fenster-und-turen\/\">Bauelemente (Fenster und T\u00fcren)<\/a><\/div>\n<div class=\"toldos-menu\"><a id=\"toldos-menu-item-13\" href=\"http:\/\/grupo-aligator.com\/de\/brustungen-gelander\/\">Br\u00fcstungen-Gel\u00e4nder<\/a><\/div>\n<\/div>\n<div id=\"toldos-menu-line-8\">\n<div class=\"toldos-menu\"><a id=\"toldos-menu-item-14\" class=\"double-line\" href=\"http:\/\/grupo-aligator.com\/de\/terrassen-balkonverglasung\/\">Terrassen-Balkonverglasung<\/a><\/div>\n<div class=\"toldos-menu\"><a id=\"toldos-menu-item-15\" class=\"double-line\" href=\"http:\/\/grupo-aligator.com\/de\/glas-schiebeturen\/\">Ganzglas-Schiebet\u00fcren<\/a><\/div>\n<\/div>\n<div id=\"toldos-menu-line-9\">\n<div class=\"toldos-menu\"><a id=\"toldos-menu-item-16\" href=\"http:\/\/grupo-aligator.com\/de\/uberdachung\/\">\u00dcberdachung<\/a><\/div>\n<\/div>\n<\/div>\n<div class=\"toldos-menu-images\">\n<p><img decoding=\"async\" id=\"toldos-menu-item-1-img\" src=\"\/wp-content\/uploads\/2014\/06\/wassertropfen_a.jpg\" alt=\"\" \/><\/p>\n<p><img decoding=\"async\" id=\"toldos-menu-item-2-img\" src=\"\/wp-content\/uploads\/2014\/06\/ganzglasduschen.jpg\" alt=\"\" \/><\/p>\n<p><img decoding=\"async\" id=\"toldos-menu-item-3-img\" src=\"\/wp-content\/uploads\/2013\/09\/contact-us.jpg\" alt=\"\" \/><\/p>\n<p><img decoding=\"async\" id=\"toldos-menu-item-4-img\" src=\"\/wp-content\/uploads\/2014\/06\/1-1.jpg\" alt=\"\" \/><\/p>\n<p><img decoding=\"async\" id=\"toldos-menu-item-5-img\" src=\"\/wp-content\/uploads\/2014\/06\/mit-drehturen-cat.jpg\" alt=\"\" \/><\/p>\n<p><img decoding=\"async\" id=\"toldos-menu-item-6-img\" src=\"\/wp-content\/uploads\/2014\/06\/rparaturverglasung-cat.jpg\" alt=\"\" \/><\/p>\n<p><img decoding=\"async\" id=\"toldos-menu-item-7-img\" src=\"\/wp-content\/uploads\/2014\/06\/wannenaufsatze-duschen.jpg\" alt=\"\" \/><\/p>\n<p><img decoding=\"async\" id=\"toldos-menu-item-8-img\" src=\"\/wp-content\/uploads\/2014\/06\/tischplatten-cat.jpg\" alt=\"\" \/><\/p>\n<p><img decoding=\"async\" id=\"toldos-menu-item-9-img\" src=\"\/wp-content\/uploads\/2014\/06\/spiegel-cat.jpg\" alt=\"\" \/><\/p>\n<p><img decoding=\"async\" id=\"toldos-menu-item-10-img\" src=\"\/wp-content\/uploads\/2014\/07\/insektenschutz-drehrahmen.jpg\" alt=\"\" \/><\/p>\n<p><img decoding=\"async\" id=\"toldos-menu-item-11-img\" src=\"\/wp-content\/uploads\/2014\/06\/windschutz-cat.jpg\" alt=\"\" \/><\/p>\n<p><img decoding=\"async\" id=\"toldos-menu-item-12-img\" src=\"\/wp-content\/uploads\/2014\/06\/bauelemente-cat1.jpg\" alt=\"\" \/><\/p>\n<p><img decoding=\"async\" id=\"toldos-menu-item-13-img\" src=\"\/wp-content\/uploads\/2014\/06\/brustungen-gelander-cat.jpg\" alt=\"\" \/><\/p>\n<p><img decoding=\"async\" id=\"toldos-menu-item-14-img\" src=\"\/wp-content\/uploads\/2014\/06\/terrassen-balkonverglasung-cat.jpg\" alt=\"\" \/><\/p>\n<p><img decoding=\"async\" id=\"toldos-menu-item-15-img\" src=\"\/wp-content\/uploads\/2014\/07\/hangende-schiebeturen.jpg\" alt=\"\" \/><\/p>\n<p><img decoding=\"async\" id=\"toldos-menu-item-16-img\" src=\"\/wp-content\/uploads\/2014\/06\/1-12.jpg\" alt=\"\" \/><\/p>\n<\/div>\n<p><script type=\"text\/javascript\">\n$(function() {\n    $('#toldos-menu-item-1').hover(function() { \n        $('#toldos-menu-item-1-img').show(); \n    }, function() { \n        $('#toldos-menu-item-1-img').hide(); \n    });\n    $('#toldos-menu-item-2').hover(function() { \n        $('#toldos-menu-item-2-img').show(); \n    }, function() { \n        $('#toldos-menu-item-2-img').hide(); \n    });\n    $('#toldos-menu-item-3').hover(function() { \n        $('#toldos-menu-item-3-img').show(); \n    }, function() { \n        $('#toldos-menu-item-3-img').hide(); \n    });\n    $('#toldos-menu-item-4').hover(function() { \n        $('#toldos-menu-item-4-img').show(); \n    }, function() { \n        $('#toldos-menu-item-4-img').hide(); \n    });\n    $('#toldos-menu-item-5').hover(function() { \n        $('#toldos-menu-item-5-img').show(); \n    }, function() { \n        $('#toldos-menu-item-5-img').hide(); \n    });\n    $('#toldos-menu-item-6').hover(function() { \n        $('#toldos-menu-item-6-img').show(); \n    }, function() { \n        $('#toldos-menu-item-6-img').hide(); \n    });\n    $('#toldos-menu-item-7').hover(function() { \n        $('#toldos-menu-item-7-img').show(); \n    }, function() { \n        $('#toldos-menu-item-7-img').hide(); \n    });\n    $('#toldos-menu-item-8').hover(function() { \n        $('#toldos-menu-item-8-img').show(); \n    }, function() { \n        $('#toldos-menu-item-8-img').hide(); \n    });\n    $('#toldos-menu-item-9').hover(function() { \n        $('#toldos-menu-item-9-img').show(); \n    }, function() { \n        $('#toldos-menu-item-9-img').hide(); \n    });\n    $('#toldos-menu-item-10').hover(function() { \n        $('#toldos-menu-item-10-img').show(); \n    }, function() { \n        $('#toldos-menu-item-10-img').hide(); \n    });\n    $('#toldos-menu-item-11').hover(function() { \n        $('#toldos-menu-item-11-img').show(); \n    }, function() { \n        $('#toldos-menu-item-11-img').hide(); \n    });\n    $('#toldos-menu-item-12').hover(function() { \n        $('#toldos-menu-item-12-img').show(); \n    }, function() { \n        $('#toldos-menu-item-12-img').hide(); \n    });\n    $('#toldos-menu-item-13').hover(function() { \n        $('#toldos-menu-item-13-img').show(); \n    }, function() { \n        $('#toldos-menu-item-13-img').hide(); \n    });\n    $('#toldos-menu-item-14').hover(function() { \n        $('#toldos-menu-item-14-img').show(); \n    }, function() { \n        $('#toldos-menu-item-14-img').hide(); \n    });\n    $('#toldos-menu-item-15').hover(function() { \n        $('#toldos-menu-item-15-img').show(); \n    }, function() { \n        $('#toldos-menu-item-15-img').hide(); \n    });\n    $('#toldos-menu-item-16').hover(function() { \n        $('#toldos-menu-item-16-img').show(); \n    }, function() { \n        $('#toldos-menu-item-16-img').hide(); \n    });\n});\n<\/script><\/p>\n","protected":false},"excerpt":{"rendered":"<p>Cristaleria Aligator ist ein Unternehmensbereich der Grupo Aligator und bietet Ihnen hochwertige Glasprodukte Sicher\u00a0 finden Sie auf den folgenden Seiten die Informationen, die Sie suchen. Alles, was Sie hier sehen, sind nur Ideen und Vorschl\u00e4ge bzw. Arbeiten, die schon ausgef\u00fchrt worden sind. Gerne geben wir Ihnen Anregungen oder sehen es als Herausforderung an, Ihre individuellen W\u00fcnsche zu verwirklichen. Wenn Sie die beste Beratung, Planung und Umsetzung Ihrer W\u00fcnsche wollen,<span class=\"ellipsis\">&hellip;<\/span><\/p>\n<div class=\"read-more\"><a href=\"https:\/\/grupo-aligator.com\/de\/cristaleria-aligator\/\">Read More&#8230;<\/a><\/div>\n<p><!-- end of .read-more --><\/p>\n","protected":false},"author":1,"featured_media":0,"parent":0,"menu_order":0,"comment_status":"closed","ping_status":"closed","template":"category-page.php","meta":[],"yoast_head":"<!-- This site is optimized with the Yoast SEO plugin v19.11 - https:\/\/yoast.com\/wordpress\/plugins\/seo\/ -->\n<title>Glasprodukte Mijas, Tarifa, Malaga, Marbella, Torrox - Cristaleria Aligator<\/title>\n<meta name=\"description\" content=\"Glasprodukte Mijas, Tarifa, Malaga, Marbella, Torrox - Cristaleria Aligator Wintergarten und Terrassenverglasung auch in Sotogrande Costa del Sol Andalusien\" \/>\n<meta name=\"robots\" content=\"index, follow, max-snippet:-1, max-image-preview:large, max-video-preview:-1\" \/>\n<link rel=\"canonical\" href=\"https:\/\/grupo-aligator.com\/de\/cristaleria-aligator\/\" \/>\n<meta property=\"og:locale\" content=\"de_DE\" \/>\n<meta property=\"og:type\" content=\"article\" \/>\n<meta property=\"og:title\" content=\"Glasprodukte Mijas, Tarifa, Malaga, Marbella, Torrox - Cristaleria Aligator\" \/>\n<meta property=\"og:description\" content=\"Glasprodukte Mijas, Tarifa, Malaga, Marbella, Torrox - Cristaleria Aligator Wintergarten und Terrassenverglasung auch in Sotogrande Costa del Sol Andalusien\" \/>\n<meta property=\"og:url\" content=\"https:\/\/grupo-aligator.com\/de\/cristaleria-aligator\/\" \/>\n<meta property=\"article:modified_time\" content=\"2019-12-13T02:21:15+00:00\" \/>\n<meta name=\"twitter:card\" content=\"summary_large_image\" \/>\n<meta name=\"twitter:label1\" content=\"Gesch\u00e4tzte Lesezeit\" \/>\n\t<meta name=\"twitter:data1\" content=\"1\u00a0Minute\" \/>\n<script type=\"application\/ld+json\" class=\"yoast-schema-graph\">{\"@context\":\"https:\/\/schema.org\",\"@graph\":[{\"@type\":\"WebPage\",\"@id\":\"https:\/\/grupo-aligator.com\/de\/cristaleria-aligator\/\",\"url\":\"https:\/\/grupo-aligator.com\/de\/cristaleria-aligator\/\",\"name\":\"Glasprodukte Mijas, Tarifa, Malaga, Marbella, Torrox - Cristaleria Aligator\",\"isPartOf\":{\"@id\":\"https:\/\/grupo-aligator.com\/de\/#website\"},\"datePublished\":\"2014-06-23T10:38:58+00:00\",\"dateModified\":\"2019-12-13T02:21:15+00:00\",\"description\":\"Glasprodukte Mijas, Tarifa, Malaga, Marbella, Torrox - Cristaleria Aligator Wintergarten und Terrassenverglasung auch in Sotogrande Costa del Sol Andalusien\",\"breadcrumb\":{\"@id\":\"https:\/\/grupo-aligator.com\/de\/cristaleria-aligator\/#breadcrumb\"},\"inLanguage\":\"de\",\"potentialAction\":[{\"@type\":\"ReadAction\",\"target\":[\"https:\/\/grupo-aligator.com\/de\/cristaleria-aligator\/\"]}]},{\"@type\":\"BreadcrumbList\",\"@id\":\"https:\/\/grupo-aligator.com\/de\/cristaleria-aligator\/#breadcrumb\",\"itemListElement\":[{\"@type\":\"ListItem\",\"position\":1,\"name\":\"Home\",\"item\":\"https:\/\/grupo-aligator.com\/de\/\"},{\"@type\":\"ListItem\",\"position\":2,\"name\":\"Cristaleria Aligator\"}]},{\"@type\":\"WebSite\",\"@id\":\"https:\/\/grupo-aligator.com\/de\/#website\",\"url\":\"https:\/\/grupo-aligator.com\/de\/\",\"name\":\"\",\"description\":\"\",\"publisher\":{\"@id\":\"https:\/\/grupo-aligator.com\/de\/#organization\"},\"potentialAction\":[{\"@type\":\"SearchAction\",\"target\":{\"@type\":\"EntryPoint\",\"urlTemplate\":\"https:\/\/grupo-aligator.com\/de\/?s={search_term_string}\"},\"query-input\":\"required name=search_term_string\"}],\"inLanguage\":\"de\"},{\"@type\":\"Organization\",\"@id\":\"https:\/\/grupo-aligator.com\/de\/#organization\",\"name\":\"Cristaleria Aligator S.L.\",\"url\":\"https:\/\/grupo-aligator.com\/de\/\",\"logo\":{\"@type\":\"ImageObject\",\"inLanguage\":\"de\",\"@id\":\"https:\/\/grupo-aligator.com\/de\/#\/schema\/logo\/image\/\",\"url\":\"http:\/\/grupo-aligator.com\/wp-content\/uploads\/2019\/11\/aligator-logo-de.png\",\"contentUrl\":\"http:\/\/grupo-aligator.com\/wp-content\/uploads\/2019\/11\/aligator-logo-de.png\",\"width\":150,\"height\":160,\"caption\":\"Cristaleria Aligator S.L.\"},\"image\":{\"@id\":\"https:\/\/grupo-aligator.com\/de\/#\/schema\/logo\/image\/\"}}]}<\/script>\n<!-- \/ Yoast SEO plugin. -->","yoast_head_json":{"title":"Glasprodukte Mijas, Tarifa, Malaga, Marbella, Torrox - Cristaleria Aligator","description":"Glasprodukte Mijas, Tarifa, Malaga, Marbella, Torrox - Cristaleria Aligator Wintergarten und Terrassenverglasung auch in Sotogrande Costa del Sol Andalusien","robots":{"index":"index","follow":"follow","max-snippet":"max-snippet:-1","max-image-preview":"max-image-preview:large","max-video-preview":"max-video-preview:-1"},"canonical":"https:\/\/grupo-aligator.com\/de\/cristaleria-aligator\/","og_locale":"de_DE","og_type":"article","og_title":"Glasprodukte Mijas, Tarifa, Malaga, Marbella, Torrox - Cristaleria Aligator","og_description":"Glasprodukte Mijas, Tarifa, Malaga, Marbella, Torrox - Cristaleria Aligator Wintergarten und Terrassenverglasung auch in Sotogrande Costa del Sol Andalusien","og_url":"https:\/\/grupo-aligator.com\/de\/cristaleria-aligator\/","article_modified_time":"2019-12-13T02:21:15+00:00","twitter_card":"summary_large_image","twitter_misc":{"Gesch\u00e4tzte Lesezeit":"1\u00a0Minute"},"schema":{"@context":"https:\/\/schema.org","@graph":[{"@type":"WebPage","@id":"https:\/\/grupo-aligator.com\/de\/cristaleria-aligator\/","url":"https:\/\/grupo-aligator.com\/de\/cristaleria-aligator\/","name":"Glasprodukte Mijas, Tarifa, Malaga, Marbella, Torrox - Cristaleria Aligator","isPartOf":{"@id":"https:\/\/grupo-aligator.com\/de\/#website"},"datePublished":"2014-06-23T10:38:58+00:00","dateModified":"2019-12-13T02:21:15+00:00","description":"Glasprodukte Mijas, Tarifa, Malaga, Marbella, Torrox - Cristaleria Aligator Wintergarten und Terrassenverglasung auch in Sotogrande Costa del Sol Andalusien","breadcrumb":{"@id":"https:\/\/grupo-aligator.com\/de\/cristaleria-aligator\/#breadcrumb"},"inLanguage":"de","potentialAction":[{"@type":"ReadAction","target":["https:\/\/grupo-aligator.com\/de\/cristaleria-aligator\/"]}]},{"@type":"BreadcrumbList","@id":"https:\/\/grupo-aligator.com\/de\/cristaleria-aligator\/#breadcrumb","itemListElement":[{"@type":"ListItem","position":1,"name":"Home","item":"https:\/\/grupo-aligator.com\/de\/"},{"@type":"ListItem","position":2,"name":"Cristaleria Aligator"}]},{"@type":"WebSite","@id":"https:\/\/grupo-aligator.com\/de\/#website","url":"https:\/\/grupo-aligator.com\/de\/","name":"","description":"","publisher":{"@id":"https:\/\/grupo-aligator.com\/de\/#organization"},"potentialAction":[{"@type":"SearchAction","target":{"@type":"EntryPoint","urlTemplate":"https:\/\/grupo-aligator.com\/de\/?s={search_term_string}"},"query-input":"required name=search_term_string"}],"inLanguage":"de"},{"@type":"Organization","@id":"https:\/\/grupo-aligator.com\/de\/#organization","name":"Cristaleria Aligator S.L.","url":"https:\/\/grupo-aligator.com\/de\/","logo":{"@type":"ImageObject","inLanguage":"de","@id":"https:\/\/grupo-aligator.com\/de\/#\/schema\/logo\/image\/","url":"http:\/\/grupo-aligator.com\/wp-content\/uploads\/2019\/11\/aligator-logo-de.png","contentUrl":"http:\/\/grupo-aligator.com\/wp-content\/uploads\/2019\/11\/aligator-logo-de.png","width":150,"height":160,"caption":"Cristaleria Aligator S.L."},"image":{"@id":"https:\/\/grupo-aligator.com\/de\/#\/schema\/logo\/image\/"}}]}},"_links":{"self":[{"href":"https:\/\/grupo-aligator.com\/de\/wp-json\/wp\/v2\/pages\/1341"}],"collection":[{"href":"https:\/\/grupo-aligator.com\/de\/wp-json\/wp\/v2\/pages"}],"about":[{"href":"https:\/\/grupo-aligator.com\/de\/wp-json\/wp\/v2\/types\/page"}],"author":[{"embeddable":true,"href":"https:\/\/grupo-aligator.com\/de\/wp-json\/wp\/v2\/users\/1"}],"replies":[{"embeddable":true,"href":"https:\/\/grupo-aligator.com\/de\/wp-json\/wp\/v2\/comments?post=1341"}],"version-history":[{"count":35,"href":"https:\/\/grupo-aligator.com\/de\/wp-json\/wp\/v2\/pages\/1341\/revisions"}],"predecessor-version":[{"id":7293,"href":"https:\/\/grupo-aligator.com\/de\/wp-json\/wp\/v2\/pages\/1341\/revisions\/7293"}],"wp:attachment":[{"href":"https:\/\/grupo-aligator.com\/de\/wp-json\/wp\/v2\/media?parent=1341"}],"curies":[{"name":"wp","href":"https:\/\/api.w.org\/{rel}","templated":true}]}}